{"id":38576,"date":"2023-03-11T13:57:12","date_gmt":"2023-03-11T12:57:12","guid":{"rendered":"https:\/\/prestige-e.com\/product\/horloge-lcd-a-grand-ecran\/"},"modified":"2025-11-27T13:26:53","modified_gmt":"2025-11-27T12:26:53","slug":"horloge-lcd-a-grand-ecran","status":"publish","type":"product","link":"https:\/\/prestige-e.com\/fr\/produit\/horloge-lcd-a-grand-ecran\/","title":{"rendered":"Horloge LCD \u00e0 grand \u00e9cran"},"content":{"rendered":"","protected":false},"excerpt":{"rendered":"<p>Tire-bouchon \u00e9lectrique \u00e0 piles, actionn\u00e9 par simple pression d&rsquo;un bouton. 4 piles AA incluses. Emball\u00e9 dans un coffret cadeau.  <\/p>\n<p><strong><u>Dimension<\/u><\/strong> : 8,8 x 8,5 x 8,5 cm<\/p>\n<p><strong><u>Mat\u00e9riau<\/u><\/strong> : ABS<\/p>\n","protected":false},"featured_media":38577,"comment_status":"closed","ping_status":"closed","template":"","meta":{"inline_featured_image":false},"product_brand":[],"product_cat":[175,214,174,152],"product_tag":[],"class_list":{"0":"post-38576","1":"product","2":"type-product","3":"status-publish","4":"has-post-thumbnail","6":"product_cat-appareils-art-de-vivre","7":"product_cat-appareils-ecologie","8":"product_cat-art-de-vivre","9":"product_cat-ecologie","11":"first","12":"instock","13":"shipping-taxable","14":"purchasable","15":"product-type-simple"},"aioseo_notices":[],"_links":{"self":[{"href":"https:\/\/prestige-e.com\/fr\/wp-json\/wp\/v2\/product\/38576","targetHints":{"allow":["GET"]}}],"collection":[{"href":"https:\/\/prestige-e.com\/fr\/wp-json\/wp\/v2\/product"}],"about":[{"href":"https:\/\/prestige-e.com\/fr\/wp-json\/wp\/v2\/types\/product"}],"replies":[{"embeddable":true,"href":"https:\/\/prestige-e.com\/fr\/wp-json\/wp\/v2\/comments?post=38576"}],"wp:featuredmedia":[{"embeddable":true,"href":"https:\/\/prestige-e.com\/fr\/wp-json\/wp\/v2\/media\/38577"}],"wp:attachment":[{"href":"https:\/\/prestige-e.com\/fr\/wp-json\/wp\/v2\/media?parent=38576"}],"wp:term":[{"taxonomy":"product_brand","embeddable":true,"href":"https:\/\/prestige-e.com\/fr\/wp-json\/wp\/v2\/product_brand?post=38576"},{"taxonomy":"product_cat","embeddable":true,"href":"https:\/\/prestige-e.com\/fr\/wp-json\/wp\/v2\/product_cat?post=38576"},{"taxonomy":"product_tag","embeddable":true,"href":"https:\/\/prestige-e.com\/fr\/wp-json\/wp\/v2\/product_tag?post=38576"}],"curies":[{"name":"wp","href":"https:\/\/api.w.org\/{rel}","templated":true}]}}