{"id":38571,"date":"2023-03-11T14:16:51","date_gmt":"2023-03-11T13:16:51","guid":{"rendered":"https:\/\/prestige-e.com\/product\/pointeur-laser-de-presentation-decolf\/"},"modified":"2025-11-27T13:26:51","modified_gmt":"2025-11-27T12:26:51","slug":"pointeur-laser-de-presentation-decolf","status":"publish","type":"product","link":"https:\/\/prestige-e.com\/fr\/produit\/pointeur-laser-de-presentation-decolf\/","title":{"rendered":"Pointeur laser de pr\u00e9sentation Decolf"},"content":{"rendered":"","protected":false},"excerpt":{"rendered":"<p>Pointeur laser sans fil pour pr\u00e9sentations. De conception ergonomique, il comprend un accessoire plug &amp; play pour le connecter au port USB de l&rsquo;ordinateur, sans installation de logiciel suppl\u00e9mentaire pour son bon fonctionnement. Compatible avec plusieurs syst\u00e8mes d&rsquo;exploitation (Windows, OS X, Linux et Android). Avec boutons avant\/pause\/arri\u00e8re\/volume et fonctionne sur piles (2xAAA incluses). Pr\u00e9sent\u00e9 dans un \u00e9l\u00e9gant et r\u00e9sistant \u00e9tui en carton noir, avec d\u00e9coupe en mousse \u00e0 l&rsquo;int\u00e9rieur. Manuel d&rsquo;instructions en anglais et en espagnol.     <\/p>\n<p>Sans fil. Connexion USB. 2 piles AAA\/R03 incluses  <\/p>\n<p><strong><u>Dimension<\/u><\/strong> : 3,2 x 12,2 x 2,4 cm<\/p>\n","protected":false},"featured_media":38574,"comment_status":"closed","ping_status":"closed","template":"","meta":{"inline_featured_image":false},"product_brand":[],"product_cat":[226],"product_tag":[],"class_list":{"0":"post-38571","1":"product","2":"type-product","3":"status-publish","4":"has-post-thumbnail","6":"product_cat-appareils-bureau","8":"first","9":"instock","10":"shipping-taxable","11":"purchasable","12":"product-type-simple"},"aioseo_notices":[],"_links":{"self":[{"href":"https:\/\/prestige-e.com\/fr\/wp-json\/wp\/v2\/product\/38571","targetHints":{"allow":["GET"]}}],"collection":[{"href":"https:\/\/prestige-e.com\/fr\/wp-json\/wp\/v2\/product"}],"about":[{"href":"https:\/\/prestige-e.com\/fr\/wp-json\/wp\/v2\/types\/product"}],"replies":[{"embeddable":true,"href":"https:\/\/prestige-e.com\/fr\/wp-json\/wp\/v2\/comments?post=38571"}],"wp:featuredmedia":[{"embeddable":true,"href":"https:\/\/prestige-e.com\/fr\/wp-json\/wp\/v2\/media\/38574"}],"wp:attachment":[{"href":"https:\/\/prestige-e.com\/fr\/wp-json\/wp\/v2\/media?parent=38571"}],"wp:term":[{"taxonomy":"product_brand","embeddable":true,"href":"https:\/\/prestige-e.com\/fr\/wp-json\/wp\/v2\/product_brand?post=38571"},{"taxonomy":"product_cat","embeddable":true,"href":"https:\/\/prestige-e.com\/fr\/wp-json\/wp\/v2\/product_cat?post=38571"},{"taxonomy":"product_tag","embeddable":true,"href":"https:\/\/prestige-e.com\/fr\/wp-json\/wp\/v2\/product_tag?post=38571"}],"curies":[{"name":"wp","href":"https:\/\/api.w.org\/{rel}","templated":true}]}}