{"id":38564,"date":"2023-03-11T14:15:12","date_gmt":"2023-03-11T13:15:12","guid":{"rendered":"https:\/\/prestige-e.com\/product\/chargeur-organiseur\/"},"modified":"2025-11-27T13:26:52","modified_gmt":"2025-11-27T12:26:52","slug":"chargeur-organiseur","status":"publish","type":"product","link":"https:\/\/prestige-e.com\/fr\/produit\/chargeur-organiseur\/","title":{"rendered":"Chargeur organiseur"},"content":{"rendered":"","protected":false},"excerpt":{"rendered":"<p>Chargeur organiseur avec support pour smartphone et chargeur sans fil int\u00e9gr\u00e9 de 10W, compatible avec les appareils \u00e9quip\u00e9s de la technologie de charge sans fil Qi. Avec 3 compartiments de rangement transparents et amovibles. Indicateur de statut de charge, avec c\u00e2ble de charge Type C de 1m inclus. Base antid\u00e9rapante et pr\u00e9sent\u00e9 dans une bo\u00eete individuelle en kraft, avec un manuel d&rsquo;instructions en espagnol et en anglais. Fabriqu\u00e9 conform\u00e9ment aux normes RoHS et en conformit\u00e9 avec les exigences de s\u00e9curit\u00e9 suivantes : Syst\u00e8me de protection contre la surchauffe. Syst\u00e8me de protection contre la surcharge. Syst\u00e8me de blocage pour \u00e9viter les courts-circuits. Sans fil 10W      <\/p>\n<p><strong>Minimum order quantity required for this product:<\/strong><\/p>\n","protected":false},"featured_media":38569,"comment_status":"closed","ping_status":"closed","template":"","meta":{"inline_featured_image":false},"product_brand":[],"product_cat":[146],"product_tag":[],"class_list":{"0":"post-38564","1":"product","2":"type-product","3":"status-publish","4":"has-post-thumbnail","6":"product_cat-articles-de-bureau","8":"first","9":"instock","10":"shipping-taxable","11":"purchasable","12":"product-type-simple"},"aioseo_notices":[],"_links":{"self":[{"href":"https:\/\/prestige-e.com\/fr\/wp-json\/wp\/v2\/product\/38564","targetHints":{"allow":["GET"]}}],"collection":[{"href":"https:\/\/prestige-e.com\/fr\/wp-json\/wp\/v2\/product"}],"about":[{"href":"https:\/\/prestige-e.com\/fr\/wp-json\/wp\/v2\/types\/product"}],"replies":[{"embeddable":true,"href":"https:\/\/prestige-e.com\/fr\/wp-json\/wp\/v2\/comments?post=38564"}],"wp:featuredmedia":[{"embeddable":true,"href":"https:\/\/prestige-e.com\/fr\/wp-json\/wp\/v2\/media\/38569"}],"wp:attachment":[{"href":"https:\/\/prestige-e.com\/fr\/wp-json\/wp\/v2\/media?parent=38564"}],"wp:term":[{"taxonomy":"product_brand","embeddable":true,"href":"https:\/\/prestige-e.com\/fr\/wp-json\/wp\/v2\/product_brand?post=38564"},{"taxonomy":"product_cat","embeddable":true,"href":"https:\/\/prestige-e.com\/fr\/wp-json\/wp\/v2\/product_cat?post=38564"},{"taxonomy":"product_tag","embeddable":true,"href":"https:\/\/prestige-e.com\/fr\/wp-json\/wp\/v2\/product_tag?post=38564"}],"curies":[{"name":"wp","href":"https:\/\/api.w.org\/{rel}","templated":true}]}}