{"id":38552,"date":"2023-03-11T14:11:56","date_gmt":"2023-03-11T13:11:56","guid":{"rendered":"https:\/\/prestige-e.com\/product\/horloge-multifonction\/"},"modified":"2025-11-27T13:26:52","modified_gmt":"2025-11-27T12:26:52","slug":"horloge-multifonction","status":"publish","type":"product","link":"https:\/\/prestige-e.com\/fr\/produit\/horloge-multifonction\/","title":{"rendered":"Horloge multifonction"},"content":{"rendered":"","protected":false},"excerpt":{"rendered":"<p>Horloge multifonction avec \u00e9cran tactile r\u00e9tro\u00e9clair\u00e9 et chargeur sans fil 15W int\u00e9gr\u00e9, avec sortie USB (5V DC 2A). Pliable et fabriqu\u00e9e en bambou, avec fonctions date\/heure et alarme. Lampe avec 16 LED et 3 positions d&rsquo;\u00e9clairage, avec intensit\u00e9 lumineuse r\u00e9glable. C\u00e2ble de charge Type C inclus et compatible avec les appareils \u00e9quip\u00e9s de la technologie de charge sans fil Qi. Pr\u00e9sent\u00e9e dans une bo\u00eete individuelle en carton kraft design, avec manuel d&rsquo;instructions en anglais et espagnol.<br \/>\nFabriqu\u00e9e selon les normes RoHS et en conformit\u00e9 avec les exigences de s\u00e9curit\u00e9 suivantes :<br \/>\nSyst\u00e8me de protection contre la surchauffe.<br \/>\nSyst\u00e8me de protection contre la surcharge.<br \/>\nSyst\u00e8me de blocage pour \u00e9viter les courts-circuits.<br \/>\nLampe 16 LED. Pliable. 3 modes d&rsquo;\u00e9clairage. Luminosit\u00e9 r\u00e9glable. Chargeur sans fil 15W. Sortie USB. Connexion USB          <\/p>\n<p><strong><u>Dimension<\/u><\/strong> : 18 x 24 x 8 cm<\/p>\n<p>Mat\u00e9riau: Bambou et ABS<\/p>\n","protected":false},"featured_media":38559,"comment_status":"closed","ping_status":"closed","template":"","meta":{"inline_featured_image":false},"product_brand":[],"product_cat":[226,214,152],"product_tag":[],"class_list":{"0":"post-38552","1":"product","2":"type-product","3":"status-publish","4":"has-post-thumbnail","6":"product_cat-appareils-bureau","7":"product_cat-appareils-ecologie","8":"product_cat-ecologie","10":"first","11":"instock","12":"shipping-taxable","13":"purchasable","14":"product-type-simple"},"aioseo_notices":[],"_links":{"self":[{"href":"https:\/\/prestige-e.com\/fr\/wp-json\/wp\/v2\/product\/38552","targetHints":{"allow":["GET"]}}],"collection":[{"href":"https:\/\/prestige-e.com\/fr\/wp-json\/wp\/v2\/product"}],"about":[{"href":"https:\/\/prestige-e.com\/fr\/wp-json\/wp\/v2\/types\/product"}],"replies":[{"embeddable":true,"href":"https:\/\/prestige-e.com\/fr\/wp-json\/wp\/v2\/comments?post=38552"}],"wp:featuredmedia":[{"embeddable":true,"href":"https:\/\/prestige-e.com\/fr\/wp-json\/wp\/v2\/media\/38559"}],"wp:attachment":[{"href":"https:\/\/prestige-e.com\/fr\/wp-json\/wp\/v2\/media?parent=38552"}],"wp:term":[{"taxonomy":"product_brand","embeddable":true,"href":"https:\/\/prestige-e.com\/fr\/wp-json\/wp\/v2\/product_brand?post=38552"},{"taxonomy":"product_cat","embeddable":true,"href":"https:\/\/prestige-e.com\/fr\/wp-json\/wp\/v2\/product_cat?post=38552"},{"taxonomy":"product_tag","embeddable":true,"href":"https:\/\/prestige-e.com\/fr\/wp-json\/wp\/v2\/product_tag?post=38552"}],"curies":[{"name":"wp","href":"https:\/\/api.w.org\/{rel}","templated":true}]}}