{"id":38549,"date":"2024-07-21T18:35:26","date_gmt":"2024-07-21T16:35:26","guid":{"rendered":"https:\/\/prestige-e.com\/product\/island-veste-impermeable\/"},"modified":"2025-11-27T13:26:26","modified_gmt":"2025-11-27T12:26:26","slug":"island-veste-impermeable","status":"publish","type":"product","link":"https:\/\/prestige-e.com\/fr\/produit\/island-veste-impermeable\/","title":{"rendered":"Island &#8211; veste imperm\u00e9able"},"content":{"rendered":"","protected":false},"excerpt":{"rendered":"<p>Veste imperm\u00e9able dot\u00e9e d&rsquo;un col montant et d&rsquo;une capuche amovible ajustable par cordon. Fermeture \u00e9clair assortie sur le devant. Poches lat\u00e9rales zipp\u00e9es prot\u00e9g\u00e9es par un rabat dans le m\u00eame tissu. Poignets \u00e9lastiques. Ourlet avec cordon de serrage interne ajustable. Sangle \u00e9lastique \u00e0 l&rsquo;int\u00e9rieur de la poche pour le pliage et le rangement.     <\/p>\n<p><strong><u>Mati\u00e8re<\/u><\/strong> : 100 % taffetas polyester, 70 g\/m\u00b2<\/p>\n","protected":false},"featured_media":38551,"comment_status":"closed","ping_status":"closed","template":"","meta":{"inline_featured_image":false},"product_brand":[],"product_cat":[154,148],"product_tag":[],"class_list":{"0":"post-38549","1":"product","2":"type-product","3":"status-publish","4":"has-post-thumbnail","6":"product_cat-hiver-mode","7":"product_cat-mode","9":"first","10":"instock","11":"shipping-taxable","12":"purchasable","13":"product-type-simple"},"aioseo_notices":[],"_links":{"self":[{"href":"https:\/\/prestige-e.com\/fr\/wp-json\/wp\/v2\/product\/38549","targetHints":{"allow":["GET"]}}],"collection":[{"href":"https:\/\/prestige-e.com\/fr\/wp-json\/wp\/v2\/product"}],"about":[{"href":"https:\/\/prestige-e.com\/fr\/wp-json\/wp\/v2\/types\/product"}],"replies":[{"embeddable":true,"href":"https:\/\/prestige-e.com\/fr\/wp-json\/wp\/v2\/comments?post=38549"}],"wp:featuredmedia":[{"embeddable":true,"href":"https:\/\/prestige-e.com\/fr\/wp-json\/wp\/v2\/media\/38551"}],"wp:attachment":[{"href":"https:\/\/prestige-e.com\/fr\/wp-json\/wp\/v2\/media?parent=38549"}],"wp:term":[{"taxonomy":"product_brand","embeddable":true,"href":"https:\/\/prestige-e.com\/fr\/wp-json\/wp\/v2\/product_brand?post=38549"},{"taxonomy":"product_cat","embeddable":true,"href":"https:\/\/prestige-e.com\/fr\/wp-json\/wp\/v2\/product_cat?post=38549"},{"taxonomy":"product_tag","embeddable":true,"href":"https:\/\/prestige-e.com\/fr\/wp-json\/wp\/v2\/product_tag?post=38549"}],"curies":[{"name":"wp","href":"https:\/\/api.w.org\/{rel}","templated":true}]}}