{"id":38546,"date":"2023-03-15T09:43:10","date_gmt":"2023-03-15T08:43:10","guid":{"rendered":"https:\/\/prestige-e.com\/product\/imperial-lsl-enfants\/"},"modified":"2025-11-27T13:26:27","modified_gmt":"2025-11-27T12:26:27","slug":"imperial-lsl-enfants","status":"publish","type":"product","link":"https:\/\/prestige-e.com\/fr\/produit\/imperial-lsl-enfants\/","title":{"rendered":"Imperial LSL enfants"},"content":{"rendered":"","protected":false},"excerpt":{"rendered":"<p>T-shirt SOL&rsquo;S IMPERIAL enfants 190g. Bande de propret\u00e9 au col. Col c\u00f4tel\u00e9 \u00e9lasthanne. Col rond. Manches longues. Coup\u00e9 cousu. D\u00e9tails du tissu : 100 % coton ringspun semi-peign\u00e9. Pour conna\u00eetre les correspondances de tailles, veuillez consulter le tableau des tailles dans la section documentation produit.       <\/p>\n<p><strong><u>Mati\u00e8re<\/u><\/strong> : 100 % coton ringspun semi-peign\u00e9, 190gr\/m\u00b2<\/p>\n","protected":false},"featured_media":38547,"comment_status":"closed","ping_status":"closed","template":"","meta":{"inline_featured_image":false},"product_brand":[],"product_cat":[154,148],"product_tag":[],"class_list":{"0":"post-38546","1":"product","2":"type-product","3":"status-publish","4":"has-post-thumbnail","6":"product_cat-hiver-mode","7":"product_cat-mode","9":"first","10":"instock","11":"shipping-taxable","12":"purchasable","13":"product-type-simple"},"aioseo_notices":[],"_links":{"self":[{"href":"https:\/\/prestige-e.com\/fr\/wp-json\/wp\/v2\/product\/38546","targetHints":{"allow":["GET"]}}],"collection":[{"href":"https:\/\/prestige-e.com\/fr\/wp-json\/wp\/v2\/product"}],"about":[{"href":"https:\/\/prestige-e.com\/fr\/wp-json\/wp\/v2\/types\/product"}],"replies":[{"embeddable":true,"href":"https:\/\/prestige-e.com\/fr\/wp-json\/wp\/v2\/comments?post=38546"}],"wp:featuredmedia":[{"embeddable":true,"href":"https:\/\/prestige-e.com\/fr\/wp-json\/wp\/v2\/media\/38547"}],"wp:attachment":[{"href":"https:\/\/prestige-e.com\/fr\/wp-json\/wp\/v2\/media?parent=38546"}],"wp:term":[{"taxonomy":"product_brand","embeddable":true,"href":"https:\/\/prestige-e.com\/fr\/wp-json\/wp\/v2\/product_brand?post=38546"},{"taxonomy":"product_cat","embeddable":true,"href":"https:\/\/prestige-e.com\/fr\/wp-json\/wp\/v2\/product_cat?post=38546"},{"taxonomy":"product_tag","embeddable":true,"href":"https:\/\/prestige-e.com\/fr\/wp-json\/wp\/v2\/product_tag?post=38546"}],"curies":[{"name":"wp","href":"https:\/\/api.w.org\/{rel}","templated":true}]}}