{"id":38538,"date":"2023-03-15T09:32:29","date_gmt":"2023-03-15T08:32:29","guid":{"rendered":"https:\/\/prestige-e.com\/product\/peignoir-vinga-harper-t-xl\/"},"modified":"2025-11-27T13:26:27","modified_gmt":"2025-11-27T12:26:27","slug":"peignoir-vinga-harper-t-xl","status":"publish","type":"product","link":"https:\/\/prestige-e.com\/fr\/produit\/peignoir-vinga-harper-t-xl\/","title":{"rendered":"Peignoir VINGA Harper T\/XL"},"content":{"rendered":"","protected":false},"excerpt":{"rendered":"<p>Peignoir luxueux en 100% coton. Ce peignoir est un mod\u00e8le classique avec un col extra large et une ceinture \u00e0 la taille. Il pr\u00e9sente \u00e9galement plusieurs d\u00e9tails raffin\u00e9s, tels que des coutures invisibles et un passepoil contrastant sur le col. Fabriqu\u00e9 \u00e0 partir de fibres de coton longues avec des fils non torsad\u00e9s. Le r\u00e9sultat est un peignoir incroyablement doux que vous ne voudrez plus jamais enlever.    <\/p>\n<p><strong><u>Dimensions<\/u><\/strong> : 40 x 28 x 12 cm<\/p>\n<p><strong><u>Mat\u00e9riau<\/u><\/strong> : coton<\/p>\n","protected":false},"featured_media":38539,"comment_status":"closed","ping_status":"closed","template":"","meta":{"inline_featured_image":false},"product_brand":[],"product_cat":[171,148],"product_tag":[],"class_list":{"0":"post-38538","1":"product","2":"type-product","3":"status-publish","4":"has-post-thumbnail","6":"product_cat-accessoires-mode","7":"product_cat-mode","9":"first","10":"instock","11":"shipping-taxable","12":"purchasable","13":"product-type-simple"},"aioseo_notices":[],"_links":{"self":[{"href":"https:\/\/prestige-e.com\/fr\/wp-json\/wp\/v2\/product\/38538","targetHints":{"allow":["GET"]}}],"collection":[{"href":"https:\/\/prestige-e.com\/fr\/wp-json\/wp\/v2\/product"}],"about":[{"href":"https:\/\/prestige-e.com\/fr\/wp-json\/wp\/v2\/types\/product"}],"replies":[{"embeddable":true,"href":"https:\/\/prestige-e.com\/fr\/wp-json\/wp\/v2\/comments?post=38538"}],"wp:featuredmedia":[{"embeddable":true,"href":"https:\/\/prestige-e.com\/fr\/wp-json\/wp\/v2\/media\/38539"}],"wp:attachment":[{"href":"https:\/\/prestige-e.com\/fr\/wp-json\/wp\/v2\/media?parent=38538"}],"wp:term":[{"taxonomy":"product_brand","embeddable":true,"href":"https:\/\/prestige-e.com\/fr\/wp-json\/wp\/v2\/product_brand?post=38538"},{"taxonomy":"product_cat","embeddable":true,"href":"https:\/\/prestige-e.com\/fr\/wp-json\/wp\/v2\/product_cat?post=38538"},{"taxonomy":"product_tag","embeddable":true,"href":"https:\/\/prestige-e.com\/fr\/wp-json\/wp\/v2\/product_tag?post=38538"}],"curies":[{"name":"wp","href":"https:\/\/api.w.org\/{rel}","templated":true}]}}