{"id":38535,"date":"2023-03-15T09:26:23","date_gmt":"2023-03-15T08:26:23","guid":{"rendered":"https:\/\/prestige-e.com\/product\/bonnet-impact-aware-en-polylana\/"},"modified":"2025-11-27T13:26:28","modified_gmt":"2025-11-27T12:26:28","slug":"bonnet-impact-aware-en-polylana","status":"publish","type":"product","link":"https:\/\/prestige-e.com\/fr\/produit\/bonnet-impact-aware-en-polylana\/","title":{"rendered":"Bonnet Impact AWARE\u2122 en polylana\u00ae"},"content":{"rendered":"","protected":false},"excerpt":{"rendered":"<p>Un bonnet classique \u00e0 revers pour un look d\u00e9contract\u00e9 et une sensation de confort, adapt\u00e9 \u00e0 tous, qui vous gardera au chaud par temps froid. Pas d&rsquo;\u00e9coblanchiment, mais un r\u00e9cit authentique sur la durabilit\u00e9 ! Cette collection Impact est fabriqu\u00e9e avec le traceur AWARE\u2122. Avec AWARE\u2122, l&rsquo;utilisation de mat\u00e9riaux textiles durables authentiques et les all\u00e9gations concernant la r\u00e9duction de l&rsquo;impact sur l&rsquo;eau sont garanties, gr\u00e2ce \u00e0 l&rsquo;utilisation du traceur physique disruptif AWARE et de la technologie blockchain. \u00c9conomisez l&rsquo;eau et utilisez des tissus durables authentiques. En mettant l&rsquo;accent sur l&rsquo;eau, 2 % des recettes de chaque produit Impact vendu seront revers\u00e9s \u00e0 Water.org. Le bonnet utilise un fil Polylana\u00ae unique. Le Polylana\u00ae est fabriqu\u00e9 \u00e0 partir d&rsquo;un m\u00e9lange de mat\u00e9riaux vierges et recycl\u00e9s pour cr\u00e9er une fibre innovante aux caract\u00e9ristiques similaires \u00e0 celles de la fibre acrylique ou de laine. Le Polylana\u00ae est une alternative \u00e0 faible impact \u00e0 la fibre 100 % acrylique, utilisant moins d&rsquo;\u00e9nergie et d&rsquo;eau. Taille unique.         <\/p>\n<p><strong><u>Dimension<\/u><\/strong> : 23,5 x 21 cm<\/p>\n<p><strong><u>Mat\u00e9riau<\/u><\/strong> : acrylique<\/p>\n","protected":false},"featured_media":38537,"comment_status":"closed","ping_status":"closed","template":"","meta":{"inline_featured_image":false},"product_brand":[],"product_cat":[149,148],"product_tag":[],"class_list":{"0":"post-38535","1":"product","2":"type-product","3":"status-publish","4":"has-post-thumbnail","6":"product_cat-couvre-chefs-mode","7":"product_cat-mode","9":"first","10":"instock","11":"shipping-taxable","12":"purchasable","13":"product-type-simple"},"aioseo_notices":[],"_links":{"self":[{"href":"https:\/\/prestige-e.com\/fr\/wp-json\/wp\/v2\/product\/38535","targetHints":{"allow":["GET"]}}],"collection":[{"href":"https:\/\/prestige-e.com\/fr\/wp-json\/wp\/v2\/product"}],"about":[{"href":"https:\/\/prestige-e.com\/fr\/wp-json\/wp\/v2\/types\/product"}],"replies":[{"embeddable":true,"href":"https:\/\/prestige-e.com\/fr\/wp-json\/wp\/v2\/comments?post=38535"}],"wp:featuredmedia":[{"embeddable":true,"href":"https:\/\/prestige-e.com\/fr\/wp-json\/wp\/v2\/media\/38537"}],"wp:attachment":[{"href":"https:\/\/prestige-e.com\/fr\/wp-json\/wp\/v2\/media?parent=38535"}],"wp:term":[{"taxonomy":"product_brand","embeddable":true,"href":"https:\/\/prestige-e.com\/fr\/wp-json\/wp\/v2\/product_brand?post=38535"},{"taxonomy":"product_cat","embeddable":true,"href":"https:\/\/prestige-e.com\/fr\/wp-json\/wp\/v2\/product_cat?post=38535"},{"taxonomy":"product_tag","embeddable":true,"href":"https:\/\/prestige-e.com\/fr\/wp-json\/wp\/v2\/product_tag?post=38535"}],"curies":[{"name":"wp","href":"https:\/\/api.w.org\/{rel}","templated":true}]}}