{"id":38510,"date":"2023-03-15T08:34:53","date_gmt":"2023-03-15T07:34:53","guid":{"rendered":"https:\/\/prestige-e.com\/product\/mug-en-porcelaine\/"},"modified":"2025-11-27T13:26:29","modified_gmt":"2025-11-27T12:26:29","slug":"mug-en-porcelaine","status":"publish","type":"product","link":"https:\/\/prestige-e.com\/fr\/produit\/mug-en-porcelaine\/","title":{"rendered":"Mug en porcelaine"},"content":{"rendered":"","protected":false},"excerpt":{"rendered":"<p>Mug en porcelaine avec couvercle et anse en bambou. Capacit\u00e9 : 380 ml. Le bambou \u00e9tant un produit naturel, il peut y avoir de l\u00e9g\u00e8res variations de couleur et de taille par article, ce qui peut affecter le r\u00e9sultat final de la d\u00e9coration.  <\/p>\n<p><strong><u>Dimensions<\/u><\/strong> : 8,1 x 11,9 x 10,9 cm<\/p>\n<p><strong><u>Mat\u00e9riau<\/u><\/strong> : porcelaine c\u00e9ramique<\/p>\n","protected":false},"featured_media":38512,"comment_status":"closed","ping_status":"closed","template":"","meta":{"inline_featured_image":false},"product_brand":[],"product_cat":[174,213,188,152],"product_tag":[],"class_list":{"0":"post-38510","1":"product","2":"type-product","3":"status-publish","4":"has-post-thumbnail","6":"product_cat-art-de-vivre","7":"product_cat-bouteilles-mugs-ecologie","8":"product_cat-bouteilles-mugs-lifestyle","9":"product_cat-ecologie","11":"first","12":"instock","13":"shipping-taxable","14":"purchasable","15":"product-type-simple"},"aioseo_notices":[],"_links":{"self":[{"href":"https:\/\/prestige-e.com\/fr\/wp-json\/wp\/v2\/product\/38510","targetHints":{"allow":["GET"]}}],"collection":[{"href":"https:\/\/prestige-e.com\/fr\/wp-json\/wp\/v2\/product"}],"about":[{"href":"https:\/\/prestige-e.com\/fr\/wp-json\/wp\/v2\/types\/product"}],"replies":[{"embeddable":true,"href":"https:\/\/prestige-e.com\/fr\/wp-json\/wp\/v2\/comments?post=38510"}],"wp:featuredmedia":[{"embeddable":true,"href":"https:\/\/prestige-e.com\/fr\/wp-json\/wp\/v2\/media\/38512"}],"wp:attachment":[{"href":"https:\/\/prestige-e.com\/fr\/wp-json\/wp\/v2\/media?parent=38510"}],"wp:term":[{"taxonomy":"product_brand","embeddable":true,"href":"https:\/\/prestige-e.com\/fr\/wp-json\/wp\/v2\/product_brand?post=38510"},{"taxonomy":"product_cat","embeddable":true,"href":"https:\/\/prestige-e.com\/fr\/wp-json\/wp\/v2\/product_cat?post=38510"},{"taxonomy":"product_tag","embeddable":true,"href":"https:\/\/prestige-e.com\/fr\/wp-json\/wp\/v2\/product_tag?post=38510"}],"curies":[{"name":"wp","href":"https:\/\/api.w.org\/{rel}","templated":true}]}}