{"id":38498,"date":"2024-07-21T18:47:52","date_gmt":"2024-07-21T16:47:52","guid":{"rendered":"https:\/\/prestige-e.com\/product\/antares-veste-softshell-haute-visibilite-bicolore\/"},"modified":"2025-11-27T13:26:25","modified_gmt":"2025-11-27T12:26:25","slug":"antares-veste-softshell-haute-visibilite-bicolore","status":"publish","type":"product","link":"https:\/\/prestige-e.com\/fr\/produit\/antares-veste-softshell-haute-visibilite-bicolore\/","title":{"rendered":"Antares &#8211; veste softshell haute visibilit\u00e9 bicolore"},"content":{"rendered":"","protected":false},"excerpt":{"rendered":"<p>Veste softshell haute visibilit\u00e9 bicolore, 3 couches, d\u00e9perlante.<br \/>\nDeux bandes r\u00e9fl\u00e9chissantes sur le corps et sur les manches.<br \/>\nFermeture \u00e9clair avant invers\u00e9e.<br \/>\nDeux poches lat\u00e9rales zipp\u00e9es et une poche poitrine droite.<br \/>\nAjusteur \u00e9lastique sur l&rsquo;ourlet int\u00e9rieur inf\u00e9rieur.<br \/>\nPoignets ajustables par velcro.<br \/>\n\u00c9tiquette ext\u00e9rieure Roly WRK.<br \/>\nCycles de lavage : x25<\/p>\n<p><strong><u>Mati\u00e8re<\/u><\/strong> : Trois couches. Coque : 92 % polyester \/ 8 % \u00e9lasthanne. Doublure : 100 % polyester micropolaire, 320 g\/m\u00b2  <\/p>\n","protected":false},"featured_media":38499,"comment_status":"closed","ping_status":"closed","template":"","meta":{"inline_featured_image":false},"product_brand":[],"product_cat":[217,148],"product_tag":[],"class_list":{"0":"post-38498","1":"product","2":"type-product","3":"status-publish","4":"has-post-thumbnail","6":"product_cat-habits-de-travail-mode","7":"product_cat-mode","9":"first","10":"instock","11":"shipping-taxable","12":"purchasable","13":"product-type-simple"},"aioseo_notices":[],"_links":{"self":[{"href":"https:\/\/prestige-e.com\/fr\/wp-json\/wp\/v2\/product\/38498","targetHints":{"allow":["GET"]}}],"collection":[{"href":"https:\/\/prestige-e.com\/fr\/wp-json\/wp\/v2\/product"}],"about":[{"href":"https:\/\/prestige-e.com\/fr\/wp-json\/wp\/v2\/types\/product"}],"replies":[{"embeddable":true,"href":"https:\/\/prestige-e.com\/fr\/wp-json\/wp\/v2\/comments?post=38498"}],"wp:featuredmedia":[{"embeddable":true,"href":"https:\/\/prestige-e.com\/fr\/wp-json\/wp\/v2\/media\/38499"}],"wp:attachment":[{"href":"https:\/\/prestige-e.com\/fr\/wp-json\/wp\/v2\/media?parent=38498"}],"wp:term":[{"taxonomy":"product_brand","embeddable":true,"href":"https:\/\/prestige-e.com\/fr\/wp-json\/wp\/v2\/product_brand?post=38498"},{"taxonomy":"product_cat","embeddable":true,"href":"https:\/\/prestige-e.com\/fr\/wp-json\/wp\/v2\/product_cat?post=38498"},{"taxonomy":"product_tag","embeddable":true,"href":"https:\/\/prestige-e.com\/fr\/wp-json\/wp\/v2\/product_tag?post=38498"}],"curies":[{"name":"wp","href":"https:\/\/api.w.org\/{rel}","templated":true}]}}