{"id":38486,"date":"2024-07-22T09:06:50","date_gmt":"2024-07-22T07:06:50","guid":{"rendered":"https:\/\/prestige-e.com\/product\/conrad-sweat-shirt-unisexe-a-col-camionneur\/"},"modified":"2025-11-27T13:26:24","modified_gmt":"2025-11-27T12:26:24","slug":"conrad-sweat-shirt-unisexe-a-col-camionneur","status":"publish","type":"product","link":"https:\/\/prestige-e.com\/fr\/produit\/conrad-sweat-shirt-unisexe-a-col-camionneur\/","title":{"rendered":"Conrad &#8211; Sweat-shirt unisexe \u00e0 col camionneur"},"content":{"rendered":"","protected":false},"excerpt":{"rendered":"<p>SOL&rsquo;S CONRAD, Sweat-shirt avec col montant \u00e0 fermeture \u00e9clair 1\/4 80 % coton &#8211; 20 % polyester recycl\u00e9 certifi\u00e9 Grs Manches mont\u00e9es, coup\u00e9es et cousues, poignets et bas c\u00f4tel\u00e9s 1X1, col montant \u00e0 fermeture \u00e9clair 1\/4, fermeture \u00e9clair en plastique inject\u00e9 ton sur ton avec tirette en m\u00e9tal ton sur ton, demi-lune en jersey et bande de propret\u00e9 \u00e0 l&rsquo;int\u00e9rieur du col (1) Gris chin\u00e9 : 73 % coton \/ 20 % polyester recycl\u00e9 \/ 7 % viscose. Concernant la correspondance des tailles, veuillez consulter le tableau des tailles dans la section documentation du produit. <\/p>\n<p><strong><u>Mati\u00e8re<\/u><\/strong> : 80 % coton &#8211; 20 % polyester recycl\u00e9 certifi\u00e9 Grs, 280 g\/m\u00b2<\/p>\n","protected":false},"featured_media":38490,"comment_status":"closed","ping_status":"closed","template":"","meta":{"inline_featured_image":false},"product_brand":[],"product_cat":[154,148],"product_tag":[],"class_list":{"0":"post-38486","1":"product","2":"type-product","3":"status-publish","4":"has-post-thumbnail","6":"product_cat-hiver-mode","7":"product_cat-mode","9":"first","10":"instock","11":"shipping-taxable","12":"purchasable","13":"product-type-simple"},"aioseo_notices":[],"_links":{"self":[{"href":"https:\/\/prestige-e.com\/fr\/wp-json\/wp\/v2\/product\/38486","targetHints":{"allow":["GET"]}}],"collection":[{"href":"https:\/\/prestige-e.com\/fr\/wp-json\/wp\/v2\/product"}],"about":[{"href":"https:\/\/prestige-e.com\/fr\/wp-json\/wp\/v2\/types\/product"}],"replies":[{"embeddable":true,"href":"https:\/\/prestige-e.com\/fr\/wp-json\/wp\/v2\/comments?post=38486"}],"wp:featuredmedia":[{"embeddable":true,"href":"https:\/\/prestige-e.com\/fr\/wp-json\/wp\/v2\/media\/38490"}],"wp:attachment":[{"href":"https:\/\/prestige-e.com\/fr\/wp-json\/wp\/v2\/media?parent=38486"}],"wp:term":[{"taxonomy":"product_brand","embeddable":true,"href":"https:\/\/prestige-e.com\/fr\/wp-json\/wp\/v2\/product_brand?post=38486"},{"taxonomy":"product_cat","embeddable":true,"href":"https:\/\/prestige-e.com\/fr\/wp-json\/wp\/v2\/product_cat?post=38486"},{"taxonomy":"product_tag","embeddable":true,"href":"https:\/\/prestige-e.com\/fr\/wp-json\/wp\/v2\/product_tag?post=38486"}],"curies":[{"name":"wp","href":"https:\/\/api.w.org\/{rel}","templated":true}]}}