{"id":38485,"date":"2024-07-21T18:37:55","date_gmt":"2024-07-21T16:37:55","guid":{"rendered":"https:\/\/prestige-e.com\/product\/montblanc-sweat-shirt-unisexe-avec-fermeture-eclair-frontale-et-capuche\/"},"modified":"2025-11-27T13:26:25","modified_gmt":"2025-11-27T12:26:25","slug":"montblanc-sweat-shirt-unisexe-avec-fermeture-eclair-frontale-et-capuche","status":"publish","type":"product","link":"https:\/\/prestige-e.com\/fr\/produit\/montblanc-sweat-shirt-unisexe-avec-fermeture-eclair-frontale-et-capuche\/","title":{"rendered":"Montblanc &#8211; sweat-shirt unisexe avec fermeture \u00e9clair frontale et capuche"},"content":{"rendered":"","protected":false},"excerpt":{"rendered":"<p>Sweat-shirt unisexe avec fermeture \u00e9clair frontale et capuche. Fermeture \u00e9clair assortie. Poches kangourou, capuche, poignets et ceinture en c\u00f4tes 2&#215;1 avec \u00e9lasthanne. Coutures renforc\u00e9es en tissu assorti.  <\/p>\n<p><strong><u>Mati\u00e8re<\/u><\/strong> : 50 % coton \/ 50 % polyester, molleton bross\u00e9, 280 g\/m\u00b2. 3 % d&rsquo;\u00e9lasthanne dans les poignets. <\/p>\n","protected":false},"featured_media":38487,"comment_status":"closed","ping_status":"closed","template":"","meta":{"inline_featured_image":false},"product_brand":[],"product_cat":[154,148],"product_tag":[],"class_list":{"0":"post-38485","1":"product","2":"type-product","3":"status-publish","4":"has-post-thumbnail","6":"product_cat-hiver-mode","7":"product_cat-mode","9":"first","10":"instock","11":"shipping-taxable","12":"purchasable","13":"product-type-simple"},"aioseo_notices":[],"_links":{"self":[{"href":"https:\/\/prestige-e.com\/fr\/wp-json\/wp\/v2\/product\/38485","targetHints":{"allow":["GET"]}}],"collection":[{"href":"https:\/\/prestige-e.com\/fr\/wp-json\/wp\/v2\/product"}],"about":[{"href":"https:\/\/prestige-e.com\/fr\/wp-json\/wp\/v2\/types\/product"}],"replies":[{"embeddable":true,"href":"https:\/\/prestige-e.com\/fr\/wp-json\/wp\/v2\/comments?post=38485"}],"wp:featuredmedia":[{"embeddable":true,"href":"https:\/\/prestige-e.com\/fr\/wp-json\/wp\/v2\/media\/38487"}],"wp:attachment":[{"href":"https:\/\/prestige-e.com\/fr\/wp-json\/wp\/v2\/media?parent=38485"}],"wp:term":[{"taxonomy":"product_brand","embeddable":true,"href":"https:\/\/prestige-e.com\/fr\/wp-json\/wp\/v2\/product_brand?post=38485"},{"taxonomy":"product_cat","embeddable":true,"href":"https:\/\/prestige-e.com\/fr\/wp-json\/wp\/v2\/product_cat?post=38485"},{"taxonomy":"product_tag","embeddable":true,"href":"https:\/\/prestige-e.com\/fr\/wp-json\/wp\/v2\/product_tag?post=38485"}],"curies":[{"name":"wp","href":"https:\/\/api.w.org\/{rel}","templated":true}]}}