{"id":38475,"date":"2024-07-21T18:48:10","date_gmt":"2024-07-21T16:48:10","guid":{"rendered":"https:\/\/prestige-e.com\/product\/arlas-sweat-shirt-pour-femme\/"},"modified":"2025-11-27T13:26:25","modified_gmt":"2025-11-27T12:26:25","slug":"arlas-sweat-shirt-pour-femme","status":"publish","type":"product","link":"https:\/\/prestige-e.com\/fr\/produit\/arlas-sweat-shirt-pour-femme\/","title":{"rendered":"Arlas &#8211; Sweat-shirt pour femme"},"content":{"rendered":"","protected":false},"excerpt":{"rendered":"<p>Sweat-shirt technique \u00e0 manches longues raglan pour femmes. Doublure en maille pelucheuse. Coutures recouvertes renforc\u00e9es au niveau du col. Demi-fermeture \u00e9clair invers\u00e9e assortie avec d\u00e9tail. Trou pour le pouce aux poignets. Coutures surjet\u00e9es aux manches raglan et aux panneaux lat\u00e9raux. Logo Roly haute visibilit\u00e9 sur le panneau lat\u00e9ral gauche.      <\/p>\n<p><strong><u>Mati\u00e8re<\/u><\/strong>&nbsp;: 94&nbsp;% polyester recycl\u00e9 et 6&nbsp;% \u00e9lasthanne, 200&nbsp;g\/m\u00b2<\/p>\n","protected":false},"featured_media":38477,"comment_status":"closed","ping_status":"closed","template":"","meta":{"inline_featured_image":false},"product_brand":[],"product_cat":[154,148],"product_tag":[],"class_list":{"0":"post-38475","1":"product","2":"type-product","3":"status-publish","4":"has-post-thumbnail","6":"product_cat-hiver-mode","7":"product_cat-mode","9":"first","10":"instock","11":"shipping-taxable","12":"purchasable","13":"product-type-simple"},"aioseo_notices":[],"_links":{"self":[{"href":"https:\/\/prestige-e.com\/fr\/wp-json\/wp\/v2\/product\/38475","targetHints":{"allow":["GET"]}}],"collection":[{"href":"https:\/\/prestige-e.com\/fr\/wp-json\/wp\/v2\/product"}],"about":[{"href":"https:\/\/prestige-e.com\/fr\/wp-json\/wp\/v2\/types\/product"}],"replies":[{"embeddable":true,"href":"https:\/\/prestige-e.com\/fr\/wp-json\/wp\/v2\/comments?post=38475"}],"wp:featuredmedia":[{"embeddable":true,"href":"https:\/\/prestige-e.com\/fr\/wp-json\/wp\/v2\/media\/38477"}],"wp:attachment":[{"href":"https:\/\/prestige-e.com\/fr\/wp-json\/wp\/v2\/media?parent=38475"}],"wp:term":[{"taxonomy":"product_brand","embeddable":true,"href":"https:\/\/prestige-e.com\/fr\/wp-json\/wp\/v2\/product_brand?post=38475"},{"taxonomy":"product_cat","embeddable":true,"href":"https:\/\/prestige-e.com\/fr\/wp-json\/wp\/v2\/product_cat?post=38475"},{"taxonomy":"product_tag","embeddable":true,"href":"https:\/\/prestige-e.com\/fr\/wp-json\/wp\/v2\/product_tag?post=38475"}],"curies":[{"name":"wp","href":"https:\/\/api.w.org\/{rel}","templated":true}]}}