{"id":38472,"date":"2024-07-21T18:34:59","date_gmt":"2024-07-21T16:34:59","guid":{"rendered":"https:\/\/prestige-e.com\/product\/sitka-femme-impermeable-etanche\/"},"modified":"2025-11-27T13:26:26","modified_gmt":"2025-11-27T12:26:26","slug":"sitka-femme-impermeable-etanche","status":"publish","type":"product","link":"https:\/\/prestige-e.com\/fr\/produit\/sitka-femme-impermeable-etanche\/","title":{"rendered":"Sitka femme &#8211; imperm\u00e9able \u00e9tanche"},"content":{"rendered":"","protected":false},"excerpt":{"rendered":"<p>Imperm\u00e9able \u00e9tanche avec capuche fixe et visi\u00e8re int\u00e9gr\u00e9e l\u00e9g\u00e8rement ajust\u00e9 \u00e0 la taille. Fermeture \u00e9clair frontale bidirectionnelle, poches lat\u00e9rales et coutures thermosoud\u00e9es. Cordon de serrage r\u00e9glable dans la capuche. Ouverture arri\u00e8re. Acc\u00e8s int\u00e9rieur pour personnalisation.    <\/p>\n<p><strong><u>Mati\u00e8re<\/u><\/strong> : 100 % polyester, PU, 210 g\/m\u00b2<\/p>\n","protected":false},"featured_media":38473,"comment_status":"closed","ping_status":"closed","template":"","meta":{"inline_featured_image":false},"product_brand":[],"product_cat":[154,148],"product_tag":[],"class_list":{"0":"post-38472","1":"product","2":"type-product","3":"status-publish","4":"has-post-thumbnail","6":"product_cat-hiver-mode","7":"product_cat-mode","9":"first","10":"instock","11":"shipping-taxable","12":"purchasable","13":"product-type-simple"},"aioseo_notices":[],"_links":{"self":[{"href":"https:\/\/prestige-e.com\/fr\/wp-json\/wp\/v2\/product\/38472","targetHints":{"allow":["GET"]}}],"collection":[{"href":"https:\/\/prestige-e.com\/fr\/wp-json\/wp\/v2\/product"}],"about":[{"href":"https:\/\/prestige-e.com\/fr\/wp-json\/wp\/v2\/types\/product"}],"replies":[{"embeddable":true,"href":"https:\/\/prestige-e.com\/fr\/wp-json\/wp\/v2\/comments?post=38472"}],"wp:featuredmedia":[{"embeddable":true,"href":"https:\/\/prestige-e.com\/fr\/wp-json\/wp\/v2\/media\/38473"}],"wp:attachment":[{"href":"https:\/\/prestige-e.com\/fr\/wp-json\/wp\/v2\/media?parent=38472"}],"wp:term":[{"taxonomy":"product_brand","embeddable":true,"href":"https:\/\/prestige-e.com\/fr\/wp-json\/wp\/v2\/product_brand?post=38472"},{"taxonomy":"product_cat","embeddable":true,"href":"https:\/\/prestige-e.com\/fr\/wp-json\/wp\/v2\/product_cat?post=38472"},{"taxonomy":"product_tag","embeddable":true,"href":"https:\/\/prestige-e.com\/fr\/wp-json\/wp\/v2\/product_tag?post=38472"}],"curies":[{"name":"wp","href":"https:\/\/api.w.org\/{rel}","templated":true}]}}