{"id":38463,"date":"2023-03-15T10:59:22","date_gmt":"2023-03-15T09:59:22","guid":{"rendered":"https:\/\/prestige-e.com\/product\/ensemble-doutils-15-pieces\/"},"modified":"2025-11-27T13:26:26","modified_gmt":"2025-11-27T12:26:26","slug":"ensemble-doutils-15-pieces","status":"publish","type":"product","link":"https:\/\/prestige-e.com\/fr\/produit\/ensemble-doutils-15-pieces\/","title":{"rendered":"Ensemble d&rsquo;outils 15 pi\u00e8ces"},"content":{"rendered":"","protected":false},"excerpt":{"rendered":"<p>Ensemble d&rsquo;outils pr\u00e9sent\u00e9 dans un coffret en bambou contenant 6 embouts dans un support, 3 tailles de tournevis plats, 2 tailles de tournevis Philips (PH1, PH2) et 1 adaptateur, 4 douilles, 1 poign\u00e9e, 1 connecteur, 1 pince \u00e0 bec et 2 tournevis de pr\u00e9cision. Le bambou est un produit naturel, il peut y avoir de l\u00e9g\u00e8res variations de couleur et de taille par article, ce qui peut affecter le r\u00e9sultat final de la d\u00e9coration. Certifi\u00e9 FSC\u00ae | FSC 100%, N5.7, FSC-C213206  <\/p>\n<p><strong><u>Dimensions<\/u><\/strong> : 18 x 16,6 x 3,2 cm<\/p>\n<p>Mat\u00e9riau: Bambou et ABS<\/p>\n","protected":false},"featured_media":38465,"comment_status":"closed","ping_status":"closed","template":"","meta":{"inline_featured_image":false},"product_brand":[],"product_cat":[174,211,152,220],"product_tag":[],"class_list":{"0":"post-38463","1":"product","2":"type-product","3":"status-publish","4":"has-post-thumbnail","6":"product_cat-art-de-vivre","7":"product_cat-articles-pour-la-maison-ecologie","8":"product_cat-ecologie","9":"product_cat-salon-cuisine-art-de-vivre","11":"first","12":"instock","13":"shipping-taxable","14":"purchasable","15":"product-type-simple"},"aioseo_notices":[],"_links":{"self":[{"href":"https:\/\/prestige-e.com\/fr\/wp-json\/wp\/v2\/product\/38463","targetHints":{"allow":["GET"]}}],"collection":[{"href":"https:\/\/prestige-e.com\/fr\/wp-json\/wp\/v2\/product"}],"about":[{"href":"https:\/\/prestige-e.com\/fr\/wp-json\/wp\/v2\/types\/product"}],"replies":[{"embeddable":true,"href":"https:\/\/prestige-e.com\/fr\/wp-json\/wp\/v2\/comments?post=38463"}],"wp:featuredmedia":[{"embeddable":true,"href":"https:\/\/prestige-e.com\/fr\/wp-json\/wp\/v2\/media\/38465"}],"wp:attachment":[{"href":"https:\/\/prestige-e.com\/fr\/wp-json\/wp\/v2\/media?parent=38463"}],"wp:term":[{"taxonomy":"product_brand","embeddable":true,"href":"https:\/\/prestige-e.com\/fr\/wp-json\/wp\/v2\/product_brand?post=38463"},{"taxonomy":"product_cat","embeddable":true,"href":"https:\/\/prestige-e.com\/fr\/wp-json\/wp\/v2\/product_cat?post=38463"},{"taxonomy":"product_tag","embeddable":true,"href":"https:\/\/prestige-e.com\/fr\/wp-json\/wp\/v2\/product_tag?post=38463"}],"curies":[{"name":"wp","href":"https:\/\/api.w.org\/{rel}","templated":true}]}}