{"id":38457,"date":"2023-03-15T10:54:30","date_gmt":"2023-03-15T09:54:30","guid":{"rendered":"https:\/\/prestige-e.com\/product\/imperial-lsl-homme\/"},"modified":"2025-11-27T13:26:26","modified_gmt":"2025-11-27T12:26:26","slug":"imperial-lsl-homme","status":"publish","type":"product","link":"https:\/\/prestige-e.com\/fr\/produit\/imperial-lsl-homme\/","title":{"rendered":"Imperial LSL homme"},"content":{"rendered":"","protected":false},"excerpt":{"rendered":"<p>SOL&rsquo;S IMPERIAL LSL HOMME, T-shirt homme manches longues, 100 % Jersey coton semi-peign\u00e9 Ring-spun 190, Col c\u00f4tel\u00e9 avec \u00e9lastane, Manches longues, Tubulaire, Bande de propret\u00e9 \u00e0 l&rsquo;int\u00e9rieur du col, (1) Gris charbon chin\u00e9 : 60 % Coton \/ 40 % Polyester, (2) Gris chin\u00e9 : 85 % Coton \/ 15 % Viscose. Pour la correspondance des tailles, veuillez consulter le guide des tailles dans la section documentation produit. <\/p>\n<p><strong><u>Mati\u00e8re<\/u><\/strong> : 100 % coton semi-peign\u00e9 ring-spun, 190 g\/m\u00b2<\/p>\n","protected":false},"featured_media":38458,"comment_status":"closed","ping_status":"closed","template":"","meta":{"inline_featured_image":false},"product_brand":[],"product_cat":[154,148],"product_tag":[],"class_list":{"0":"post-38457","1":"product","2":"type-product","3":"status-publish","4":"has-post-thumbnail","6":"product_cat-hiver-mode","7":"product_cat-mode","9":"first","10":"instock","11":"shipping-taxable","12":"purchasable","13":"product-type-simple"},"aioseo_notices":[],"_links":{"self":[{"href":"https:\/\/prestige-e.com\/fr\/wp-json\/wp\/v2\/product\/38457","targetHints":{"allow":["GET"]}}],"collection":[{"href":"https:\/\/prestige-e.com\/fr\/wp-json\/wp\/v2\/product"}],"about":[{"href":"https:\/\/prestige-e.com\/fr\/wp-json\/wp\/v2\/types\/product"}],"replies":[{"embeddable":true,"href":"https:\/\/prestige-e.com\/fr\/wp-json\/wp\/v2\/comments?post=38457"}],"wp:featuredmedia":[{"embeddable":true,"href":"https:\/\/prestige-e.com\/fr\/wp-json\/wp\/v2\/media\/38458"}],"wp:attachment":[{"href":"https:\/\/prestige-e.com\/fr\/wp-json\/wp\/v2\/media?parent=38457"}],"wp:term":[{"taxonomy":"product_brand","embeddable":true,"href":"https:\/\/prestige-e.com\/fr\/wp-json\/wp\/v2\/product_brand?post=38457"},{"taxonomy":"product_cat","embeddable":true,"href":"https:\/\/prestige-e.com\/fr\/wp-json\/wp\/v2\/product_cat?post=38457"},{"taxonomy":"product_tag","embeddable":true,"href":"https:\/\/prestige-e.com\/fr\/wp-json\/wp\/v2\/product_tag?post=38457"}],"curies":[{"name":"wp","href":"https:\/\/api.w.org\/{rel}","templated":true}]}}