{"id":38449,"date":"2023-03-15T10:51:36","date_gmt":"2023-03-15T09:51:36","guid":{"rendered":"https:\/\/prestige-e.com\/product\/vesper-tablier-en-toile-de-coton-100-300-g-m%c2%b2-avec-details-metalliques\/"},"modified":"2025-11-27T13:26:26","modified_gmt":"2025-11-27T12:26:26","slug":"vesper-tablier-en-toile-de-coton-100-300-g-m%c2%b2-avec-details-metalliques","status":"publish","type":"product","link":"https:\/\/prestige-e.com\/fr\/produit\/vesper-tablier-en-toile-de-coton-100-300-g-m%c2%b2-avec-details-metalliques\/","title":{"rendered":"VESPER. Tablier en toile de coton 100 % (300 g\/m\u00b2) avec d\u00e9tails m\u00e9talliques"},"content":{"rendered":"","protected":false},"excerpt":{"rendered":"<p>Tablier en toile de coton 100 % (300 g\/m\u00b2) avec d\u00e9tails m\u00e9talliques. Comprend 3 poches multifonctionnelles et une bande lat\u00e9rale (pour tenir un torchon de cuisine). Sangle de cou facilement ajustable. Livr\u00e9 dans une bo\u00eete cadeau fabriqu\u00e9e \u00e0 partir de mat\u00e9riaux certifi\u00e9s FSC\u2122 et d&rsquo;autres mat\u00e9riaux contr\u00f4l\u00e9s. Fabriqu\u00e9 selon une norme certifi\u00e9e pour l&rsquo;utilisation de substances nocives dans les textiles.    <\/p>\n<p><strong><u>Dimension<\/u><\/strong> : 68 x 90 cm<\/p>\n<p><strong><u>Mat\u00e9riau<\/u><\/strong> : coton<\/p>\n","protected":false},"featured_media":38453,"comment_status":"closed","ping_status":"closed","template":"","meta":{"inline_featured_image":false},"product_brand":[],"product_cat":[152,217,148],"product_tag":[],"class_list":{"0":"post-38449","1":"product","2":"type-product","3":"status-publish","4":"has-post-thumbnail","6":"product_cat-ecologie","7":"product_cat-habits-de-travail-mode","8":"product_cat-mode","10":"first","11":"instock","12":"shipping-taxable","13":"purchasable","14":"product-type-simple"},"aioseo_notices":[],"_links":{"self":[{"href":"https:\/\/prestige-e.com\/fr\/wp-json\/wp\/v2\/product\/38449","targetHints":{"allow":["GET"]}}],"collection":[{"href":"https:\/\/prestige-e.com\/fr\/wp-json\/wp\/v2\/product"}],"about":[{"href":"https:\/\/prestige-e.com\/fr\/wp-json\/wp\/v2\/types\/product"}],"replies":[{"embeddable":true,"href":"https:\/\/prestige-e.com\/fr\/wp-json\/wp\/v2\/comments?post=38449"}],"wp:featuredmedia":[{"embeddable":true,"href":"https:\/\/prestige-e.com\/fr\/wp-json\/wp\/v2\/media\/38453"}],"wp:attachment":[{"href":"https:\/\/prestige-e.com\/fr\/wp-json\/wp\/v2\/media?parent=38449"}],"wp:term":[{"taxonomy":"product_brand","embeddable":true,"href":"https:\/\/prestige-e.com\/fr\/wp-json\/wp\/v2\/product_brand?post=38449"},{"taxonomy":"product_cat","embeddable":true,"href":"https:\/\/prestige-e.com\/fr\/wp-json\/wp\/v2\/product_cat?post=38449"},{"taxonomy":"product_tag","embeddable":true,"href":"https:\/\/prestige-e.com\/fr\/wp-json\/wp\/v2\/product_tag?post=38449"}],"curies":[{"name":"wp","href":"https:\/\/api.w.org\/{rel}","templated":true}]}}