{"id":38293,"date":"2024-07-22T09:17:45","date_gmt":"2024-07-22T07:17:45","guid":{"rendered":"https:\/\/prestige-e.com\/product\/nezumi-tapis-de-souris-en-similicuir-avec-chargeur-sans-fil-certifie-5w\/"},"modified":"2025-11-27T13:26:23","modified_gmt":"2025-11-27T12:26:23","slug":"nezumi-tapis-de-souris-en-similicuir-avec-chargeur-sans-fil-certifie-5w","status":"publish","type":"product","link":"https:\/\/prestige-e.com\/fr\/produit\/nezumi-tapis-de-souris-en-similicuir-avec-chargeur-sans-fil-certifie-5w\/","title":{"rendered":"Nezumi &#8211; tapis de souris en similicuir avec chargeur sans fil certifi\u00e9 &#8211; 5W"},"content":{"rendered":"","protected":false},"excerpt":{"rendered":"<p>Tapis de souris avec chargeur sans fil int\u00e9gr\u00e9 certifi\u00e9 QI 5W \u2013 finition similicuir.<br \/>\nCharge sans fil QI 5W 9<br \/>\nBo\u00eetier de charge USB Type-C 9<br \/>\nUltra fin<\/p>\n<p><strong><u>Dimensions<\/u><\/strong> : 33 x 19 x 0,5 cm<\/p>\n<p><strong><u>Mat\u00e9riau<\/u><\/strong> : Similicuir noir<\/p>\n","protected":false},"featured_media":38296,"comment_status":"closed","ping_status":"closed","template":"","meta":{"inline_featured_image":false},"product_brand":[],"product_cat":[146,178],"product_tag":[],"class_list":{"0":"post-38293","1":"product","2":"type-product","3":"status-publish","4":"has-post-thumbnail","6":"product_cat-articles-de-bureau","7":"product_cat-bureau-articles-de-bureau","9":"first","10":"instock","11":"shipping-taxable","12":"purchasable","13":"product-type-simple"},"aioseo_notices":[],"_links":{"self":[{"href":"https:\/\/prestige-e.com\/fr\/wp-json\/wp\/v2\/product\/38293","targetHints":{"allow":["GET"]}}],"collection":[{"href":"https:\/\/prestige-e.com\/fr\/wp-json\/wp\/v2\/product"}],"about":[{"href":"https:\/\/prestige-e.com\/fr\/wp-json\/wp\/v2\/types\/product"}],"replies":[{"embeddable":true,"href":"https:\/\/prestige-e.com\/fr\/wp-json\/wp\/v2\/comments?post=38293"}],"wp:featuredmedia":[{"embeddable":true,"href":"https:\/\/prestige-e.com\/fr\/wp-json\/wp\/v2\/media\/38296"}],"wp:attachment":[{"href":"https:\/\/prestige-e.com\/fr\/wp-json\/wp\/v2\/media?parent=38293"}],"wp:term":[{"taxonomy":"product_brand","embeddable":true,"href":"https:\/\/prestige-e.com\/fr\/wp-json\/wp\/v2\/product_brand?post=38293"},{"taxonomy":"product_cat","embeddable":true,"href":"https:\/\/prestige-e.com\/fr\/wp-json\/wp\/v2\/product_cat?post=38293"},{"taxonomy":"product_tag","embeddable":true,"href":"https:\/\/prestige-e.com\/fr\/wp-json\/wp\/v2\/product_tag?post=38293"}],"curies":[{"name":"wp","href":"https:\/\/api.w.org\/{rel}","templated":true}]}}