{"id":38287,"date":"2024-07-22T09:15:07","date_gmt":"2024-07-22T07:15:07","guid":{"rendered":"https:\/\/prestige-e.com\/product\/veste-likpan\/"},"modified":"2025-11-27T13:26:23","modified_gmt":"2025-11-27T12:26:23","slug":"veste-likpan","status":"publish","type":"product","link":"https:\/\/prestige-e.com\/fr\/produit\/veste-likpan\/","title":{"rendered":"Veste Likpan"},"content":{"rendered":"","protected":false},"excerpt":{"rendered":"<p>Veste unisexe en mati\u00e8re 100 % RPET chaude et douce, avec capuche r\u00e9glable par des cordons \u00e9lastiques. En mati\u00e8re effet plume extra l\u00e9g\u00e8re, r\u00e9sistante \u00e0 l\u2019eau et au vent. Avec rembourrage int\u00e9rieur, fermeture \u00e9clair au col avec patte et cordon sur la tirette, ainsi que de grandes poches lat\u00e9rales avec fermeture \u00e9clair. Inclut une pochette de transport pratique avec cordon de serrage r\u00e9glable et \u00e9tiquette logo RPET. Disponible dans une large gamme de couleurs et de tailles XS, S, M, L, XL, XXL.<br \/>\nLe mat\u00e9riau RPET est fabriqu\u00e9 \u00e0 partir de plastique recycl\u00e9, ce qui favorise la r\u00e9utilisation des d\u00e9chets plastiques et contribue \u00e0 la durabilit\u00e9 de la plan\u00e8te.<br \/>\nR\u00e9sistant au vent et \u00e0 l\u2019eau. Pochette en polyester RPET     <\/p>\n<p><strong><u>Mati\u00e8re<\/u><\/strong> : 100 % polyester RPET<\/p>\n","protected":false},"featured_media":38290,"comment_status":"closed","ping_status":"closed","template":"","meta":{"inline_featured_image":false},"product_brand":[],"product_cat":[152,154,148,153],"product_tag":[],"class_list":{"0":"post-38287","1":"product","2":"type-product","3":"status-publish","4":"has-post-thumbnail","6":"product_cat-ecologie","7":"product_cat-hiver-mode","8":"product_cat-mode","9":"product_cat-textile-ecologie","11":"first","12":"instock","13":"shipping-taxable","14":"purchasable","15":"product-type-simple"},"aioseo_notices":[],"_links":{"self":[{"href":"https:\/\/prestige-e.com\/fr\/wp-json\/wp\/v2\/product\/38287","targetHints":{"allow":["GET"]}}],"collection":[{"href":"https:\/\/prestige-e.com\/fr\/wp-json\/wp\/v2\/product"}],"about":[{"href":"https:\/\/prestige-e.com\/fr\/wp-json\/wp\/v2\/types\/product"}],"replies":[{"embeddable":true,"href":"https:\/\/prestige-e.com\/fr\/wp-json\/wp\/v2\/comments?post=38287"}],"wp:featuredmedia":[{"embeddable":true,"href":"https:\/\/prestige-e.com\/fr\/wp-json\/wp\/v2\/media\/38290"}],"wp:attachment":[{"href":"https:\/\/prestige-e.com\/fr\/wp-json\/wp\/v2\/media?parent=38287"}],"wp:term":[{"taxonomy":"product_brand","embeddable":true,"href":"https:\/\/prestige-e.com\/fr\/wp-json\/wp\/v2\/product_brand?post=38287"},{"taxonomy":"product_cat","embeddable":true,"href":"https:\/\/prestige-e.com\/fr\/wp-json\/wp\/v2\/product_cat?post=38287"},{"taxonomy":"product_tag","embeddable":true,"href":"https:\/\/prestige-e.com\/fr\/wp-json\/wp\/v2\/product_tag?post=38287"}],"curies":[{"name":"wp","href":"https:\/\/api.w.org\/{rel}","templated":true}]}}