{"id":38281,"date":"2024-07-22T09:13:11","date_gmt":"2024-07-22T07:13:11","guid":{"rendered":"https:\/\/prestige-e.com\/product\/gants-tactiles-demsey\/"},"modified":"2025-11-27T13:26:24","modified_gmt":"2025-11-27T12:26:24","slug":"gants-tactiles-demsey","status":"publish","type":"product","link":"https:\/\/prestige-e.com\/fr\/produit\/gants-tactiles-demsey\/","title":{"rendered":"Gants tactiles Demsey"},"content":{"rendered":"","protected":false},"excerpt":{"rendered":"<p>Paire de gants pratique pour appareils \u00e0 \u00e9cran tactile. Fabriqu\u00e9s en polyester RPET chaud et doux. Fonction tactile sur l&rsquo;index et le pouce. Taille unique pour adultes, avec \u00e9tiquette RPET. Le mat\u00e9riau RPET est fabriqu\u00e9 \u00e0 partir de plastique recycl\u00e9, favorisant ainsi la r\u00e9utilisation des d\u00e9chets plastiques et contribuant \u00e0 la durabilit\u00e9 de la plan\u00e8te.    <\/p>\n<p><strong><u>Mat\u00e9riau<\/u><\/strong> : Polyester RPET<\/p>\n","protected":false},"featured_media":38284,"comment_status":"closed","ping_status":"closed","template":"","meta":{"inline_featured_image":false},"product_brand":[],"product_cat":[171,152,148,153],"product_tag":[],"class_list":{"0":"post-38281","1":"product","2":"type-product","3":"status-publish","4":"has-post-thumbnail","6":"product_cat-accessoires-mode","7":"product_cat-ecologie","8":"product_cat-mode","9":"product_cat-textile-ecologie","11":"first","12":"instock","13":"shipping-taxable","14":"purchasable","15":"product-type-simple"},"aioseo_notices":[],"_links":{"self":[{"href":"https:\/\/prestige-e.com\/fr\/wp-json\/wp\/v2\/product\/38281","targetHints":{"allow":["GET"]}}],"collection":[{"href":"https:\/\/prestige-e.com\/fr\/wp-json\/wp\/v2\/product"}],"about":[{"href":"https:\/\/prestige-e.com\/fr\/wp-json\/wp\/v2\/types\/product"}],"replies":[{"embeddable":true,"href":"https:\/\/prestige-e.com\/fr\/wp-json\/wp\/v2\/comments?post=38281"}],"wp:featuredmedia":[{"embeddable":true,"href":"https:\/\/prestige-e.com\/fr\/wp-json\/wp\/v2\/media\/38284"}],"wp:attachment":[{"href":"https:\/\/prestige-e.com\/fr\/wp-json\/wp\/v2\/media?parent=38281"}],"wp:term":[{"taxonomy":"product_brand","embeddable":true,"href":"https:\/\/prestige-e.com\/fr\/wp-json\/wp\/v2\/product_brand?post=38281"},{"taxonomy":"product_cat","embeddable":true,"href":"https:\/\/prestige-e.com\/fr\/wp-json\/wp\/v2\/product_cat?post=38281"},{"taxonomy":"product_tag","embeddable":true,"href":"https:\/\/prestige-e.com\/fr\/wp-json\/wp\/v2\/product_tag?post=38281"}],"curies":[{"name":"wp","href":"https:\/\/api.w.org\/{rel}","templated":true}]}}