{"id":38276,"date":"2024-07-22T09:12:43","date_gmt":"2024-07-22T07:12:43","guid":{"rendered":"https:\/\/prestige-e.com\/product\/t-shirt-unisexe-100-coton-biologique-peigne-legend\/"},"modified":"2025-11-27T13:26:24","modified_gmt":"2025-11-27T12:26:24","slug":"t-shirt-unisexe-100-coton-biologique-peigne-legend","status":"publish","type":"product","link":"https:\/\/prestige-e.com\/fr\/produit\/t-shirt-unisexe-100-coton-biologique-peigne-legend\/","title":{"rendered":"T-shirt unisexe 100% coton biologique peign\u00e9 &#8211; Legend"},"content":{"rendered":"","protected":false},"excerpt":{"rendered":"<p>SOL&rsquo;S LEGEND, t-shirt unisexe, 100% coton biologique peign\u00e9 &#8211; En conversion, Col rond c\u00f4tel\u00e9 Bande de propret\u00e9 au col Coupe et couture Coupe moderne et confortable. Pour la correspondance des tailles, veuillez vous r\u00e9f\u00e9rer au tableau des tailles dans la section documentation du produit. <\/p>\n<p><strong><u>Mati\u00e8re<\/u><\/strong> : 100% coton biologique peign\u00e9, 175 g\/m\u00b2<\/p>\n","protected":false},"featured_media":38279,"comment_status":"closed","ping_status":"closed","template":"","meta":{"inline_featured_image":false},"product_brand":[],"product_cat":[152,204,148,153],"product_tag":[],"class_list":{"0":"post-38276","1":"product","2":"type-product","3":"status-publish","4":"has-post-thumbnail","6":"product_cat-ecologie","7":"product_cat-ete-mode","8":"product_cat-mode","9":"product_cat-textile-ecologie","11":"first","12":"instock","13":"shipping-taxable","14":"purchasable","15":"product-type-simple"},"aioseo_notices":[],"_links":{"self":[{"href":"https:\/\/prestige-e.com\/fr\/wp-json\/wp\/v2\/product\/38276","targetHints":{"allow":["GET"]}}],"collection":[{"href":"https:\/\/prestige-e.com\/fr\/wp-json\/wp\/v2\/product"}],"about":[{"href":"https:\/\/prestige-e.com\/fr\/wp-json\/wp\/v2\/types\/product"}],"replies":[{"embeddable":true,"href":"https:\/\/prestige-e.com\/fr\/wp-json\/wp\/v2\/comments?post=38276"}],"wp:featuredmedia":[{"embeddable":true,"href":"https:\/\/prestige-e.com\/fr\/wp-json\/wp\/v2\/media\/38279"}],"wp:attachment":[{"href":"https:\/\/prestige-e.com\/fr\/wp-json\/wp\/v2\/media?parent=38276"}],"wp:term":[{"taxonomy":"product_brand","embeddable":true,"href":"https:\/\/prestige-e.com\/fr\/wp-json\/wp\/v2\/product_brand?post=38276"},{"taxonomy":"product_cat","embeddable":true,"href":"https:\/\/prestige-e.com\/fr\/wp-json\/wp\/v2\/product_cat?post=38276"},{"taxonomy":"product_tag","embeddable":true,"href":"https:\/\/prestige-e.com\/fr\/wp-json\/wp\/v2\/product_tag?post=38276"}],"curies":[{"name":"wp","href":"https:\/\/api.w.org\/{rel}","templated":true}]}}