{"id":38275,"date":"2024-07-22T09:19:26","date_gmt":"2024-07-22T07:19:26","guid":{"rendered":"https:\/\/prestige-e.com\/product\/combo-ecouteurs-enceinte-5w-sans-fil\/"},"modified":"2025-11-27T13:26:23","modified_gmt":"2025-11-27T12:26:23","slug":"combo-ecouteurs-enceinte-5w-sans-fil","status":"publish","type":"product","link":"https:\/\/prestige-e.com\/fr\/produit\/combo-ecouteurs-enceinte-5w-sans-fil\/","title":{"rendered":"Combo \u00e9couteurs + enceinte 5W sans fil"},"content":{"rendered":"","protected":false},"excerpt":{"rendered":"<p>Combo 2 en 1 : enceinte + \u00c9couteurs sans fil Bluetooth 5.1 avec microphones int\u00e9gr\u00e9s &#8211; Enceinte 5W + microphones &#8211; EXTRA BASS : bonne qualit\u00e9 sonore &#8211; finition en tissu &#8211; microphones et \u00e9couteurs int\u00e9gr\u00e9s ENCEINTE &#8211; 5 heures d&rsquo;autonomie &#8211; \u00c9COUTEURS &#8211; autonomie : 5 heures et plus de 70 heures avec l&rsquo;\u00e9tui de charge &#8211; connexion facile &#8211; bouton tactile multifonction &#8211; compatible avec tous les smartphones et tablettes (iOS &amp; Android) &#8211; blanc avec mat\u00e9riaux recycl\u00e9s et recyclables : CERTIFI\u00c9 GRS &#8211; GLOBAL RECYCLED STANDARD<\/p>\n<p><strong><u>Dimensions<\/u><\/strong> : 9,1 x 5,8 x 5,8 cm<\/p>\n<p><strong><u>Mat\u00e9riau<\/u><\/strong> : rPET<\/p>\n","protected":false},"featured_media":38278,"comment_status":"closed","ping_status":"closed","template":"","meta":{"inline_featured_image":false},"product_brand":[],"product_cat":[175,214,223,174,152,189],"product_tag":[],"class_list":{"0":"post-38275","1":"product","2":"type-product","3":"status-publish","4":"has-post-thumbnail","6":"product_cat-appareils-art-de-vivre","7":"product_cat-appareils-ecologie","8":"product_cat-appareils-voyage","9":"product_cat-art-de-vivre","10":"product_cat-ecologie","11":"product_cat-voyage","13":"first","14":"instock","15":"shipping-taxable","16":"purchasable","17":"product-type-simple"},"aioseo_notices":[],"_links":{"self":[{"href":"https:\/\/prestige-e.com\/fr\/wp-json\/wp\/v2\/product\/38275","targetHints":{"allow":["GET"]}}],"collection":[{"href":"https:\/\/prestige-e.com\/fr\/wp-json\/wp\/v2\/product"}],"about":[{"href":"https:\/\/prestige-e.com\/fr\/wp-json\/wp\/v2\/types\/product"}],"replies":[{"embeddable":true,"href":"https:\/\/prestige-e.com\/fr\/wp-json\/wp\/v2\/comments?post=38275"}],"wp:featuredmedia":[{"embeddable":true,"href":"https:\/\/prestige-e.com\/fr\/wp-json\/wp\/v2\/media\/38278"}],"wp:attachment":[{"href":"https:\/\/prestige-e.com\/fr\/wp-json\/wp\/v2\/media?parent=38275"}],"wp:term":[{"taxonomy":"product_brand","embeddable":true,"href":"https:\/\/prestige-e.com\/fr\/wp-json\/wp\/v2\/product_brand?post=38275"},{"taxonomy":"product_cat","embeddable":true,"href":"https:\/\/prestige-e.com\/fr\/wp-json\/wp\/v2\/product_cat?post=38275"},{"taxonomy":"product_tag","embeddable":true,"href":"https:\/\/prestige-e.com\/fr\/wp-json\/wp\/v2\/product_tag?post=38275"}],"curies":[{"name":"wp","href":"https:\/\/api.w.org\/{rel}","templated":true}]}}