{"id":38270,"date":"2024-07-22T09:12:13","date_gmt":"2024-07-22T07:12:13","guid":{"rendered":"https:\/\/prestige-e.com\/product\/t-shirt-enfant-columbia\/"},"modified":"2025-11-27T13:26:24","modified_gmt":"2025-11-27T12:26:24","slug":"t-shirt-enfant-columbia","status":"publish","type":"product","link":"https:\/\/prestige-e.com\/fr\/produit\/t-shirt-enfant-columbia\/","title":{"rendered":"T-shirt enfant Columbia"},"content":{"rendered":"","protected":false},"excerpt":{"rendered":"<p>SOL&rsquo;S COLUMBIA KIDS, 80 % coton &#8211; 20 % polyester recycl\u00e9 certifi\u00e9 GRS. Col rond, manches mont\u00e9es, coup\u00e9 et cousu, poignets, col et bas en c\u00f4tes 1&#215;1, demi-lune en jersey et bande de propret\u00e9 \u00e0 l&rsquo;int\u00e9rieur du col, coupe d\u00e9contract\u00e9e. (1) Gris chin\u00e9 : 73 % coton \/ 20 % polyester recycl\u00e9 \/ 7 % viscose. Pour la correspondance des tailles, veuillez vous r\u00e9f\u00e9rer au tableau des tailles dans la section documentation du produit.<\/p>\n<p><strong><u>Mati\u00e8re<\/u><\/strong> : 80 % coton &#8211; 20 % polyester recycl\u00e9 certifi\u00e9 GRS, 280 g\/m\u00b2<\/p>\n","protected":false},"featured_media":38272,"comment_status":"closed","ping_status":"closed","template":"","meta":{"inline_featured_image":false},"product_brand":[],"product_cat":[154,148],"product_tag":[],"class_list":{"0":"post-38270","1":"product","2":"type-product","3":"status-publish","4":"has-post-thumbnail","6":"product_cat-hiver-mode","7":"product_cat-mode","9":"first","10":"instock","11":"shipping-taxable","12":"purchasable","13":"product-type-simple"},"aioseo_notices":[],"_links":{"self":[{"href":"https:\/\/prestige-e.com\/fr\/wp-json\/wp\/v2\/product\/38270","targetHints":{"allow":["GET"]}}],"collection":[{"href":"https:\/\/prestige-e.com\/fr\/wp-json\/wp\/v2\/product"}],"about":[{"href":"https:\/\/prestige-e.com\/fr\/wp-json\/wp\/v2\/types\/product"}],"replies":[{"embeddable":true,"href":"https:\/\/prestige-e.com\/fr\/wp-json\/wp\/v2\/comments?post=38270"}],"wp:featuredmedia":[{"embeddable":true,"href":"https:\/\/prestige-e.com\/fr\/wp-json\/wp\/v2\/media\/38272"}],"wp:attachment":[{"href":"https:\/\/prestige-e.com\/fr\/wp-json\/wp\/v2\/media?parent=38270"}],"wp:term":[{"taxonomy":"product_brand","embeddable":true,"href":"https:\/\/prestige-e.com\/fr\/wp-json\/wp\/v2\/product_brand?post=38270"},{"taxonomy":"product_cat","embeddable":true,"href":"https:\/\/prestige-e.com\/fr\/wp-json\/wp\/v2\/product_cat?post=38270"},{"taxonomy":"product_tag","embeddable":true,"href":"https:\/\/prestige-e.com\/fr\/wp-json\/wp\/v2\/product_tag?post=38270"}],"curies":[{"name":"wp","href":"https:\/\/api.w.org\/{rel}","templated":true}]}}