{"id":38266,"date":"2024-07-22T09:07:20","date_gmt":"2024-07-22T07:07:20","guid":{"rendered":"https:\/\/prestige-e.com\/product\/gilet-sans-manches-leger-stream-bw-pour-homme\/"},"modified":"2025-11-27T13:26:24","modified_gmt":"2025-11-27T12:26:24","slug":"gilet-sans-manches-leger-stream-bw-pour-homme","status":"publish","type":"product","link":"https:\/\/prestige-e.com\/fr\/produit\/gilet-sans-manches-leger-stream-bw-pour-homme\/","title":{"rendered":"Gilet sans manches l\u00e9ger Stream BW pour homme"},"content":{"rendered":"","protected":false},"excerpt":{"rendered":"<p>SOL&rsquo;S STREAM BW MEN, Gilet sans manches l\u00e9ger pour homme, Tissu ext\u00e9rieur et doublure : 100 % polyester. Rembourrage : 100 % polyester duvet. Fermeture avant et poches lat\u00e9rales avec zip en nylon ton sur ton. Curseurs m\u00e9talliques ton sur ton avec tirettes de zip fantaisie noires. Col montant avec biais \u00e9lastique ton sur ton aux emmanchures et \u00e0 l&rsquo;ourlet, livr\u00e9 avec sac de rangement. Pour la correspondance des tailles, veuillez consulter le guide des tailles dans la section documentation du produit.     <\/p>\n<p><strong><u>Mati\u00e8re<\/u><\/strong> : PET-Coton, 280 g\/m\u00b2<\/p>\n","protected":false},"featured_media":38268,"comment_status":"closed","ping_status":"closed","template":"","meta":{"inline_featured_image":false},"product_brand":[],"product_cat":[154,148],"product_tag":[],"class_list":{"0":"post-38266","1":"product","2":"type-product","3":"status-publish","4":"has-post-thumbnail","6":"product_cat-hiver-mode","7":"product_cat-mode","9":"first","10":"instock","11":"shipping-taxable","12":"purchasable","13":"product-type-simple"},"aioseo_notices":[],"_links":{"self":[{"href":"https:\/\/prestige-e.com\/fr\/wp-json\/wp\/v2\/product\/38266","targetHints":{"allow":["GET"]}}],"collection":[{"href":"https:\/\/prestige-e.com\/fr\/wp-json\/wp\/v2\/product"}],"about":[{"href":"https:\/\/prestige-e.com\/fr\/wp-json\/wp\/v2\/types\/product"}],"replies":[{"embeddable":true,"href":"https:\/\/prestige-e.com\/fr\/wp-json\/wp\/v2\/comments?post=38266"}],"wp:featuredmedia":[{"embeddable":true,"href":"https:\/\/prestige-e.com\/fr\/wp-json\/wp\/v2\/media\/38268"}],"wp:attachment":[{"href":"https:\/\/prestige-e.com\/fr\/wp-json\/wp\/v2\/media?parent=38266"}],"wp:term":[{"taxonomy":"product_brand","embeddable":true,"href":"https:\/\/prestige-e.com\/fr\/wp-json\/wp\/v2\/product_brand?post=38266"},{"taxonomy":"product_cat","embeddable":true,"href":"https:\/\/prestige-e.com\/fr\/wp-json\/wp\/v2\/product_cat?post=38266"},{"taxonomy":"product_tag","embeddable":true,"href":"https:\/\/prestige-e.com\/fr\/wp-json\/wp\/v2\/product_tag?post=38266"}],"curies":[{"name":"wp","href":"https:\/\/api.w.org\/{rel}","templated":true}]}}