{"id":38263,"date":"2024-07-21T18:37:26","date_gmt":"2024-07-21T16:37:26","guid":{"rendered":"https:\/\/prestige-e.com\/product\/ferox-tunique-medicale-a-manches-courtes\/"},"modified":"2025-11-27T13:26:25","modified_gmt":"2025-11-27T12:26:25","slug":"ferox-tunique-medicale-a-manches-courtes","status":"publish","type":"product","link":"https:\/\/prestige-e.com\/fr\/produit\/ferox-tunique-medicale-a-manches-courtes\/","title":{"rendered":"Ferox &#8211; tunique m\u00e9dicale \u00e0 manches courtes"},"content":{"rendered":"","protected":false},"excerpt":{"rendered":"<p>Tunique m\u00e9dicale \u00e0 manches courtes.<br \/>\nMicrofibre.<br \/>\nCol en V avec encolure crois\u00e9e.<br \/>\nPanneaux lat\u00e9raux.<br \/>\nDeux poches lat\u00e9rales et une poche int\u00e9rieure sur la poche droite.<br \/>\nFentes lat\u00e9rales \u00e0 l&rsquo;ourlet.<br \/>\n\u00c9tiquette ext\u00e9rieure Roly WRK.<\/p>\n<p><strong><u>Mati\u00e8re<\/u><\/strong> : 94 % polyester \/ 6 % \u00e9lasthanne, microfibre 170 g\/m\u00b2<\/p>\n","protected":false},"featured_media":38264,"comment_status":"closed","ping_status":"closed","template":"","meta":{"inline_featured_image":false},"product_brand":[],"product_cat":[217,148],"product_tag":[],"class_list":{"0":"post-38263","1":"product","2":"type-product","3":"status-publish","4":"has-post-thumbnail","6":"product_cat-habits-de-travail-mode","7":"product_cat-mode","9":"first","10":"instock","11":"featured","12":"shipping-taxable","13":"purchasable","14":"product-type-simple"},"aioseo_notices":[],"_links":{"self":[{"href":"https:\/\/prestige-e.com\/fr\/wp-json\/wp\/v2\/product\/38263","targetHints":{"allow":["GET"]}}],"collection":[{"href":"https:\/\/prestige-e.com\/fr\/wp-json\/wp\/v2\/product"}],"about":[{"href":"https:\/\/prestige-e.com\/fr\/wp-json\/wp\/v2\/types\/product"}],"replies":[{"embeddable":true,"href":"https:\/\/prestige-e.com\/fr\/wp-json\/wp\/v2\/comments?post=38263"}],"wp:featuredmedia":[{"embeddable":true,"href":"https:\/\/prestige-e.com\/fr\/wp-json\/wp\/v2\/media\/38264"}],"wp:attachment":[{"href":"https:\/\/prestige-e.com\/fr\/wp-json\/wp\/v2\/media?parent=38263"}],"wp:term":[{"taxonomy":"product_brand","embeddable":true,"href":"https:\/\/prestige-e.com\/fr\/wp-json\/wp\/v2\/product_brand?post=38263"},{"taxonomy":"product_cat","embeddable":true,"href":"https:\/\/prestige-e.com\/fr\/wp-json\/wp\/v2\/product_cat?post=38263"},{"taxonomy":"product_tag","embeddable":true,"href":"https:\/\/prestige-e.com\/fr\/wp-json\/wp\/v2\/product_tag?post=38263"}],"curies":[{"name":"wp","href":"https:\/\/api.w.org\/{rel}","templated":true}]}}