{"id":38258,"date":"2024-07-22T09:05:43","date_gmt":"2024-07-22T07:05:43","guid":{"rendered":"https:\/\/prestige-e.com\/product\/tablier-recycle-aware-shara-240-g-m%c2%b2\/"},"modified":"2025-11-27T13:26:24","modified_gmt":"2025-11-27T12:26:24","slug":"tablier-recycle-aware-shara-240-g-m%c2%b2","status":"publish","type":"product","link":"https:\/\/prestige-e.com\/fr\/produit\/tablier-recycle-aware-shara-240-g-m%c2%b2\/","title":{"rendered":"Tablier recycl\u00e9 aware\u2122 Shara 240 g\/m\u00b2"},"content":{"rendered":"","protected":false},"excerpt":{"rendered":"<p>Le tablier Shara est fabriqu\u00e9 en 240 g\/m\u00b2 de 70 % de coton recycl\u00e9 et 30 % de polyester recycl\u00e9, ce qui le rend \u00e9pais, robuste et confortable \u00e0 porter. Il est dot\u00e9 de 2 poches adjacentes (chacune de 22 x 20 cm) et d&rsquo;une attache \u00e0 nouer d&rsquo;un m\u00e8tre. Le tablier int\u00e8gre des fibres recycl\u00e9es Cyclo\u00ae dont la couleur du fil est d\u00e9termin\u00e9e par les d\u00e9chets pr\u00e9-tri\u00e9s utilis\u00e9s. Ces fibres r\u00e9duisent non seulement la demande en ressources vierges, mais t\u00e9moignent \u00e9galement d&rsquo;un engagement envers une vie circulaire, incarnant l&rsquo;essence de la r\u00e9duction des d\u00e9chets et de la promotion d&rsquo;un syst\u00e8me en circuit ferm\u00e9. Chaque tablier est \u00e9galement \u00e9quip\u00e9 d&rsquo;un traceur Aware\u2122. Cette fonctionnalit\u00e9 innovante permet aux utilisateurs de retracer les origines et le parcours de leur article via un code QR, am\u00e9liorant ainsi la transparence de la cha\u00eene d&rsquo;approvisionnement et favorisant un lien plus fort entre le produit et son processus de production. Polyester recycl\u00e9 Coton recycl\u00e9, 240 g\/m\u00b2.      <\/p>\n<p><strong><u>Dimension<\/u><\/strong> : 100 x 70 cm<\/p>\n<p><strong><u>Mat\u00e9riau<\/u><\/strong> : Polyester recycl\u00e9 Coton recycl\u00e9, 240 g\/m\u00b2<\/p>\n","protected":false},"featured_media":38261,"comment_status":"closed","ping_status":"closed","template":"","meta":{"inline_featured_image":false},"product_brand":[],"product_cat":[152,217,148,153],"product_tag":[],"class_list":{"0":"post-38258","1":"product","2":"type-product","3":"status-publish","4":"has-post-thumbnail","6":"product_cat-ecologie","7":"product_cat-habits-de-travail-mode","8":"product_cat-mode","9":"product_cat-textile-ecologie","11":"first","12":"instock","13":"shipping-taxable","14":"purchasable","15":"product-type-simple"},"aioseo_notices":[],"_links":{"self":[{"href":"https:\/\/prestige-e.com\/fr\/wp-json\/wp\/v2\/product\/38258","targetHints":{"allow":["GET"]}}],"collection":[{"href":"https:\/\/prestige-e.com\/fr\/wp-json\/wp\/v2\/product"}],"about":[{"href":"https:\/\/prestige-e.com\/fr\/wp-json\/wp\/v2\/types\/product"}],"replies":[{"embeddable":true,"href":"https:\/\/prestige-e.com\/fr\/wp-json\/wp\/v2\/comments?post=38258"}],"wp:featuredmedia":[{"embeddable":true,"href":"https:\/\/prestige-e.com\/fr\/wp-json\/wp\/v2\/media\/38261"}],"wp:attachment":[{"href":"https:\/\/prestige-e.com\/fr\/wp-json\/wp\/v2\/media?parent=38258"}],"wp:term":[{"taxonomy":"product_brand","embeddable":true,"href":"https:\/\/prestige-e.com\/fr\/wp-json\/wp\/v2\/product_brand?post=38258"},{"taxonomy":"product_cat","embeddable":true,"href":"https:\/\/prestige-e.com\/fr\/wp-json\/wp\/v2\/product_cat?post=38258"},{"taxonomy":"product_tag","embeddable":true,"href":"https:\/\/prestige-e.com\/fr\/wp-json\/wp\/v2\/product_tag?post=38258"}],"curies":[{"name":"wp","href":"https:\/\/api.w.org\/{rel}","templated":true}]}}