{"id":38254,"date":"2024-07-22T09:04:24","date_gmt":"2024-07-22T07:04:24","guid":{"rendered":"https:\/\/prestige-e.com\/product\/polo-a-manches-courtes-tamil-femmes\/"},"modified":"2025-11-27T13:26:24","modified_gmt":"2025-11-27T12:26:24","slug":"polo-a-manches-courtes-tamil-femmes","status":"publish","type":"product","link":"https:\/\/prestige-e.com\/fr\/produit\/polo-a-manches-courtes-tamil-femmes\/","title":{"rendered":"Polo \u00e0 manches courtes Tamil &#8211; femmes"},"content":{"rendered":"","protected":false},"excerpt":{"rendered":"<p>Polo technique ajust\u00e9 \u00e0 manches courtes, respirant. Antibact\u00e9rien. Fentes lat\u00e9rales. Empi\u00e8cements contrast\u00e9s aux \u00e9paules et aux emmanchures. Col et poignets en c\u00f4tes 1&#215;1 ton sur ton avec d\u00e9tail contrast\u00e9. Patte de boutonnage avec boutons-pression, un visible en couleur contrast\u00e9e et un cach\u00e9 \u00e0 l&rsquo;int\u00e9rieur de la patte. Bande de propret\u00e9 en tissu assorti et couleur contrast\u00e9e. Certifi\u00e9 GRS.       <\/p>\n<p><strong><u>Mati\u00e8re<\/u><\/strong> : 50 % polyester recycl\u00e9 \/ 50 % polyester antibact\u00e9rien, 140 g\/m\u00b2.<\/p>\n","protected":false},"featured_media":38256,"comment_status":"closed","ping_status":"closed","template":"","meta":{"inline_featured_image":false},"product_brand":[],"product_cat":[204,148],"product_tag":[],"class_list":{"0":"post-38254","1":"product","2":"type-product","3":"status-publish","4":"has-post-thumbnail","6":"product_cat-ete-mode","7":"product_cat-mode","9":"first","10":"instock","11":"shipping-taxable","12":"purchasable","13":"product-type-simple"},"aioseo_notices":[],"_links":{"self":[{"href":"https:\/\/prestige-e.com\/fr\/wp-json\/wp\/v2\/product\/38254","targetHints":{"allow":["GET"]}}],"collection":[{"href":"https:\/\/prestige-e.com\/fr\/wp-json\/wp\/v2\/product"}],"about":[{"href":"https:\/\/prestige-e.com\/fr\/wp-json\/wp\/v2\/types\/product"}],"replies":[{"embeddable":true,"href":"https:\/\/prestige-e.com\/fr\/wp-json\/wp\/v2\/comments?post=38254"}],"wp:featuredmedia":[{"embeddable":true,"href":"https:\/\/prestige-e.com\/fr\/wp-json\/wp\/v2\/media\/38256"}],"wp:attachment":[{"href":"https:\/\/prestige-e.com\/fr\/wp-json\/wp\/v2\/media?parent=38254"}],"wp:term":[{"taxonomy":"product_brand","embeddable":true,"href":"https:\/\/prestige-e.com\/fr\/wp-json\/wp\/v2\/product_brand?post=38254"},{"taxonomy":"product_cat","embeddable":true,"href":"https:\/\/prestige-e.com\/fr\/wp-json\/wp\/v2\/product_cat?post=38254"},{"taxonomy":"product_tag","embeddable":true,"href":"https:\/\/prestige-e.com\/fr\/wp-json\/wp\/v2\/product_tag?post=38254"}],"curies":[{"name":"wp","href":"https:\/\/api.w.org\/{rel}","templated":true}]}}