{"id":38251,"date":"2024-07-21T18:49:13","date_gmt":"2024-07-21T16:49:13","guid":{"rendered":"https:\/\/prestige-e.com\/product\/debardeur-ample-a-larges-bretelles\/"},"modified":"2025-11-27T13:26:24","modified_gmt":"2025-11-27T12:26:24","slug":"debardeur-ample-a-larges-bretelles","status":"publish","type":"product","link":"https:\/\/prestige-e.com\/fr\/produit\/debardeur-ample-a-larges-bretelles\/","title":{"rendered":"D\u00e9bardeur ample \u00e0 larges bretelles"},"content":{"rendered":"","protected":false},"excerpt":{"rendered":"<p>D\u00e9bardeur ample \u00e0 larges bretelles. Encolure ronde et emmanchures en c\u00f4tes 1&#215;1. Ourlet arrondi. Bande de propret\u00e9 \u00e0 l&rsquo;encolure dans le m\u00eame tissu   <\/p>\n<p><strong><u>Mati\u00e8re<\/u><\/strong> : 100 % coton, 150 g\/m\u00b2<\/p>\n","protected":false},"featured_media":38252,"comment_status":"closed","ping_status":"closed","template":"","meta":{"inline_featured_image":false},"product_brand":[],"product_cat":[204,148],"product_tag":[],"class_list":{"0":"post-38251","1":"product","2":"type-product","3":"status-publish","4":"has-post-thumbnail","6":"product_cat-ete-mode","7":"product_cat-mode","9":"first","10":"instock","11":"shipping-taxable","12":"purchasable","13":"product-type-simple"},"aioseo_notices":[],"_links":{"self":[{"href":"https:\/\/prestige-e.com\/fr\/wp-json\/wp\/v2\/product\/38251","targetHints":{"allow":["GET"]}}],"collection":[{"href":"https:\/\/prestige-e.com\/fr\/wp-json\/wp\/v2\/product"}],"about":[{"href":"https:\/\/prestige-e.com\/fr\/wp-json\/wp\/v2\/types\/product"}],"replies":[{"embeddable":true,"href":"https:\/\/prestige-e.com\/fr\/wp-json\/wp\/v2\/comments?post=38251"}],"wp:featuredmedia":[{"embeddable":true,"href":"https:\/\/prestige-e.com\/fr\/wp-json\/wp\/v2\/media\/38252"}],"wp:attachment":[{"href":"https:\/\/prestige-e.com\/fr\/wp-json\/wp\/v2\/media?parent=38251"}],"wp:term":[{"taxonomy":"product_brand","embeddable":true,"href":"https:\/\/prestige-e.com\/fr\/wp-json\/wp\/v2\/product_brand?post=38251"},{"taxonomy":"product_cat","embeddable":true,"href":"https:\/\/prestige-e.com\/fr\/wp-json\/wp\/v2\/product_cat?post=38251"},{"taxonomy":"product_tag","embeddable":true,"href":"https:\/\/prestige-e.com\/fr\/wp-json\/wp\/v2\/product_tag?post=38251"}],"curies":[{"name":"wp","href":"https:\/\/api.w.org\/{rel}","templated":true}]}}