{"id":38247,"date":"2024-07-21T18:39:00","date_gmt":"2024-07-21T16:39:00","guid":{"rendered":"https:\/\/prestige-e.com\/product\/daily-hv-pantalon-long-multi-poches-a-haute-visibilite\/"},"modified":"2025-11-27T13:26:25","modified_gmt":"2025-11-27T12:26:25","slug":"daily-hv-pantalon-long-multi-poches-a-haute-visibilite","status":"publish","type":"product","link":"https:\/\/prestige-e.com\/fr\/produit\/daily-hv-pantalon-long-multi-poches-a-haute-visibilite\/","title":{"rendered":"Daily HV &#8211; Pantalon long multi-poches \u00e0 haute visibilit\u00e9"},"content":{"rendered":"","protected":false},"excerpt":{"rendered":"<p>Pantalon long multi-poches \u00e0 haute visibilit\u00e9.<br \/>\nTissu durable.<br \/>\nCeinture \u00e9lastiqu\u00e9e \u00e0 l&rsquo;arri\u00e8re.<br \/>\nDeux poches avant.<br \/>\nPoche arri\u00e8re droite avec rabat et fermeture Velcro.<br \/>\nDeux poches cargo avec rabat et fermeture Velcro.<br \/>\nEntrejambe renforc\u00e9.<br \/>\nGenouill\u00e8res renforc\u00e9es.<br \/>\nDeux bandes r\u00e9fl\u00e9chissantes sur les jambes.<br \/>\n\u00c9tiquette ext\u00e9rieure Roly WRK.<br \/>\nCycles de lavage : x25<\/p>\n<p><strong><u>Mati\u00e8re<\/u><\/strong> : 65 % polyester \/ 35 % coton, serg\u00e9 240 g\/m\u00b2.<\/p>\n","protected":false},"featured_media":38249,"comment_status":"closed","ping_status":"closed","template":"","meta":{"inline_featured_image":false},"product_brand":[],"product_cat":[217,148],"product_tag":[],"class_list":{"0":"post-38247","1":"product","2":"type-product","3":"status-publish","4":"has-post-thumbnail","6":"product_cat-habits-de-travail-mode","7":"product_cat-mode","9":"first","10":"instock","11":"shipping-taxable","12":"purchasable","13":"product-type-simple"},"aioseo_notices":[],"_links":{"self":[{"href":"https:\/\/prestige-e.com\/fr\/wp-json\/wp\/v2\/product\/38247","targetHints":{"allow":["GET"]}}],"collection":[{"href":"https:\/\/prestige-e.com\/fr\/wp-json\/wp\/v2\/product"}],"about":[{"href":"https:\/\/prestige-e.com\/fr\/wp-json\/wp\/v2\/types\/product"}],"replies":[{"embeddable":true,"href":"https:\/\/prestige-e.com\/fr\/wp-json\/wp\/v2\/comments?post=38247"}],"wp:featuredmedia":[{"embeddable":true,"href":"https:\/\/prestige-e.com\/fr\/wp-json\/wp\/v2\/media\/38249"}],"wp:attachment":[{"href":"https:\/\/prestige-e.com\/fr\/wp-json\/wp\/v2\/media?parent=38247"}],"wp:term":[{"taxonomy":"product_brand","embeddable":true,"href":"https:\/\/prestige-e.com\/fr\/wp-json\/wp\/v2\/product_brand?post=38247"},{"taxonomy":"product_cat","embeddable":true,"href":"https:\/\/prestige-e.com\/fr\/wp-json\/wp\/v2\/product_cat?post=38247"},{"taxonomy":"product_tag","embeddable":true,"href":"https:\/\/prestige-e.com\/fr\/wp-json\/wp\/v2\/product_tag?post=38247"}],"curies":[{"name":"wp","href":"https:\/\/api.w.org\/{rel}","templated":true}]}}