{"id":38214,"date":"2023-03-11T13:42:15","date_gmt":"2023-03-11T12:42:15","guid":{"rendered":"https:\/\/prestige-e.com\/product\/support-telephonique\/"},"modified":"2025-11-27T13:26:54","modified_gmt":"2025-11-27T12:26:54","slug":"support-telephonique","status":"publish","type":"product","link":"https:\/\/prestige-e.com\/fr\/produit\/support-telephonique\/","title":{"rendered":"Support t\u00e9l\u00e9phonique"},"content":{"rendered":"","protected":false},"excerpt":{"rendered":"<p>Support multifonction pour smartphone, avec monnayeur pour caddie int\u00e9gr\u00e9 et support anneau\/pliable. Corps en ABS r\u00e9sistant avec une finition blanche, avec une pi\u00e8ce de monnaie en bambou. Avec adh\u00e9sif de fixation extra fort et sans r\u00e9sidus lorsqu&rsquo;il est d\u00e9tach\u00e9 de l&rsquo;appareil. Adh\u00e9sif. 3 Fonctions<\/p>\n<p><strong>Dimension<\/strong>: 4 x 5.8 x 3.3 cm<\/p>\n<p>Mat\u00e9riau: Bambou et ABS<\/p>\n","protected":false},"featured_media":38215,"comment_status":"closed","ping_status":"closed","template":"","meta":{"inline_featured_image":false},"product_brand":[],"product_cat":[146,178,152,210],"product_tag":[],"class_list":{"0":"post-38214","1":"product","2":"type-product","3":"status-publish","4":"has-post-thumbnail","6":"product_cat-articles-de-bureau","7":"product_cat-bureau-articles-de-bureau","8":"product_cat-ecologie","9":"product_cat-espace-de-travail-ecologie","11":"first","12":"instock","13":"shipping-taxable","14":"purchasable","15":"product-type-simple"},"aioseo_notices":[],"_links":{"self":[{"href":"https:\/\/prestige-e.com\/fr\/wp-json\/wp\/v2\/product\/38214","targetHints":{"allow":["GET"]}}],"collection":[{"href":"https:\/\/prestige-e.com\/fr\/wp-json\/wp\/v2\/product"}],"about":[{"href":"https:\/\/prestige-e.com\/fr\/wp-json\/wp\/v2\/types\/product"}],"replies":[{"embeddable":true,"href":"https:\/\/prestige-e.com\/fr\/wp-json\/wp\/v2\/comments?post=38214"}],"wp:featuredmedia":[{"embeddable":true,"href":"https:\/\/prestige-e.com\/fr\/wp-json\/wp\/v2\/media\/38215"}],"wp:attachment":[{"href":"https:\/\/prestige-e.com\/fr\/wp-json\/wp\/v2\/media?parent=38214"}],"wp:term":[{"taxonomy":"product_brand","embeddable":true,"href":"https:\/\/prestige-e.com\/fr\/wp-json\/wp\/v2\/product_brand?post=38214"},{"taxonomy":"product_cat","embeddable":true,"href":"https:\/\/prestige-e.com\/fr\/wp-json\/wp\/v2\/product_cat?post=38214"},{"taxonomy":"product_tag","embeddable":true,"href":"https:\/\/prestige-e.com\/fr\/wp-json\/wp\/v2\/product_tag?post=38214"}],"curies":[{"name":"wp","href":"https:\/\/api.w.org\/{rel}","templated":true}]}}