{"id":37823,"date":"2023-03-11T14:19:48","date_gmt":"2023-03-11T13:19:48","guid":{"rendered":"https:\/\/prestige-e.com\/product\/batterie-externe-en-bambou\/"},"modified":"2025-11-27T13:26:51","modified_gmt":"2025-11-27T12:26:51","slug":"batterie-externe-en-bambou","status":"publish","type":"product","link":"https:\/\/prestige-e.com\/fr\/produit\/batterie-externe-en-bambou\/","title":{"rendered":"Batterie externe en bambou"},"content":{"rendered":"","protected":false},"excerpt":{"rendered":"<p>Chargement sans fil (15W) et batterie externe d&rsquo;une capacit\u00e9 de 6000 mAh dans un bo\u00eetier en bambou. Courant de sortie DC5V\/2A. Comprend un voyant lumineux et un c\u00e2ble USB avec prise Type C. Entr\u00e9e\/Sortie : Type-C. Le bambou est un produit naturel, il peut y avoir de l\u00e9g\u00e8res variations de couleur et de taille par article, ce qui peut affecter le r\u00e9sultat final de la d\u00e9coration.    <\/p>\n<p><strong><u>Dimensions<\/u><\/strong> : 14,7 x 7,5 x 1,6 cm<\/p>\n<p><strong><u>Mat\u00e9riau<\/u><\/strong> : batterie et bambou<\/p>\n","protected":false},"featured_media":37824,"comment_status":"closed","ping_status":"closed","template":"","meta":{"inline_featured_image":false},"product_brand":[],"product_cat":[175,226,214,174,146,152],"product_tag":[],"class_list":{"0":"post-37823","1":"product","2":"type-product","3":"status-publish","4":"has-post-thumbnail","6":"product_cat-appareils-art-de-vivre","7":"product_cat-appareils-bureau","8":"product_cat-appareils-ecologie","9":"product_cat-art-de-vivre","10":"product_cat-articles-de-bureau","11":"product_cat-ecologie","13":"first","14":"instock","15":"shipping-taxable","16":"purchasable","17":"product-type-simple"},"aioseo_notices":[],"_links":{"self":[{"href":"https:\/\/prestige-e.com\/fr\/wp-json\/wp\/v2\/product\/37823","targetHints":{"allow":["GET"]}}],"collection":[{"href":"https:\/\/prestige-e.com\/fr\/wp-json\/wp\/v2\/product"}],"about":[{"href":"https:\/\/prestige-e.com\/fr\/wp-json\/wp\/v2\/types\/product"}],"replies":[{"embeddable":true,"href":"https:\/\/prestige-e.com\/fr\/wp-json\/wp\/v2\/comments?post=37823"}],"wp:featuredmedia":[{"embeddable":true,"href":"https:\/\/prestige-e.com\/fr\/wp-json\/wp\/v2\/media\/37824"}],"wp:attachment":[{"href":"https:\/\/prestige-e.com\/fr\/wp-json\/wp\/v2\/media?parent=37823"}],"wp:term":[{"taxonomy":"product_brand","embeddable":true,"href":"https:\/\/prestige-e.com\/fr\/wp-json\/wp\/v2\/product_brand?post=37823"},{"taxonomy":"product_cat","embeddable":true,"href":"https:\/\/prestige-e.com\/fr\/wp-json\/wp\/v2\/product_cat?post=37823"},{"taxonomy":"product_tag","embeddable":true,"href":"https:\/\/prestige-e.com\/fr\/wp-json\/wp\/v2\/product_tag?post=37823"}],"curies":[{"name":"wp","href":"https:\/\/api.w.org\/{rel}","templated":true}]}}