{"id":37818,"date":"2023-03-13T13:36:39","date_gmt":"2023-03-13T12:36:39","guid":{"rendered":"https:\/\/prestige-e.com\/product\/lunettes-de-soleil-en-bambou-et-plastique-recycle-rcs\/"},"modified":"2025-11-27T13:26:45","modified_gmt":"2025-11-27T12:26:45","slug":"lunettes-de-soleil-en-bambou-et-plastique-recycle-rcs","status":"publish","type":"product","link":"https:\/\/prestige-e.com\/fr\/produit\/lunettes-de-soleil-en-bambou-et-plastique-recycle-rcs\/","title":{"rendered":"Lunettes de soleil en bambou et plastique recycl\u00e9 RCS"},"content":{"rendered":"","protected":false},"excerpt":{"rendered":"<p>Lunettes de soleil fabriqu\u00e9es avec une monture en PC recycl\u00e9 certifi\u00e9 RCS et des branches en bambou FSC\u00ae 100 %. Le contenu recycl\u00e9 de la monture est de 100 %. Contenu recycl\u00e9 total : 41 % bas\u00e9 sur le poids total de l&rsquo;article. La certification RCS garantit une cha\u00eene d&rsquo;approvisionnement enti\u00e8rement certifi\u00e9e des mat\u00e9riaux recycl\u00e9s. Les verres sont en acrylique fum\u00e9 et conformes \u00e0 la norme EN ISO 12312-1, UV 400 et CAT 3. Emball\u00e9 dans un conditionnement kraft FSC\u00ae.     <\/p>\n<p><strong><u>Dimension<\/u><\/strong> : 14,4 x 14,3 x 4,3 cm<\/p>\n<p><strong><u>Mat\u00e9riau<\/u><\/strong> : rPC<\/p>\n","protected":false},"featured_media":37819,"comment_status":"closed","ping_status":"closed","template":"","meta":{"inline_featured_image":false},"product_brand":[],"product_cat":[171,148],"product_tag":[],"class_list":{"0":"post-37818","1":"product","2":"type-product","3":"status-publish","4":"has-post-thumbnail","6":"product_cat-accessoires-mode","7":"product_cat-mode","9":"first","10":"instock","11":"shipping-taxable","12":"purchasable","13":"product-type-simple"},"aioseo_notices":[],"_links":{"self":[{"href":"https:\/\/prestige-e.com\/fr\/wp-json\/wp\/v2\/product\/37818","targetHints":{"allow":["GET"]}}],"collection":[{"href":"https:\/\/prestige-e.com\/fr\/wp-json\/wp\/v2\/product"}],"about":[{"href":"https:\/\/prestige-e.com\/fr\/wp-json\/wp\/v2\/types\/product"}],"replies":[{"embeddable":true,"href":"https:\/\/prestige-e.com\/fr\/wp-json\/wp\/v2\/comments?post=37818"}],"wp:featuredmedia":[{"embeddable":true,"href":"https:\/\/prestige-e.com\/fr\/wp-json\/wp\/v2\/media\/37819"}],"wp:attachment":[{"href":"https:\/\/prestige-e.com\/fr\/wp-json\/wp\/v2\/media?parent=37818"}],"wp:term":[{"taxonomy":"product_brand","embeddable":true,"href":"https:\/\/prestige-e.com\/fr\/wp-json\/wp\/v2\/product_brand?post=37818"},{"taxonomy":"product_cat","embeddable":true,"href":"https:\/\/prestige-e.com\/fr\/wp-json\/wp\/v2\/product_cat?post=37818"},{"taxonomy":"product_tag","embeddable":true,"href":"https:\/\/prestige-e.com\/fr\/wp-json\/wp\/v2\/product_tag?post=37818"}],"curies":[{"name":"wp","href":"https:\/\/api.w.org\/{rel}","templated":true}]}}