{"id":37803,"date":"2024-07-22T13:02:27","date_gmt":"2024-07-22T11:02:27","guid":{"rendered":"https:\/\/prestige-e.com\/product\/odessa-220-g-m%c2%b2-recycled-tote-bag\/"},"modified":"2025-11-27T13:26:20","modified_gmt":"2025-11-27T12:26:20","slug":"odessa-220-g-m%c2%b2-recycled-tote-bag","status":"publish","type":"product","link":"https:\/\/prestige-e.com\/fr\/produit\/odessa-220-g-m%c2%b2-recycled-tote-bag\/","title":{"rendered":"Sac cabas Odessa 220 g\/m\u00b2 coton recycl\u00e9 GRS 13L"},"content":{"rendered":"","protected":false},"excerpt":{"rendered":"<p>Le sac cabas Odessa fabriqu\u00e9 en coton 100 % recycl\u00e9 GRS est con\u00e7u pour un transport confortable gr\u00e2ce \u00e0 ses anses d&rsquo;\u00e9paule de 30 cm de long et son grand compartiment principal \u00e0 soufflet. Qu&rsquo;il s&rsquo;agisse de transporter des livres lourds ou des courses, ce sac est con\u00e7u pour r\u00e9pondre \u00e0 tous les besoins. Les m\u00e9thodes d&rsquo;impression disponibles pour ce sac cabas sont \u00e9galement certifi\u00e9es GRS, garantissant que toute la cha\u00eene d&rsquo;approvisionnement est transparente et certifi\u00e9e. Le coton de 220 g\/m\u00b2 assure durabilit\u00e9 et fiabilit\u00e9, conf\u00e9rant au sac une r\u00e9sistance jusqu&rsquo;\u00e0 10 kg de poids. Fabriqu\u00e9 en Inde. Capacit\u00e9 de volume : 13 litres. Coton recycl\u00e9, 220 g\/m2.      <\/p>\n<p><strong><u>Dimension<\/u><\/strong> : 38 x 8,5 x 41 cm<\/p>\n<p><strong><u>Mati\u00e8re<\/u><\/strong> : Coton recycl\u00e9, 220 g\/m2<\/p>\n","protected":false},"featured_media":37804,"comment_status":"closed","ping_status":"closed","template":"","meta":{"inline_featured_image":false},"product_brand":[],"product_cat":[174,152,219,212],"product_tag":[],"class_list":{"0":"post-37803","1":"product","2":"type-product","3":"status-publish","4":"has-post-thumbnail","6":"product_cat-art-de-vivre","7":"product_cat-ecologie","8":"product_cat-sacs-art-de-vivre","9":"product_cat-sacs-ecologie","11":"first","12":"instock","13":"shipping-taxable","14":"purchasable","15":"product-type-simple"},"aioseo_notices":[],"_links":{"self":[{"href":"https:\/\/prestige-e.com\/fr\/wp-json\/wp\/v2\/product\/37803","targetHints":{"allow":["GET"]}}],"collection":[{"href":"https:\/\/prestige-e.com\/fr\/wp-json\/wp\/v2\/product"}],"about":[{"href":"https:\/\/prestige-e.com\/fr\/wp-json\/wp\/v2\/types\/product"}],"replies":[{"embeddable":true,"href":"https:\/\/prestige-e.com\/fr\/wp-json\/wp\/v2\/comments?post=37803"}],"wp:featuredmedia":[{"embeddable":true,"href":"https:\/\/prestige-e.com\/fr\/wp-json\/wp\/v2\/media\/37804"}],"wp:attachment":[{"href":"https:\/\/prestige-e.com\/fr\/wp-json\/wp\/v2\/media?parent=37803"}],"wp:term":[{"taxonomy":"product_brand","embeddable":true,"href":"https:\/\/prestige-e.com\/fr\/wp-json\/wp\/v2\/product_brand?post=37803"},{"taxonomy":"product_cat","embeddable":true,"href":"https:\/\/prestige-e.com\/fr\/wp-json\/wp\/v2\/product_cat?post=37803"},{"taxonomy":"product_tag","embeddable":true,"href":"https:\/\/prestige-e.com\/fr\/wp-json\/wp\/v2\/product_tag?post=37803"}],"curies":[{"name":"wp","href":"https:\/\/api.w.org\/{rel}","templated":true}]}}