{"id":37713,"date":"2023-03-15T08:37:50","date_gmt":"2023-03-15T07:37:50","guid":{"rendered":"https:\/\/prestige-e.com\/product\/gobelet-en-pp-recycle\/"},"modified":"2025-11-27T13:26:29","modified_gmt":"2025-11-27T12:26:29","slug":"gobelet-en-pp-recycle","status":"publish","type":"product","link":"https:\/\/prestige-e.com\/fr\/produit\/gobelet-en-pp-recycle\/","title":{"rendered":"Gobelet en PP recycl\u00e9"},"content":{"rendered":"","protected":false},"excerpt":{"rendered":"<p>Gobelet \u00e0 double paroi avec couvercle et paille, en PP recycl\u00e9. Capacit\u00e9 : 300 ml. Dimensions : \u00d89 x 12 cm.  <\/p>\n<p><strong>Quantit\u00e9 minimale de commande requise pour ce produit&nbsp;:<\/strong><\/p>\n","protected":false},"featured_media":37715,"comment_status":"closed","ping_status":"closed","template":"","meta":{"inline_featured_image":false},"product_brand":[],"product_cat":[174,213,188,190,152,189],"product_tag":[],"class_list":{"0":"post-37713","1":"product","2":"type-product","3":"status-publish","4":"has-post-thumbnail","6":"product_cat-art-de-vivre","7":"product_cat-bouteilles-mugs-ecologie","8":"product_cat-bouteilles-mugs-lifestyle","9":"product_cat-bouteilles-mugs-voyage","10":"product_cat-ecologie","11":"product_cat-voyage","13":"first","14":"instock","15":"shipping-taxable","16":"purchasable","17":"product-type-simple"},"aioseo_notices":[],"_links":{"self":[{"href":"https:\/\/prestige-e.com\/fr\/wp-json\/wp\/v2\/product\/37713","targetHints":{"allow":["GET"]}}],"collection":[{"href":"https:\/\/prestige-e.com\/fr\/wp-json\/wp\/v2\/product"}],"about":[{"href":"https:\/\/prestige-e.com\/fr\/wp-json\/wp\/v2\/types\/product"}],"replies":[{"embeddable":true,"href":"https:\/\/prestige-e.com\/fr\/wp-json\/wp\/v2\/comments?post=37713"}],"wp:featuredmedia":[{"embeddable":true,"href":"https:\/\/prestige-e.com\/fr\/wp-json\/wp\/v2\/media\/37715"}],"wp:attachment":[{"href":"https:\/\/prestige-e.com\/fr\/wp-json\/wp\/v2\/media?parent=37713"}],"wp:term":[{"taxonomy":"product_brand","embeddable":true,"href":"https:\/\/prestige-e.com\/fr\/wp-json\/wp\/v2\/product_brand?post=37713"},{"taxonomy":"product_cat","embeddable":true,"href":"https:\/\/prestige-e.com\/fr\/wp-json\/wp\/v2\/product_cat?post=37713"},{"taxonomy":"product_tag","embeddable":true,"href":"https:\/\/prestige-e.com\/fr\/wp-json\/wp\/v2\/product_tag?post=37713"}],"curies":[{"name":"wp","href":"https:\/\/api.w.org\/{rel}","templated":true}]}}