{"id":37693,"date":"2021-05-13T06:56:00","date_gmt":"2021-05-13T04:56:00","guid":{"rendered":"https:\/\/prestige-e.com\/product\/carnet-de-voyage-barcelone\/"},"modified":"2025-11-27T13:27:18","modified_gmt":"2025-11-27T12:27:18","slug":"carnet-de-voyage-barcelone","status":"publish","type":"product","link":"https:\/\/prestige-e.com\/fr\/produit\/carnet-de-voyage-barcelone\/","title":{"rendered":"Carnet de voyage Barcelone"},"content":{"rendered":"","protected":false},"excerpt":{"rendered":"<div class=\"lv-product-features\">\n<div class=\"lv-expandable-panel -minimal-height\">\n<div id=\"read-more\" class=\"lv-expandable-panel__content\" aria-hidden=\"false\">\n<div class=\"lv-product-features\">\n<div class=\"lv-expandable-panel -minimal-height\">\n<div id=\"read-more\" class=\"lv-expandable-panel__content\" aria-hidden=\"false\">\n<div class=\"lv-product-features\">\n<div class=\"lv-expandable-panel -minimal-height\">\n<div id=\"read-more\" class=\"lv-expandable-panel__content\" aria-hidden=\"false\">\n<div class=\"lv-product-features\">\n<div class=\"lv-expandable-panel -minimal-height\">\n<div id=\"read-more\" class=\"lv-expandable-panel__content\" aria-hidden=\"false\">\n<div class=\"lv-expandable-panel -minimal-height\">\n<div id=\"read-more\" class=\"lv-expandable-panel__content\" aria-hidden=\"false\">\n<div class=\"lv-product-description\">\n<div class=\"lv-expandable-panel -minimal-height\">\n<div id=\"read-more\" class=\"lv-expandable-panel__content\" aria-hidden=\"false\">\n<div class=\"lv-expandable-panel -minimal-height\">\n<div id=\"read-more\" class=\"lv-expandable-panel__content\" aria-hidden=\"false\">\n<div class=\"lv-expandable-panel -minimal-height\">\n<div id=\"read-more\" class=\"lv-expandable-panel__content\" aria-hidden=\"false\">\n<p>La collection \u00ab Louis Vuitton Travel Book \u00bb est une invitation au voyage, \u00e0 la fois r\u00e9el et imaginaire. \u00c0 travers ses pages, les illustrations d\u2019artistes renomm\u00e9s et de jeunes talents prometteurs racontent les histoires des villes et des pays qu\u2019ils ont explor\u00e9s, en d\u00e9voilant la diversit\u00e9 de leur architecture, la lumi\u00e8re particuli\u00e8re de chaque lieu, ainsi que le rythme des jours et des vies qui s\u2019y d\u00e9roulent. Le Travel Book propose une vision contemporaine du voyage, embrassant aussi bien les \u00e9tendues sauvages et lointaines que les m\u00e9tropoles vibrantes qui ne dorment jamais. Chaque artiste y explore un territoire jusque-l\u00e0 inconnu, dans le m\u00e9dium de son choix. Les univers cr\u00e9atifs pr\u00e9sent\u00e9s sont d\u2019une grande diversit\u00e9 : dessin, peinture, collage, art contemporain, illustration, bande dessin\u00e9e ou manga. Dans ce volume, l\u2019artiste fran\u00e7ais Marc Desgrandchamps se rend \u00e0 Barcelone, qu\u2019il repr\u00e9sente dans des tons translucides et qu\u2019il peuple d\u2019\u00eatres \u00e9ph\u00e9m\u00e8res.<\/p>\n<p>\u00ab Mon travail n\u2019est pas narratif, m\u00eame si je ne dirais pas que la notion de r\u00e9cit en est totalement absente, \u00bb explique-t-il. \u00ab C\u2019est comme lorsque l\u2019on regarde quelqu\u2019un marcher dans la rue ou une voiture passer : il ne se passe rien, et pourtant c\u2019est le d\u00e9but d\u2019une histoire possible. \u00bb<\/p>\n<p><strong>Dimensions : 28 \u00d7 19 cm<\/strong><\/p>\n<\/div>\n<\/div>\n<\/div>\n<\/div>\n<\/div>\n<\/div>\n<\/div>\n<\/div>\n<\/div>\n<\/div>\n<\/div>\n<\/div>\n<\/div>\n<\/div>\n<\/div>\n<\/div>\n<\/div>\n<\/div>\n<\/div>\n<\/div>\n<\/div>\n<p><strong><br \/>\nSi vous \u00eates int\u00e9ress\u00e9 par d&rsquo;autres produits de Louis Vuitton, veuillez nous en informer.<\/strong><\/p>\n","protected":false},"featured_media":37697,"comment_status":"closed","ping_status":"closed","template":"","meta":{"inline_featured_image":false},"product_brand":[],"product_cat":[194,186],"product_tag":[],"class_list":{"0":"post-37693","1":"product","2":"type-product","3":"status-publish","4":"has-post-thumbnail","6":"product_cat-carnet-de-voyage","7":"product_cat-louis-vuitton","9":"first","10":"instock","11":"shipping-taxable","12":"purchasable","13":"product-type-simple"},"aioseo_notices":[],"_links":{"self":[{"href":"https:\/\/prestige-e.com\/fr\/wp-json\/wp\/v2\/product\/37693","targetHints":{"allow":["GET"]}}],"collection":[{"href":"https:\/\/prestige-e.com\/fr\/wp-json\/wp\/v2\/product"}],"about":[{"href":"https:\/\/prestige-e.com\/fr\/wp-json\/wp\/v2\/types\/product"}],"replies":[{"embeddable":true,"href":"https:\/\/prestige-e.com\/fr\/wp-json\/wp\/v2\/comments?post=37693"}],"wp:featuredmedia":[{"embeddable":true,"href":"https:\/\/prestige-e.com\/fr\/wp-json\/wp\/v2\/media\/37697"}],"wp:attachment":[{"href":"https:\/\/prestige-e.com\/fr\/wp-json\/wp\/v2\/media?parent=37693"}],"wp:term":[{"taxonomy":"product_brand","embeddable":true,"href":"https:\/\/prestige-e.com\/fr\/wp-json\/wp\/v2\/product_brand?post=37693"},{"taxonomy":"product_cat","embeddable":true,"href":"https:\/\/prestige-e.com\/fr\/wp-json\/wp\/v2\/product_cat?post=37693"},{"taxonomy":"product_tag","embeddable":true,"href":"https:\/\/prestige-e.com\/fr\/wp-json\/wp\/v2\/product_tag?post=37693"}],"curies":[{"name":"wp","href":"https:\/\/api.w.org\/{rel}","templated":true}]}}