{"id":37673,"date":"2021-05-13T05:28:20","date_gmt":"2021-05-13T03:28:20","guid":{"rendered":"https:\/\/prestige-e.com\/product\/carnet-de-voyage-seoul\/"},"modified":"2025-11-27T13:27:19","modified_gmt":"2025-11-27T12:27:19","slug":"carnet-de-voyage-seoul","status":"publish","type":"product","link":"https:\/\/prestige-e.com\/fr\/produit\/carnet-de-voyage-seoul\/","title":{"rendered":"Carnet de voyage S\u00e9oul"},"content":{"rendered":"","protected":false},"excerpt":{"rendered":"<div class=\"lv-product-features\">\n<div class=\"lv-expandable-panel -minimal-height\">\n<div id=\"read-more\" class=\"lv-expandable-panel__content\" aria-hidden=\"false\">\n<div class=\"lv-product-features\">\n<div class=\"lv-expandable-panel -minimal-height\">\n<div id=\"read-more\" class=\"lv-expandable-panel__content\" aria-hidden=\"false\">\n<div class=\"lv-product-features\">\n<div class=\"lv-expandable-panel -minimal-height\">\n<div id=\"read-more\" class=\"lv-expandable-panel__content\" aria-hidden=\"false\">\n<div class=\"lv-product-features\">\n<div class=\"lv-expandable-panel -minimal-height\">\n<div id=\"read-more\" class=\"lv-expandable-panel__content\" aria-hidden=\"false\">\n<div class=\"lv-expandable-panel -minimal-height\">\n<div id=\"read-more\" class=\"lv-expandable-panel__content\" aria-hidden=\"false\">\n<div class=\"lv-product-description\">\n<p>Rapha\u00ebl Urwiller et Mayumi Otero, les deux artistes derri\u00e8re Icinori, capturent le c\u0153ur battant de la capitale sud-cor\u00e9enne, s\u2019immergeant dans ses coutumes et arts vivants, ses strates d\u2019histoire et ses moments de vie quotidienne. Ils illustrent avec finesse les innombrables d\u00e9tails qui composent la vie de la ville : le rythme des habitants, le mouvement de la rue, les commer\u00e7ants, le shopping, les salons de chirurgie esth\u00e9tique, la nourriture de rue. \u00ab S\u00e9oul est une ville organique, dot\u00e9e d\u2019une \u00e9nergie cr\u00e9ative \u00e9tonnante et d\u2019une grande \u00e9l\u00e9gance visuelle, visible dans la force de son design et la sophistication de sa signal\u00e9tique. Le bon go\u00fbt est partout, parfois un peu fou, mais universel. C\u2019est un m\u00e9lange de baroque et de modernit\u00e9 \u00bb, expliquent-ils. Icinori est un studio de designers, artistes visuels, s\u00e9rigraphes et \u00e9diteurs, fond\u00e9 en 2007 par Rapha\u00ebl Urwiller et Mayumi Otero alors qu\u2019ils \u00e9taient encore \u00e9tudiants \u00e0 l\u2019\u00c9cole sup\u00e9rieure des arts d\u00e9coratifs de Strasbourg. Depuis, ils voyagent, explorent, observent, illustrent et dessinent ensemble avec une attention au d\u00e9tail saisissante, faisant preuve d\u2019une m\u00e9ticulosit\u00e9 rare, propre aux artistes les plus passionn\u00e9s. Ils ont publi\u00e9 une trentaine d\u2019ouvrages, et leur travail a \u00e9t\u00e9 pr\u00e9sent\u00e9 dans des journaux et magazines prestigieux tels que Le Monde, Les Inrockuptibles, The New York Times, Forbes et The New Yorker. La collection Louis Vuitton Travel Book est une invitation au voyage, \u00e0 la fois r\u00e9el et imaginaire. \u00c0 travers ses pages, les illustrations d\u2019artistes renomm\u00e9s et de jeunes talents prometteurs racontent les histoires des villes et des pays qu\u2019ils ont parcourus. Les univers cr\u00e9atifs pr\u00e9sent\u00e9s sont d\u2019une grande diversit\u00e9 : au fil de leurs voyages, ces artistes venus des quatre coins du monde ont choisi librement leur mode d\u2019expression, allant de la peinture \u00e0 l\u2019illustration, du collage au manga.<\/p>\n<p><strong>Dimensions : 28 x 19 cm<\/strong><\/p>\n<\/div>\n<\/div>\n<\/div>\n<\/div>\n<\/div>\n<\/div>\n<\/div>\n<\/div>\n<\/div>\n<\/div>\n<\/div>\n<\/div>\n<\/div>\n<\/div>\n<\/div>\n<p><strong><br \/>\nSi vous \u00eates int\u00e9ress\u00e9 par d&rsquo;autres produits de Louis Vuitton, veuillez nous en informer.<\/strong><\/p>\n","protected":false},"featured_media":37678,"comment_status":"closed","ping_status":"closed","template":"","meta":{"inline_featured_image":false},"product_brand":[],"product_cat":[194,186],"product_tag":[],"class_list":{"0":"post-37673","1":"product","2":"type-product","3":"status-publish","4":"has-post-thumbnail","6":"product_cat-carnet-de-voyage","7":"product_cat-louis-vuitton","9":"first","10":"instock","11":"shipping-taxable","12":"purchasable","13":"product-type-simple"},"aioseo_notices":[],"_links":{"self":[{"href":"https:\/\/prestige-e.com\/fr\/wp-json\/wp\/v2\/product\/37673","targetHints":{"allow":["GET"]}}],"collection":[{"href":"https:\/\/prestige-e.com\/fr\/wp-json\/wp\/v2\/product"}],"about":[{"href":"https:\/\/prestige-e.com\/fr\/wp-json\/wp\/v2\/types\/product"}],"replies":[{"embeddable":true,"href":"https:\/\/prestige-e.com\/fr\/wp-json\/wp\/v2\/comments?post=37673"}],"wp:featuredmedia":[{"embeddable":true,"href":"https:\/\/prestige-e.com\/fr\/wp-json\/wp\/v2\/media\/37678"}],"wp:attachment":[{"href":"https:\/\/prestige-e.com\/fr\/wp-json\/wp\/v2\/media?parent=37673"}],"wp:term":[{"taxonomy":"product_brand","embeddable":true,"href":"https:\/\/prestige-e.com\/fr\/wp-json\/wp\/v2\/product_brand?post=37673"},{"taxonomy":"product_cat","embeddable":true,"href":"https:\/\/prestige-e.com\/fr\/wp-json\/wp\/v2\/product_cat?post=37673"},{"taxonomy":"product_tag","embeddable":true,"href":"https:\/\/prestige-e.com\/fr\/wp-json\/wp\/v2\/product_tag?post=37673"}],"curies":[{"name":"wp","href":"https:\/\/api.w.org\/{rel}","templated":true}]}}