{"id":37670,"date":"2021-05-15T13:55:22","date_gmt":"2021-05-15T11:55:22","guid":{"rendered":"https:\/\/prestige-e.com\/product\/repose-cuillere-blip\/"},"modified":"2025-11-27T13:27:15","modified_gmt":"2025-11-27T12:27:15","slug":"repose-cuillere-blip","status":"publish","type":"product","link":"https:\/\/prestige-e.com\/fr\/produit\/repose-cuillere-blip\/","title":{"rendered":"Repose-cuill\u00e8re Blip"},"content":{"rendered":"","protected":false},"excerpt":{"rendered":"<div class=\"lv-product-features\">\n<div class=\"lv-expandable-panel -minimal-height\">\n<div id=\"read-more\" class=\"lv-expandable-panel__content\" aria-hidden=\"false\">\n<div class=\"lv-product-features\">\n<div class=\"lv-expandable-panel -minimal-height\">\n<div id=\"read-more\" class=\"lv-expandable-panel__content\" aria-hidden=\"false\">\n<div class=\"lv-product-features\">\n<div class=\"lv-expandable-panel -minimal-height\">\n<div id=\"read-more\" class=\"lv-expandable-panel__content\" aria-hidden=\"false\">\n<div class=\"lv-product-features\">\n<div class=\"lv-expandable-panel -minimal-height\">\n<div id=\"read-more\" class=\"lv-expandable-panel__content\" aria-hidden=\"false\">\n<div class=\"lv-expandable-panel -minimal-height\">\n<div id=\"read-more\" class=\"lv-expandable-panel__content\" aria-hidden=\"false\">\n<div class=\"lv-product-description\">\n<div class=\"lv-expandable-panel -minimal-height\">\n<div id=\"read-more\" class=\"lv-expandable-panel__content\" aria-hidden=\"false\">\n<div class=\"lv-expandable-panel -minimal-height\">\n<div id=\"read-more\" class=\"lv-expandable-panel__content\" aria-hidden=\"false\">\n<div class=\"lv-expandable-panel -minimal-height\">\n<p>Des formes sinueuses pour un objet \u00e9l\u00e9gant et fonctionnel : BLIP est le repose-cuill\u00e8re qui s&rsquo;adapte aux diff\u00e9rentes louches et cuill\u00e8res. Le nom fait allusion de mani\u00e8re onomatop\u00e9ique \u00e0 l&rsquo;ondulation de la goutte rebondissant dans l&rsquo;eau.<br \/>\nProduits caract\u00e9ris\u00e9s par un traitement particuli\u00e8rement raffin\u00e9 des m\u00e9taux, par l&rsquo;exploration d\u00e9senchant\u00e9e de typologies fonctionnelles lat\u00e9rales, ainsi que par des figures rh\u00e9toriques d\u00e9lib\u00e9r\u00e9ment peu scrupuleuses. <\/p>\n<div class=\"product-meet-family\">\n<div class=\"product-meet-family__container\">\n<div class=\"product-meet-family__column product-meet-family__column--image\">\n<div class=\"product-meet-family__content\"><\/div>\n<\/div>\n<\/div>\n<\/div>\n<\/div>\n<\/div>\n<\/div>\n<\/div>\n<\/div>\n<\/div>\n<\/div>\n<\/div>\n<\/div>\n<\/div>\n<\/div>\n<\/div>\n<\/div>\n<\/div>\n<\/div>\n<\/div>\n<\/div>\n<\/div>\n<\/div>\n<\/div>\n<p>&nbsp;<\/p>\n<p><strong>Si vous \u00eates int\u00e9ress\u00e9 par d&rsquo;autres produits d&rsquo;Alessi, veuillez nous en informer.<\/p>\n<p>Quantit\u00e9 minimum de commande requise pour ce produit :<\/strong><\/p>\n","protected":false},"featured_media":37672,"comment_status":"closed","ping_status":"closed","template":"","meta":{"inline_featured_image":false},"product_brand":[],"product_cat":[150,203],"product_tag":[],"class_list":{"0":"post-37670","1":"product","2":"type-product","3":"status-publish","4":"has-post-thumbnail","6":"product_cat-alessi","7":"product_cat-cuisine","9":"first","10":"instock","11":"shipping-taxable","12":"purchasable","13":"product-type-simple"},"aioseo_notices":[],"_links":{"self":[{"href":"https:\/\/prestige-e.com\/fr\/wp-json\/wp\/v2\/product\/37670","targetHints":{"allow":["GET"]}}],"collection":[{"href":"https:\/\/prestige-e.com\/fr\/wp-json\/wp\/v2\/product"}],"about":[{"href":"https:\/\/prestige-e.com\/fr\/wp-json\/wp\/v2\/types\/product"}],"replies":[{"embeddable":true,"href":"https:\/\/prestige-e.com\/fr\/wp-json\/wp\/v2\/comments?post=37670"}],"wp:featuredmedia":[{"embeddable":true,"href":"https:\/\/prestige-e.com\/fr\/wp-json\/wp\/v2\/media\/37672"}],"wp:attachment":[{"href":"https:\/\/prestige-e.com\/fr\/wp-json\/wp\/v2\/media?parent=37670"}],"wp:term":[{"taxonomy":"product_brand","embeddable":true,"href":"https:\/\/prestige-e.com\/fr\/wp-json\/wp\/v2\/product_brand?post=37670"},{"taxonomy":"product_cat","embeddable":true,"href":"https:\/\/prestige-e.com\/fr\/wp-json\/wp\/v2\/product_cat?post=37670"},{"taxonomy":"product_tag","embeddable":true,"href":"https:\/\/prestige-e.com\/fr\/wp-json\/wp\/v2\/product_tag?post=37670"}],"curies":[{"name":"wp","href":"https:\/\/api.w.org\/{rel}","templated":true}]}}