{"id":37667,"date":"2021-05-15T14:08:59","date_gmt":"2021-05-15T12:08:59","guid":{"rendered":"https:\/\/prestige-e.com\/product\/cafetiere-espresso-chick\/"},"modified":"2025-11-27T13:27:15","modified_gmt":"2025-11-27T12:27:15","slug":"cafetiere-espresso-chick","status":"publish","type":"product","link":"https:\/\/prestige-e.com\/fr\/produit\/cafetiere-espresso-chick\/","title":{"rendered":"Cafeti\u00e8re espresso Chick"},"content":{"rendered":"","protected":false},"excerpt":{"rendered":"<div class=\"lv-product-features\">\n<div class=\"lv-expandable-panel -minimal-height\">\n<div id=\"read-more\" class=\"lv-expandable-panel__content\" aria-hidden=\"false\">\n<div class=\"lv-product-features\">\n<div class=\"lv-expandable-panel -minimal-height\">\n<div id=\"read-more\" class=\"lv-expandable-panel__content\" aria-hidden=\"false\">\n<div class=\"lv-product-features\">\n<div class=\"lv-expandable-panel -minimal-height\">\n<div id=\"read-more\" class=\"lv-expandable-panel__content\" aria-hidden=\"false\">\n<div class=\"lv-product-features\">\n<div class=\"lv-expandable-panel -minimal-height\">\n<div id=\"read-more\" class=\"lv-expandable-panel__content\" aria-hidden=\"false\">\n<div class=\"lv-expandable-panel -minimal-height\">\n<div id=\"read-more\" class=\"lv-expandable-panel__content\" aria-hidden=\"false\">\n<div class=\"lv-product-description\">\n<div class=\"lv-expandable-panel -minimal-height\">\n<div id=\"read-more\" class=\"lv-expandable-panel__content\" aria-hidden=\"false\">\n<div class=\"lv-expandable-panel -minimal-height\">\n<div id=\"read-more\" class=\"lv-expandable-panel__content\" aria-hidden=\"false\">\n<div class=\"lv-expandable-panel -minimal-height\">\n<p>Une moka r\u00e9volutionnaire qui allie la technologie d\u00e9velopp\u00e9e par illycaff\u00e8 et l&rsquo;exp\u00e9rience en design d&rsquo;Alessi. Con\u00e7ue par Michele de Lucchi, Pulcina int\u00e8gre une innovation de conception petite mais substantielle qui interrompt la distribution de la boisson au bon moment, avant que le caf\u00e9 n&rsquo;acqui\u00e8re un arri\u00e8re-go\u00fbt amer. Cela permet de mettre en valeur l&rsquo;ar\u00f4me cors\u00e9 et rond de cette boisson. Le bec verseur rappelle le bec d&rsquo;un poussin.<br \/>\n<strong><\/p>\n<p>Si vous \u00eates int\u00e9ress\u00e9 par d&rsquo;autres produits Alessi, n&rsquo;h\u00e9sitez pas \u00e0 nous le faire savoir.<br \/>\n<\/strong><br \/>\n<strong>Quantit\u00e9 minimale de commande requise pour ce produit&nbsp;:<\/strong><\/p>\n<\/div>\n<\/div>\n<\/div>\n<\/div>\n<\/div>\n<\/div>\n<\/div>\n<\/div>\n<\/div>\n<\/div>\n<\/div>\n<\/div>\n<\/div>\n<\/div>\n<\/div>\n<\/div>\n<\/div>\n<\/div>\n<\/div>\n<\/div>\n","protected":false},"featured_media":37668,"comment_status":"closed","ping_status":"closed","template":"","meta":{"inline_featured_image":false},"product_brand":[],"product_cat":[150,203],"product_tag":[],"class_list":{"0":"post-37667","1":"product","2":"type-product","3":"status-publish","4":"has-post-thumbnail","6":"product_cat-alessi","7":"product_cat-cuisine","9":"first","10":"instock","11":"shipping-taxable","12":"purchasable","13":"product-type-simple"},"aioseo_notices":[],"_links":{"self":[{"href":"https:\/\/prestige-e.com\/fr\/wp-json\/wp\/v2\/product\/37667","targetHints":{"allow":["GET"]}}],"collection":[{"href":"https:\/\/prestige-e.com\/fr\/wp-json\/wp\/v2\/product"}],"about":[{"href":"https:\/\/prestige-e.com\/fr\/wp-json\/wp\/v2\/types\/product"}],"replies":[{"embeddable":true,"href":"https:\/\/prestige-e.com\/fr\/wp-json\/wp\/v2\/comments?post=37667"}],"wp:featuredmedia":[{"embeddable":true,"href":"https:\/\/prestige-e.com\/fr\/wp-json\/wp\/v2\/media\/37668"}],"wp:attachment":[{"href":"https:\/\/prestige-e.com\/fr\/wp-json\/wp\/v2\/media?parent=37667"}],"wp:term":[{"taxonomy":"product_brand","embeddable":true,"href":"https:\/\/prestige-e.com\/fr\/wp-json\/wp\/v2\/product_brand?post=37667"},{"taxonomy":"product_cat","embeddable":true,"href":"https:\/\/prestige-e.com\/fr\/wp-json\/wp\/v2\/product_cat?post=37667"},{"taxonomy":"product_tag","embeddable":true,"href":"https:\/\/prestige-e.com\/fr\/wp-json\/wp\/v2\/product_tag?post=37667"}],"curies":[{"name":"wp","href":"https:\/\/api.w.org\/{rel}","templated":true}]}}