{"id":37644,"date":"2021-05-13T12:46:42","date_gmt":"2021-05-13T10:46:42","guid":{"rendered":"https:\/\/prestige-e.com\/product\/stylos-oval-gun\/"},"modified":"2025-11-27T13:27:17","modified_gmt":"2025-11-27T12:27:17","slug":"stylos-oval-gun","status":"publish","type":"product","link":"https:\/\/prestige-e.com\/fr\/produit\/stylos-oval-gun\/","title":{"rendered":"Stylos Oval Gun"},"content":{"rendered":"","protected":false},"excerpt":{"rendered":"<div class=\"lv-product-features\">\n<div class=\"lv-expandable-panel -minimal-height\">\n<div id=\"read-more\" class=\"lv-expandable-panel__content\" aria-hidden=\"false\">\n<div class=\"lv-product-features\">\n<div class=\"lv-expandable-panel -minimal-height\">\n<div id=\"read-more\" class=\"lv-expandable-panel__content\" aria-hidden=\"false\">\n<div class=\"lv-product-features\">\n<div class=\"lv-expandable-panel -minimal-height\">\n<div id=\"read-more\" class=\"lv-expandable-panel__content\" aria-hidden=\"false\">\n<div class=\"lv-product-features\">\n<div class=\"lv-expandable-panel -minimal-height\">\n<div id=\"read-more\" class=\"lv-expandable-panel__content\" aria-hidden=\"false\">\n<div class=\"lv-expandable-panel -minimal-height\">\n<div id=\"read-more\" class=\"lv-expandable-panel__content\" aria-hidden=\"false\">\n<div class=\"lv-product-description\">\n<div class=\"lv-expandable-panel -minimal-height\">\n<div id=\"read-more\" class=\"lv-expandable-panel__content\" aria-hidden=\"false\">\n<div class=\"lv-expandable-panel -minimal-height\">\n<div id=\"read-more\" class=\"lv-expandable-panel__content\" aria-hidden=\"false\">\n<div class=\"lv-expandable-panel -minimal-height\">\n<div id=\"read-more\" class=\"lv-expandable-panel__content\" aria-hidden=\"false\">\n<p>Jouant avec une illusion d&rsquo;optique, le stylo Oval est subtil et innovant. Chaque pi\u00e8ce est d\u00e9licatement fa\u00e7onn\u00e9e avec une gravure chrome fonc\u00e9 graphique s\u00e9quenc\u00e9e raffin\u00e9e et orn\u00e9e d&rsquo;accents noirs mats discrets en r\u00e9f\u00e9rence \u00e0 l&rsquo;esth\u00e9tique industrielle. Cet article est disponible en stylo-plume, stylo \u00e0 bille et stylo roller.  <\/p>\n<\/div>\n<\/div>\n<\/div>\n<\/div>\n<\/div>\n<\/div>\n<\/div>\n<\/div>\n<\/div>\n<\/div>\n<\/div>\n<\/div>\n<\/div>\n<\/div>\n<\/div>\n<\/div>\n<\/div>\n<\/div>\n<\/div>\n<\/div>\n<\/div>\n<p>&nbsp;<\/p>\n<p><strong>Si vous \u00eates int\u00e9ress\u00e9 par d&rsquo;autres produits Hugo Boss, veuillez nous le faire savoir.<\/p>\n<p>Quantit\u00e9 minimale de commande requise pour ce produit :<\/strong><\/p>\n","protected":false},"featured_media":37647,"comment_status":"closed","ping_status":"closed","template":"","meta":{"inline_featured_image":false},"product_brand":[],"product_cat":[206,207],"product_tag":[],"class_list":{"0":"post-37644","1":"product","2":"type-product","3":"status-publish","4":"has-post-thumbnail","6":"product_cat-hugo-boss","7":"product_cat-hugo-boss-instruments","9":"first","10":"instock","11":"shipping-taxable","12":"purchasable","13":"product-type-simple"},"aioseo_notices":[],"_links":{"self":[{"href":"https:\/\/prestige-e.com\/fr\/wp-json\/wp\/v2\/product\/37644","targetHints":{"allow":["GET"]}}],"collection":[{"href":"https:\/\/prestige-e.com\/fr\/wp-json\/wp\/v2\/product"}],"about":[{"href":"https:\/\/prestige-e.com\/fr\/wp-json\/wp\/v2\/types\/product"}],"replies":[{"embeddable":true,"href":"https:\/\/prestige-e.com\/fr\/wp-json\/wp\/v2\/comments?post=37644"}],"wp:featuredmedia":[{"embeddable":true,"href":"https:\/\/prestige-e.com\/fr\/wp-json\/wp\/v2\/media\/37647"}],"wp:attachment":[{"href":"https:\/\/prestige-e.com\/fr\/wp-json\/wp\/v2\/media?parent=37644"}],"wp:term":[{"taxonomy":"product_brand","embeddable":true,"href":"https:\/\/prestige-e.com\/fr\/wp-json\/wp\/v2\/product_brand?post=37644"},{"taxonomy":"product_cat","embeddable":true,"href":"https:\/\/prestige-e.com\/fr\/wp-json\/wp\/v2\/product_cat?post=37644"},{"taxonomy":"product_tag","embeddable":true,"href":"https:\/\/prestige-e.com\/fr\/wp-json\/wp\/v2\/product_tag?post=37644"}],"curies":[{"name":"wp","href":"https:\/\/api.w.org\/{rel}","templated":true}]}}