{"id":37620,"date":"2021-05-13T05:52:30","date_gmt":"2021-05-13T03:52:30","guid":{"rendered":"https:\/\/prestige-e.com\/product\/fashion-eye-route-de-la-soie\/"},"modified":"2025-11-27T13:27:19","modified_gmt":"2025-11-27T12:27:19","slug":"fashion-eye-route-de-la-soie","status":"publish","type":"product","link":"https:\/\/prestige-e.com\/fr\/produit\/fashion-eye-route-de-la-soie\/","title":{"rendered":"Fashion eye route de la soie"},"content":{"rendered":"","protected":false},"excerpt":{"rendered":"<div class=\"lv-product-features\">\n<div class=\"lv-expandable-panel -minimal-height\">\n<div id=\"read-more\" class=\"lv-expandable-panel__content\" aria-hidden=\"false\">\n<div class=\"lv-product-features\">\n<div class=\"lv-expandable-panel -minimal-height\">\n<div id=\"read-more\" class=\"lv-expandable-panel__content\" aria-hidden=\"false\">\n<div class=\"lv-product-features\">\n<div class=\"lv-expandable-panel -minimal-height\">\n<div id=\"read-more\" class=\"lv-expandable-panel__content\" aria-hidden=\"false\">\n<div class=\"lv-product-features\">\n<div class=\"lv-expandable-panel -minimal-height\">\n<div id=\"read-more\" class=\"lv-expandable-panel__content\" aria-hidden=\"false\">\n<div class=\"lv-expandable-panel -minimal-height\">\n<div id=\"read-more\" class=\"lv-expandable-panel__content\" aria-hidden=\"false\">\n<div class=\"lv-product-description\">\n<div class=\"lv-expandable-panel -minimal-height\">\n<div id=\"read-more\" class=\"lv-expandable-panel__content\" aria-hidden=\"false\">\n<div class=\"lv-expandable-panel -minimal-height\">\n<div id=\"read-more\" class=\"lv-expandable-panel__content\" aria-hidden=\"false\">\n<p>La Route de la soie, traversant une extraordinaire vari\u00e9t\u00e9 de paysages et de reliefs, a longtemps \u00e9t\u00e9 un aimant pour les voyageurs intr\u00e9pides, notamment le photographe japonais Kishin Shinoyama. Les images de Fashion Eye Route de la soie ont \u00e9t\u00e9 s\u00e9lectionn\u00e9es parmi huit volumes publi\u00e9s en 1981 et 1982. Elles nous racontent comment vivent les populations, capturant \u00e0 la fois les sc\u00e8nes de march\u00e9 et les lieux de culte. Elles constituent \u00e9galement un t\u00e9moignage inestimable de tr\u00e9sors comme les Bouddhas de Bamiyan en Afghanistan, l&rsquo;ancienne cit\u00e9 de Palmyre et les souks d&rsquo;Alep en Syrie qui, malheureusement, ont \u00e9t\u00e9 ray\u00e9s de la carte par les guerres et le fanatisme.   <\/p>\n<p>Photographies de Kishin Shinoyama<\/p>\n<p>\u00c9dit\u00e9 par Patrick Remy<\/p>\n<p><strong>Dimensions : 23,6 x 30,5 cm<\/strong><\/p>\n<p>&nbsp;<\/p>\n<\/div>\n<\/div>\n<\/div>\n<\/div>\n<\/div>\n<\/div>\n<\/div>\n<\/div>\n<\/div>\n<\/div>\n<\/div>\n<\/div>\n<\/div>\n<\/div>\n<\/div>\n<\/div>\n<\/div>\n<\/div>\n<\/div>\n<p>La route de la soie, qui traverse une extraordinaire vari\u00e9t\u00e9 de paysages et de reliefs, attire depuis longtemps les voyageurs intr\u00e9pides, notamment le photographe japonais Kishin Shinoyama. Les images pr\u00e9sent\u00e9es dans Fashion Eye Silk Road ont \u00e9t\u00e9 s\u00e9lectionn\u00e9es parmi huit volumes publi\u00e9s en 1981 et 1982. Elles nous racontent la vie des gens, en capturant \u00e0 la fois des sc\u00e8nes de march\u00e9 et des lieux de culte. Elles constituent \u00e9galement un t\u00e9moignage inestimable sur des tr\u00e9sors tels que les bouddhas de Bamiyan en Afghanistan, l&rsquo;ancienne ville de Palmyre et les souks d&rsquo;Alep en Syrie, qui ont malheureusement \u00e9t\u00e9 ray\u00e9s de la carte par les guerres et le fanatisme.   <\/p>\n<p>Photographies de Kishin Shinoyama<\/p>\n<p>\u00c9dit\u00e9 par Patrick Remy<\/p>\n<p>Dimensions : 23,6 x 30,5 cm<\/p>\n<p>&nbsp;<\/p>\n<p><i>Traduit avec <a href=\"https:\/\/www.deepl.com\/?utm_campaign=product&amp;utm_source=web_translator&amp;utm_medium=web&amp;utm_content=copy_free_translation\">DeepL.com<\/a> (version gratuite)<\/i><\/p>\n","protected":false},"featured_media":37623,"comment_status":"closed","ping_status":"closed","template":"","meta":{"inline_featured_image":false},"product_brand":[],"product_cat":[191,186],"product_tag":[],"class_list":{"0":"post-37620","1":"product","2":"type-product","3":"status-publish","4":"has-post-thumbnail","6":"product_cat-fashion-eye","7":"product_cat-louis-vuitton","9":"first","10":"instock","11":"shipping-taxable","12":"purchasable","13":"product-type-simple"},"aioseo_notices":[],"_links":{"self":[{"href":"https:\/\/prestige-e.com\/fr\/wp-json\/wp\/v2\/product\/37620","targetHints":{"allow":["GET"]}}],"collection":[{"href":"https:\/\/prestige-e.com\/fr\/wp-json\/wp\/v2\/product"}],"about":[{"href":"https:\/\/prestige-e.com\/fr\/wp-json\/wp\/v2\/types\/product"}],"replies":[{"embeddable":true,"href":"https:\/\/prestige-e.com\/fr\/wp-json\/wp\/v2\/comments?post=37620"}],"wp:featuredmedia":[{"embeddable":true,"href":"https:\/\/prestige-e.com\/fr\/wp-json\/wp\/v2\/media\/37623"}],"wp:attachment":[{"href":"https:\/\/prestige-e.com\/fr\/wp-json\/wp\/v2\/media?parent=37620"}],"wp:term":[{"taxonomy":"product_brand","embeddable":true,"href":"https:\/\/prestige-e.com\/fr\/wp-json\/wp\/v2\/product_brand?post=37620"},{"taxonomy":"product_cat","embeddable":true,"href":"https:\/\/prestige-e.com\/fr\/wp-json\/wp\/v2\/product_cat?post=37620"},{"taxonomy":"product_tag","embeddable":true,"href":"https:\/\/prestige-e.com\/fr\/wp-json\/wp\/v2\/product_tag?post=37620"}],"curies":[{"name":"wp","href":"https:\/\/api.w.org\/{rel}","templated":true}]}}