{"id":37610,"date":"2021-05-13T06:34:29","date_gmt":"2021-05-13T04:34:29","guid":{"rendered":"https:\/\/prestige-e.com\/product\/fashion-eye-japon\/"},"modified":"2025-11-27T13:27:19","modified_gmt":"2025-11-27T12:27:19","slug":"fashion-eye-japon","status":"publish","type":"product","link":"https:\/\/prestige-e.com\/fr\/produit\/fashion-eye-japon\/","title":{"rendered":"Fashion eye Japon"},"content":{"rendered":"","protected":false},"excerpt":{"rendered":"<div class=\"lv-product-features\">\n<div class=\"lv-expandable-panel -minimal-height\">\n<div id=\"read-more\" class=\"lv-expandable-panel__content\" aria-hidden=\"false\">\n<div class=\"lv-product-features\">\n<div class=\"lv-expandable-panel -minimal-height\">\n<div id=\"read-more\" class=\"lv-expandable-panel__content\" aria-hidden=\"false\">\n<div class=\"lv-product-features\">\n<div class=\"lv-expandable-panel -minimal-height\">\n<div id=\"read-more\" class=\"lv-expandable-panel__content\" aria-hidden=\"false\">\n<div class=\"lv-product-features\">\n<div class=\"lv-expandable-panel -minimal-height\">\n<div id=\"read-more\" class=\"lv-expandable-panel__content\" aria-hidden=\"false\">\n<div class=\"lv-expandable-panel -minimal-height\">\n<div id=\"read-more\" class=\"lv-expandable-panel__content\" aria-hidden=\"false\">\n<div class=\"lv-product-description\">\n<div class=\"lv-expandable-panel -minimal-height\">\n<div id=\"read-more\" class=\"lv-expandable-panel__content\" aria-hidden=\"false\">\n<div class=\"lv-expandable-panel -minimal-height\">\n<div id=\"read-more\" class=\"lv-expandable-panel__content\" aria-hidden=\"false\">\n<div class=\"lv-expandable-panel -minimal-height\">\n<div id=\"read-more\" class=\"lv-expandable-panel__content\" aria-hidden=\"false\">\n<div><\/div>\n<\/div>\n<\/div>\n<\/div>\n<\/div>\n<\/div>\n<\/div>\n<\/div>\n<\/div>\n<\/div>\n<\/div>\n<\/div>\n<\/div>\n<\/div>\n<\/div>\n<\/div>\n<\/div>\n<\/div>\n<\/div>\n<\/div>\n<\/div>\n<\/div>\n<p>Dans une s\u00e9lection d&rsquo;images du d\u00e9but des ann\u00e9es 1900, le baron Adolphe de Meyer, le premier grand photographe de mode, illumine l&rsquo;esprit d&rsquo;un Japon s&rsquo;ouvrant \u00e0 l&rsquo;Occident. Cet ajout \u00e0 la collection Louis Vuitton Fashion Eye offre un aper\u00e7u rare de la culture et de la soci\u00e9t\u00e9 de l&rsquo;\u00e9poque, capturant la beaut\u00e9 imp\u00e9rieuse des environnements naturels v\u00e9n\u00e9r\u00e9s par le peuple japonais, ainsi que les tr\u00e9sors architecturaux et artistiques du Japon. Le baron Adolphe de Meyer (1868-1946) \u00e9tait un voyageur insatiable avec une soif constante de nouveaux horizons.<\/p>\n<p>Photographies d&rsquo;Adolphe de Meyer<\/p>\n<p>\u00c9dit\u00e9 par Sylvie L\u00e9callier<\/p>\n<p><strong>Dimensions : 23,6 \u00d7 30,5 cm<\/strong><\/p>\n<p>&nbsp;<\/p>\n<p><strong>Si vous \u00eates int\u00e9ress\u00e9 par d&rsquo;autres produits de Louis Vuitton, veuillez nous en informer.<\/strong><\/p>\n<p>Quantit\u00e9 minimale de commande requise pour ce produit :<\/p>\n","protected":false},"featured_media":37613,"comment_status":"closed","ping_status":"closed","template":"","meta":{"inline_featured_image":false},"product_brand":[],"product_cat":[191,186],"product_tag":[],"class_list":{"0":"post-37610","1":"product","2":"type-product","3":"status-publish","4":"has-post-thumbnail","6":"product_cat-fashion-eye","7":"product_cat-louis-vuitton","9":"first","10":"instock","11":"shipping-taxable","12":"purchasable","13":"product-type-simple"},"aioseo_notices":[],"_links":{"self":[{"href":"https:\/\/prestige-e.com\/fr\/wp-json\/wp\/v2\/product\/37610","targetHints":{"allow":["GET"]}}],"collection":[{"href":"https:\/\/prestige-e.com\/fr\/wp-json\/wp\/v2\/product"}],"about":[{"href":"https:\/\/prestige-e.com\/fr\/wp-json\/wp\/v2\/types\/product"}],"replies":[{"embeddable":true,"href":"https:\/\/prestige-e.com\/fr\/wp-json\/wp\/v2\/comments?post=37610"}],"wp:featuredmedia":[{"embeddable":true,"href":"https:\/\/prestige-e.com\/fr\/wp-json\/wp\/v2\/media\/37613"}],"wp:attachment":[{"href":"https:\/\/prestige-e.com\/fr\/wp-json\/wp\/v2\/media?parent=37610"}],"wp:term":[{"taxonomy":"product_brand","embeddable":true,"href":"https:\/\/prestige-e.com\/fr\/wp-json\/wp\/v2\/product_brand?post=37610"},{"taxonomy":"product_cat","embeddable":true,"href":"https:\/\/prestige-e.com\/fr\/wp-json\/wp\/v2\/product_cat?post=37610"},{"taxonomy":"product_tag","embeddable":true,"href":"https:\/\/prestige-e.com\/fr\/wp-json\/wp\/v2\/product_tag?post=37610"}],"curies":[{"name":"wp","href":"https:\/\/api.w.org\/{rel}","templated":true}]}}