{"id":37601,"date":"2021-05-12T14:39:08","date_gmt":"2021-05-12T12:39:08","guid":{"rendered":"https:\/\/prestige-e.com\/product\/guide-de-la-ville-de-los-angeles\/"},"modified":"2025-11-27T13:27:20","modified_gmt":"2025-11-27T12:27:20","slug":"guide-de-la-ville-de-los-angeles","status":"publish","type":"product","link":"https:\/\/prestige-e.com\/fr\/produit\/guide-de-la-ville-de-los-angeles\/","title":{"rendered":"Guide de la ville de Los Angeles"},"content":{"rendered":"","protected":false},"excerpt":{"rendered":"<div class=\"lv-product-features\">\n<div class=\"lv-expandable-panel -minimal-height\">\n<div id=\"read-more\" class=\"lv-expandable-panel__content\" aria-hidden=\"false\">\n<div class=\"lv-product-features\">\n<div class=\"lv-expandable-panel -minimal-height\">\n<div id=\"read-more\" class=\"lv-expandable-panel__content\" aria-hidden=\"false\">\n<div class=\"lv-product-features\">\n<div class=\"lv-expandable-panel -minimal-height\">\n<div id=\"read-more\" class=\"lv-expandable-panel__content\" aria-hidden=\"false\">\n<div class=\"lv-product-features\">\n<div class=\"lv-expandable-panel -minimal-height\">\n<div id=\"read-more\" class=\"lv-expandable-panel__content\" aria-hidden=\"false\">\n<div class=\"lv-expandable-panel -minimal-height\">\n<div id=\"read-more\" class=\"lv-expandable-panel__content\" aria-hidden=\"false\">\n<div class=\"lv-product-description\">\n<p>Depuis 1998, les City Guides Louis Vuitton se sont impos\u00e9s comme les compagnons de voyage par excellence, donnant vie aux villes les plus fascinantes du monde pour les voyageurs d&rsquo;affaires comme pour les touristes. Pour capturer l&rsquo;esprit de chaque ville, Louis Vuitton fait appel \u00e0 des journalistes, des \u00e9crivains et des personnalit\u00e9s majeures du monde des arts et des lettres, dont les contributions &#8211; aux c\u00f4t\u00e9s de celles d&rsquo;artistes, d&rsquo;entrepreneurs et de talents cr\u00e9atifs de nombreux domaines &#8211; font de chaque City Guide une publication unique. Des h\u00f4tels cinq \u00e9toiles aux concepts boutiques, des restaurants gastronomiques aux bistrots de quartier, des antiquaires aux centres de design, des mus\u00e9es aux monuments, chaque City Guide Louis Vuitton est un tr\u00e9sor d&rsquo;informations pr\u00e9cieuses qui r\u00e9v\u00e8le les plaisirs qu&rsquo;offre chaque ville. Chaque City Guide pr\u00e9sente \u00e9galement un contributeur sp\u00e9cial invit\u00e9, qui emm\u00e8ne le lecteur dans une exploration personnelle de sa ville natale, partageant au fil des pages ses lieux favoris. Le City Guide Los Angeles comprend des contributions sp\u00e9ciales de Trixie Mattel et des photographies exclusives de Gr\u00e9goire Eloy.    <\/p>\n<p>Contributeur invit\u00e9 : Trixie Mattel<\/p>\n<p>Auteurs : Alexis Chenu, Claude Deloffre, Pierre L\u00e9onforte, Alexandra Cheney<\/p>\n<p>Photographies exclusives de Gr\u00e9goire Eloy<\/p>\n<p><strong>Dimensions : 13,7 x 21,1 cm<\/strong><\/p>\n<p>&nbsp;<\/p>\n<\/div>\n<\/div>\n<\/div>\n<\/div>\n<\/div>\n<\/div>\n<\/div>\n<\/div>\n<\/div>\n<\/div>\n<\/div>\n<\/div>\n<\/div>\n<\/div>\n<\/div>\n<p><strong>Si vous \u00eates int\u00e9ress\u00e9 par d&rsquo;autres produits Louis Vuitton, n&rsquo;h\u00e9sitez pas \u00e0 nous le faire savoir.<\/strong><\/p>\n","protected":false},"featured_media":37606,"comment_status":"closed","ping_status":"closed","template":"","meta":{"inline_featured_image":false},"product_brand":[],"product_cat":[187,186],"product_tag":[],"class_list":{"0":"post-37601","1":"product","2":"type-product","3":"status-publish","4":"has-post-thumbnail","6":"product_cat-guide-de-ville","7":"product_cat-louis-vuitton","9":"first","10":"instock","11":"shipping-taxable","12":"purchasable","13":"product-type-simple"},"aioseo_notices":[],"_links":{"self":[{"href":"https:\/\/prestige-e.com\/fr\/wp-json\/wp\/v2\/product\/37601","targetHints":{"allow":["GET"]}}],"collection":[{"href":"https:\/\/prestige-e.com\/fr\/wp-json\/wp\/v2\/product"}],"about":[{"href":"https:\/\/prestige-e.com\/fr\/wp-json\/wp\/v2\/types\/product"}],"replies":[{"embeddable":true,"href":"https:\/\/prestige-e.com\/fr\/wp-json\/wp\/v2\/comments?post=37601"}],"wp:featuredmedia":[{"embeddable":true,"href":"https:\/\/prestige-e.com\/fr\/wp-json\/wp\/v2\/media\/37606"}],"wp:attachment":[{"href":"https:\/\/prestige-e.com\/fr\/wp-json\/wp\/v2\/media?parent=37601"}],"wp:term":[{"taxonomy":"product_brand","embeddable":true,"href":"https:\/\/prestige-e.com\/fr\/wp-json\/wp\/v2\/product_brand?post=37601"},{"taxonomy":"product_cat","embeddable":true,"href":"https:\/\/prestige-e.com\/fr\/wp-json\/wp\/v2\/product_cat?post=37601"},{"taxonomy":"product_tag","embeddable":true,"href":"https:\/\/prestige-e.com\/fr\/wp-json\/wp\/v2\/product_tag?post=37601"}],"curies":[{"name":"wp","href":"https:\/\/api.w.org\/{rel}","templated":true}]}}