{"id":37599,"date":"2021-05-13T07:23:55","date_gmt":"2021-05-13T05:23:55","guid":{"rendered":"https:\/\/prestige-e.com\/product\/fashion-eye-california\/"},"modified":"2025-11-27T13:27:18","modified_gmt":"2025-11-27T12:27:18","slug":"fashion-eye-california","status":"publish","type":"product","link":"https:\/\/prestige-e.com\/fr\/produit\/fashion-eye-california\/","title":{"rendered":"Fashion eye California"},"content":{"rendered":"","protected":false},"excerpt":{"rendered":"<div class=\"lv-product-features\">\n<div class=\"lv-expandable-panel -minimal-height\">\n<div id=\"read-more\" class=\"lv-expandable-panel__content\" aria-hidden=\"false\">\n<div class=\"lv-product-features\">\n<div class=\"lv-expandable-panel -minimal-height\">\n<div id=\"read-more\" class=\"lv-expandable-panel__content\" aria-hidden=\"false\">\n<div class=\"lv-product-features\">\n<div class=\"lv-expandable-panel -minimal-height\">\n<div id=\"read-more\" class=\"lv-expandable-panel__content\" aria-hidden=\"false\">\n<div class=\"lv-product-features\">\n<div class=\"lv-expandable-panel -minimal-height\">\n<div id=\"read-more\" class=\"lv-expandable-panel__content\" aria-hidden=\"false\">\n<div class=\"lv-expandable-panel -minimal-height\">\n<div id=\"read-more\" class=\"lv-expandable-panel__content\" aria-hidden=\"false\">\n<div class=\"lv-product-description\">\n<div class=\"lv-expandable-panel -minimal-height\">\n<div id=\"read-more\" class=\"lv-expandable-panel__content\" aria-hidden=\"false\">\n<div class=\"lv-expandable-panel -minimal-height\">\n<div id=\"read-more\" class=\"lv-expandable-panel__content\" aria-hidden=\"false\">\n<div class=\"lv-expandable-panel -minimal-height\">\n<div id=\"read-more\" class=\"lv-expandable-panel__content\" aria-hidden=\"false\">\n<p>La collection \u00ab Louis Vuitton Fashion Eye \u00bb \u00e9voque une ville, une r\u00e9gion ou un pays \u00e0 travers le regard d&rsquo;un photographe de mode. \u00ab Fashion Eye \u00bb \u00e9tablit un dialogue entre les talents \u00e9mergents, les photographes exp\u00e9riment\u00e9s et les l\u00e9gendes de la photographie de mode. Ce volume offre une vision d\u00e9cal\u00e9e de la Californie \u00e0 travers le travail de la Canadienne Kourtney Roy. Adepte de l&rsquo;autoportrait et de l&rsquo;artifice, Roy se met en sc\u00e8ne, entretenant une relation d\u00e9cal\u00e9e avec son environnement, empreinte de fantaisie.<\/p>\n<p>Photographies : Kourtney Roy<\/p>\n<p>\u00c9dition : Patrick R\u00e9my<\/p>\n<p class=\"list-label-xl\"><strong>Dimension: 23,5 cm x 30,5 cm\u00a0<\/strong><\/p>\n<p>&nbsp;<\/p>\n<\/div>\n<\/div>\n<\/div>\n<\/div>\n<\/div>\n<\/div>\n<\/div>\n<\/div>\n<\/div>\n<\/div>\n<\/div>\n<\/div>\n<\/div>\n<\/div>\n<\/div>\n<\/div>\n<\/div>\n<\/div>\n<\/div>\n<\/div>\n<\/div>\n<p><strong>Si vous \u00eates int\u00e9ress\u00e9 par d&rsquo;autres produits Louis Vuitton, n&rsquo;h\u00e9sitez pas \u00e0 nous le faire savoir.<\/strong><\/p>\n","protected":false},"featured_media":37603,"comment_status":"closed","ping_status":"closed","template":"","meta":{"inline_featured_image":false},"product_brand":[],"product_cat":[191,186],"product_tag":[],"class_list":{"0":"post-37599","1":"product","2":"type-product","3":"status-publish","4":"has-post-thumbnail","6":"product_cat-fashion-eye","7":"product_cat-louis-vuitton","9":"first","10":"instock","11":"shipping-taxable","12":"purchasable","13":"product-type-simple"},"aioseo_notices":[],"_links":{"self":[{"href":"https:\/\/prestige-e.com\/fr\/wp-json\/wp\/v2\/product\/37599","targetHints":{"allow":["GET"]}}],"collection":[{"href":"https:\/\/prestige-e.com\/fr\/wp-json\/wp\/v2\/product"}],"about":[{"href":"https:\/\/prestige-e.com\/fr\/wp-json\/wp\/v2\/types\/product"}],"replies":[{"embeddable":true,"href":"https:\/\/prestige-e.com\/fr\/wp-json\/wp\/v2\/comments?post=37599"}],"wp:featuredmedia":[{"embeddable":true,"href":"https:\/\/prestige-e.com\/fr\/wp-json\/wp\/v2\/media\/37603"}],"wp:attachment":[{"href":"https:\/\/prestige-e.com\/fr\/wp-json\/wp\/v2\/media?parent=37599"}],"wp:term":[{"taxonomy":"product_brand","embeddable":true,"href":"https:\/\/prestige-e.com\/fr\/wp-json\/wp\/v2\/product_brand?post=37599"},{"taxonomy":"product_cat","embeddable":true,"href":"https:\/\/prestige-e.com\/fr\/wp-json\/wp\/v2\/product_cat?post=37599"},{"taxonomy":"product_tag","embeddable":true,"href":"https:\/\/prestige-e.com\/fr\/wp-json\/wp\/v2\/product_tag?post=37599"}],"curies":[{"name":"wp","href":"https:\/\/api.w.org\/{rel}","templated":true}]}}