{"id":37590,"date":"2021-05-12T15:29:31","date_gmt":"2021-05-12T13:29:31","guid":{"rendered":"https:\/\/prestige-e.com\/product\/fashion-eye-cote-dazur-francaise\/"},"modified":"2025-11-27T13:27:20","modified_gmt":"2025-11-27T12:27:20","slug":"fashion-eye-cote-dazur-francaise","status":"publish","type":"product","link":"https:\/\/prestige-e.com\/fr\/produit\/fashion-eye-cote-dazur-francaise\/","title":{"rendered":"Fashion eye C\u00f4te d&rsquo;Azur fran\u00e7aise"},"content":{"rendered":"","protected":false},"excerpt":{"rendered":"<div class=\"lv-product-features\">\n<div class=\"lv-expandable-panel -minimal-height\">\n<div id=\"read-more\" class=\"lv-expandable-panel__content\" aria-hidden=\"false\">\n<div class=\"lv-product-features\">\n<div class=\"lv-expandable-panel -minimal-height\">\n<div id=\"read-more\" class=\"lv-expandable-panel__content\" aria-hidden=\"false\">\n<div class=\"lv-product-features\">\n<div class=\"lv-expandable-panel -minimal-height\">\n<div id=\"read-more\" class=\"lv-expandable-panel__content\" aria-hidden=\"false\">\n<div class=\"lv-product-features\">\n<div class=\"lv-expandable-panel -minimal-height\">\n<div id=\"read-more\" class=\"lv-expandable-panel__content\" aria-hidden=\"false\">\n<div class=\"lv-expandable-panel -minimal-height\">\n<div id=\"read-more\" class=\"lv-expandable-panel__content\" aria-hidden=\"false\">\n<div class=\"lv-product-description\">\n<p>Dans cette derni\u00e8re addition \u00e0 la collection Louis Vuitton Fashion Eye, les archives du photographe am\u00e9ricain culte Slim Aarons (1916 &#8211; 2006) r\u00e9v\u00e8lent une C\u00f4te d&rsquo;Azur fran\u00e7aise joyeuse et baign\u00e9e de soleil. Aarons, qui se vantait de ne photographier que des personnes s\u00e9duisantes faisant des choses s\u00e9duisantes dans des lieux s\u00e9duisants, \u00e9tait naturellement attir\u00e9 par ce coin idyllique de France. Ses images de lieux embl\u00e9matiques, notamment Cannes, Saint-Tropez et Monaco, offrent un aper\u00e7u captivant d&rsquo;une Riviera d&rsquo;une autre \u00e9poque.<\/p>\n<p>Photographies de Slim Aarons<\/p>\n<p>\u00c9dit\u00e9 par Patrick Remy<\/p>\n<p><strong>Dimensions : 23,6 \u00d7 30,5 cm<\/strong><\/p>\n<div class=\"lv-expandable-panel -minimal-height\">\n<div id=\"read-more\" class=\"lv-expandable-panel__content\" aria-hidden=\"false\">\n<div><\/div>\n<\/div>\n<\/div>\n<\/div>\n<\/div>\n<\/div>\n<\/div>\n<\/div>\n<\/div>\n<\/div>\n<\/div>\n<\/div>\n<\/div>\n<\/div>\n<\/div>\n<\/div>\n<\/div>\n<\/div>\n<p><strong><br \/>\nSi vous \u00eates int\u00e9ress\u00e9 par d&rsquo;autres produits de Louis Vuitton, veuillez nous en informer.<\/strong><\/p>\n","protected":false},"featured_media":37598,"comment_status":"closed","ping_status":"closed","template":"","meta":{"inline_featured_image":false},"product_brand":[],"product_cat":[191,186],"product_tag":[],"class_list":{"0":"post-37590","1":"product","2":"type-product","3":"status-publish","4":"has-post-thumbnail","6":"product_cat-fashion-eye","7":"product_cat-louis-vuitton","9":"first","10":"instock","11":"shipping-taxable","12":"purchasable","13":"product-type-simple"},"aioseo_notices":[],"_links":{"self":[{"href":"https:\/\/prestige-e.com\/fr\/wp-json\/wp\/v2\/product\/37590","targetHints":{"allow":["GET"]}}],"collection":[{"href":"https:\/\/prestige-e.com\/fr\/wp-json\/wp\/v2\/product"}],"about":[{"href":"https:\/\/prestige-e.com\/fr\/wp-json\/wp\/v2\/types\/product"}],"replies":[{"embeddable":true,"href":"https:\/\/prestige-e.com\/fr\/wp-json\/wp\/v2\/comments?post=37590"}],"wp:featuredmedia":[{"embeddable":true,"href":"https:\/\/prestige-e.com\/fr\/wp-json\/wp\/v2\/media\/37598"}],"wp:attachment":[{"href":"https:\/\/prestige-e.com\/fr\/wp-json\/wp\/v2\/media?parent=37590"}],"wp:term":[{"taxonomy":"product_brand","embeddable":true,"href":"https:\/\/prestige-e.com\/fr\/wp-json\/wp\/v2\/product_brand?post=37590"},{"taxonomy":"product_cat","embeddable":true,"href":"https:\/\/prestige-e.com\/fr\/wp-json\/wp\/v2\/product_cat?post=37590"},{"taxonomy":"product_tag","embeddable":true,"href":"https:\/\/prestige-e.com\/fr\/wp-json\/wp\/v2\/product_tag?post=37590"}],"curies":[{"name":"wp","href":"https:\/\/api.w.org\/{rel}","templated":true}]}}