{"id":37589,"date":"2021-05-13T07:51:59","date_gmt":"2021-05-13T05:51:59","guid":{"rendered":"https:\/\/prestige-e.com\/product\/livre-de-voyage-arctique\/"},"modified":"2025-11-27T13:27:18","modified_gmt":"2025-11-27T12:27:18","slug":"livre-de-voyage-arctique","status":"publish","type":"product","link":"https:\/\/prestige-e.com\/fr\/produit\/livre-de-voyage-arctique\/","title":{"rendered":"Livre de voyage arctique"},"content":{"rendered":"","protected":false},"excerpt":{"rendered":"<div class=\"lv-product-features\">\n<div class=\"lv-expandable-panel -minimal-height\">\n<div id=\"read-more\" class=\"lv-expandable-panel__content\" aria-hidden=\"false\">\n<div class=\"lv-product-features\">\n<div class=\"lv-expandable-panel -minimal-height\">\n<div id=\"read-more\" class=\"lv-expandable-panel__content\" aria-hidden=\"false\">\n<div class=\"lv-product-features\">\n<div class=\"lv-expandable-panel -minimal-height\">\n<div id=\"read-more\" class=\"lv-expandable-panel__content\" aria-hidden=\"false\">\n<div class=\"lv-product-features\">\n<div class=\"lv-expandable-panel -minimal-height\">\n<div id=\"read-more\" class=\"lv-expandable-panel__content\" aria-hidden=\"false\">\n<div class=\"lv-expandable-panel -minimal-height\">\n<div id=\"read-more\" class=\"lv-expandable-panel__content\" aria-hidden=\"false\">\n<div class=\"lv-product-description\">\n<div class=\"lv-expandable-panel -minimal-height\">\n<div id=\"read-more\" class=\"lv-expandable-panel__content\" aria-hidden=\"false\">\n<div class=\"lv-expandable-panel -minimal-height\">\n<div id=\"read-more\" class=\"lv-expandable-panel__content\" aria-hidden=\"false\">\n<div class=\"lv-expandable-panel -minimal-height\">\n<div id=\"read-more\" class=\"lv-expandable-panel__content\" aria-hidden=\"false\">\n<p>Pour la collection \u00ab Louis Vuitton Travel Book \u00bb, de jeunes artistes comme des cr\u00e9ateurs confirm\u00e9s explorent de nouvelles destinations afin d\u2019offrir une vision contemporaine du voyage. Ici, l\u2019artiste irlandais Blaise Drummond pr\u00e9sente une vision d\u00e9licate et fascinante de l\u2019Arctique. Les peintures de Blaise Drummond t\u00e9moignent d\u2019un d\u00e9sir d\u2019\u00e9tat de gr\u00e2ce. Sous son pinceau, cet \u00e9quilibre fragile se transforme en des \u0153uvres \u00e9mouvantes, \u00e9l\u00e9gantes et profondes, distingu\u00e9es par leur beaut\u00e9 a\u00e9rienne et po\u00e9tique.<\/p>\n<p><strong>Dimensions : 28 \u00d7 19 cm<\/strong><\/p>\n<\/div>\n<\/div>\n<\/div>\n<\/div>\n<\/div>\n<\/div>\n<\/div>\n<\/div>\n<\/div>\n<\/div>\n<\/div>\n<\/div>\n<\/div>\n<\/div>\n<\/div>\n<\/div>\n<\/div>\n<\/div>\n<\/div>\n<\/div>\n<\/div>\n<p>&nbsp;<\/p>\n<p><strong>Si vous \u00eates int\u00e9ress\u00e9 par d&rsquo;autres produits Louis Vuitton, n&rsquo;h\u00e9sitez pas \u00e0 nous le faire savoir.<\/strong><\/p>\n","protected":false},"featured_media":37593,"comment_status":"closed","ping_status":"closed","template":"","meta":{"inline_featured_image":false},"product_brand":[],"product_cat":[194,186],"product_tag":[],"class_list":{"0":"post-37589","1":"product","2":"type-product","3":"status-publish","4":"has-post-thumbnail","6":"product_cat-carnet-de-voyage","7":"product_cat-louis-vuitton","9":"first","10":"instock","11":"shipping-taxable","12":"purchasable","13":"product-type-simple"},"aioseo_notices":[],"_links":{"self":[{"href":"https:\/\/prestige-e.com\/fr\/wp-json\/wp\/v2\/product\/37589","targetHints":{"allow":["GET"]}}],"collection":[{"href":"https:\/\/prestige-e.com\/fr\/wp-json\/wp\/v2\/product"}],"about":[{"href":"https:\/\/prestige-e.com\/fr\/wp-json\/wp\/v2\/types\/product"}],"replies":[{"embeddable":true,"href":"https:\/\/prestige-e.com\/fr\/wp-json\/wp\/v2\/comments?post=37589"}],"wp:featuredmedia":[{"embeddable":true,"href":"https:\/\/prestige-e.com\/fr\/wp-json\/wp\/v2\/media\/37593"}],"wp:attachment":[{"href":"https:\/\/prestige-e.com\/fr\/wp-json\/wp\/v2\/media?parent=37589"}],"wp:term":[{"taxonomy":"product_brand","embeddable":true,"href":"https:\/\/prestige-e.com\/fr\/wp-json\/wp\/v2\/product_brand?post=37589"},{"taxonomy":"product_cat","embeddable":true,"href":"https:\/\/prestige-e.com\/fr\/wp-json\/wp\/v2\/product_cat?post=37589"},{"taxonomy":"product_tag","embeddable":true,"href":"https:\/\/prestige-e.com\/fr\/wp-json\/wp\/v2\/product_tag?post=37589"}],"curies":[{"name":"wp","href":"https:\/\/api.w.org\/{rel}","templated":true}]}}