{"id":37584,"date":"2021-05-12T12:54:33","date_gmt":"2021-05-12T10:54:33","guid":{"rendered":"https:\/\/prestige-e.com\/product\/fashion-eye-new-york\/"},"modified":"2025-11-27T13:27:21","modified_gmt":"2025-11-27T12:27:21","slug":"fashion-eye-new-york","status":"publish","type":"product","link":"https:\/\/prestige-e.com\/fr\/produit\/fashion-eye-new-york\/","title":{"rendered":"Fashion Eye New York"},"content":{"rendered":"","protected":false},"excerpt":{"rendered":"<div class=\"lv-product-features\">\n<div class=\"lv-expandable-panel -minimal-height\">\n<div id=\"read-more\" class=\"lv-expandable-panel__content\" aria-hidden=\"false\">\n<div class=\"lv-product-features\">\n<div class=\"lv-expandable-panel -minimal-height\">\n<div id=\"read-more\" class=\"lv-expandable-panel__content\" aria-hidden=\"false\">\n<div class=\"lv-product-features\">\n<div class=\"lv-expandable-panel -minimal-height\">\n<div id=\"read-more\" class=\"lv-expandable-panel__content\" aria-hidden=\"false\">Dans Fashion Eye New York, la styliste devenue photographe Katie Burnett tend un miroir d\u00e9formant \u00e0 Manhattan, livrant ainsi un portrait tendre et ludique de la ville. Sans cesse immortalis\u00e9e par les plus grands noms de la photographie, New York incarne ce que Burnett appelle \u00ab la r\u00e9compense ultime \u00bb, une promesse sans cesse renouvel\u00e9e. Les traits distinctifs de la ville deviennent des points de rep\u00e8re dans ses collages en noir et blanc, conf\u00e9rant \u00e0 cet \u00ab \u00e9nigmatique puzzle \u00bb une atmosph\u00e8re \u00e0 la fois charmante et \u00e9trange. Qu\u2019il s\u2019agisse du m\u00e9tro, des gratte-ciels, de la fum\u00e9e ou de la Statue de la Libert\u00e9, tous les st\u00e9r\u00e9otypes new-yorkais y sont convoqu\u00e9s. Par son cadrage curieux, Burnett recherche la po\u00e9sie dans la g\u00e9om\u00e9trie et la beaut\u00e9 dans le chaos des lignes. De cette mani\u00e8re, se dessine un portrait intrigant de Gotham, saisissant le pouls d\u2019une ville empreinte de contrastes.<\/div>\n<div aria-hidden=\"false\">\n<p>Photographies exclusives : Katie Burnett<\/p>\n<p>Direction \u00e9ditoriale : Patrick Remy<\/p>\n<p><strong>Dimensions : 23,5 \u00d7 30,5 cm<\/strong><\/p>\n<\/div>\n<\/div>\n<\/div>\n<\/div>\n<\/div>\n<\/div>\n<\/div>\n<\/div>\n<\/div>\n<p>&nbsp;<\/p>\n<p><strong>Si vous \u00eates int\u00e9ress\u00e9 par d&rsquo;autres produits de Louis Vuitton, veuillez nous en informer.<\/strong><\/p>\n","protected":false},"featured_media":37585,"comment_status":"closed","ping_status":"closed","template":"","meta":{"inline_featured_image":false},"product_brand":[],"product_cat":[191,186],"product_tag":[],"class_list":{"0":"post-37584","1":"product","2":"type-product","3":"status-publish","4":"has-post-thumbnail","6":"product_cat-fashion-eye","7":"product_cat-louis-vuitton","9":"first","10":"instock","11":"shipping-taxable","12":"purchasable","13":"product-type-simple"},"aioseo_notices":[],"_links":{"self":[{"href":"https:\/\/prestige-e.com\/fr\/wp-json\/wp\/v2\/product\/37584","targetHints":{"allow":["GET"]}}],"collection":[{"href":"https:\/\/prestige-e.com\/fr\/wp-json\/wp\/v2\/product"}],"about":[{"href":"https:\/\/prestige-e.com\/fr\/wp-json\/wp\/v2\/types\/product"}],"replies":[{"embeddable":true,"href":"https:\/\/prestige-e.com\/fr\/wp-json\/wp\/v2\/comments?post=37584"}],"wp:featuredmedia":[{"embeddable":true,"href":"https:\/\/prestige-e.com\/fr\/wp-json\/wp\/v2\/media\/37585"}],"wp:attachment":[{"href":"https:\/\/prestige-e.com\/fr\/wp-json\/wp\/v2\/media?parent=37584"}],"wp:term":[{"taxonomy":"product_brand","embeddable":true,"href":"https:\/\/prestige-e.com\/fr\/wp-json\/wp\/v2\/product_brand?post=37584"},{"taxonomy":"product_cat","embeddable":true,"href":"https:\/\/prestige-e.com\/fr\/wp-json\/wp\/v2\/product_cat?post=37584"},{"taxonomy":"product_tag","embeddable":true,"href":"https:\/\/prestige-e.com\/fr\/wp-json\/wp\/v2\/product_tag?post=37584"}],"curies":[{"name":"wp","href":"https:\/\/api.w.org\/{rel}","templated":true}]}}