{"id":37568,"date":"2021-05-12T14:10:14","date_gmt":"2021-05-12T12:10:14","guid":{"rendered":"https:\/\/prestige-e.com\/product\/orient-express-fashion-eye\/"},"modified":"2025-11-27T13:27:21","modified_gmt":"2025-11-27T12:27:21","slug":"orient-express-fashion-eye","status":"publish","type":"product","link":"https:\/\/prestige-e.com\/fr\/produit\/orient-express-fashion-eye\/","title":{"rendered":"Orient Express Fashion Eye"},"content":{"rendered":"","protected":false},"excerpt":{"rendered":"<div class=\"lv-product-features\">\n<div class=\"lv-expandable-panel -minimal-height\">\n<div id=\"read-more\" class=\"lv-expandable-panel__content\" aria-hidden=\"false\">\n<div class=\"lv-product-features\">\n<div class=\"lv-expandable-panel -minimal-height\">\n<div id=\"read-more\" class=\"lv-expandable-panel__content\" aria-hidden=\"false\">\n<div class=\"lv-product-features\">\n<div class=\"lv-expandable-panel -minimal-height\">\n<div id=\"read-more\" class=\"lv-expandable-panel__content\" aria-hidden=\"false\">\n<div class=\"lv-product-features\">\n<div class=\"lv-expandable-panel -minimal-height\">\n<div id=\"read-more\" class=\"lv-expandable-panel__content\" aria-hidden=\"false\">\n<div>\n<p>Pour la collection Louis Vuitton Fashion Eye, la photographe fran\u00e7aise Sarah Moon embarque \u00e0 bord de l&rsquo;Orient Express de Paris \u00e0 Istanbul. Ses images monochromes et oniriques capturent le romantisme de ce voyage l\u00e9gendaire. Install\u00e9e dans une voiture-salon, dont le d\u00e9cor lambriss\u00e9 recr\u00e9e le luxe d&rsquo;antan, Suzanne, le mod\u00e8le et h\u00e9ro\u00efne de la photographe, appara\u00eet comme hors du temps. De nombreuses histoires sont sugg\u00e9r\u00e9es ; aucune n&rsquo;est racont\u00e9e.<\/p>\n<p>Photographies : Sarah Moon<\/p>\n<p>\u00c9dition : Sarah Moon<\/p>\n<p><strong>Dimensions : 23,6 \u00d7 30,5 cm<\/strong><\/p>\n<\/div>\n<\/div>\n<\/div>\n<\/div>\n<\/div>\n<\/div>\n<\/div>\n<\/div>\n<\/div>\n<\/div>\n<\/div>\n<\/div>\n<\/div>\n<p>&nbsp;<\/p>\n<p><strong>Si vous \u00eates int\u00e9ress\u00e9 par d&rsquo;autres produits de Louis Vuitton, veuillez nous en informer.<\/strong><\/p>\n","protected":false},"featured_media":37571,"comment_status":"closed","ping_status":"closed","template":"","meta":{"inline_featured_image":false},"product_brand":[],"product_cat":[191,186],"product_tag":[],"class_list":{"0":"post-37568","1":"product","2":"type-product","3":"status-publish","4":"has-post-thumbnail","6":"product_cat-fashion-eye","7":"product_cat-louis-vuitton","9":"first","10":"instock","11":"shipping-taxable","12":"purchasable","13":"product-type-simple"},"aioseo_notices":[],"_links":{"self":[{"href":"https:\/\/prestige-e.com\/fr\/wp-json\/wp\/v2\/product\/37568","targetHints":{"allow":["GET"]}}],"collection":[{"href":"https:\/\/prestige-e.com\/fr\/wp-json\/wp\/v2\/product"}],"about":[{"href":"https:\/\/prestige-e.com\/fr\/wp-json\/wp\/v2\/types\/product"}],"replies":[{"embeddable":true,"href":"https:\/\/prestige-e.com\/fr\/wp-json\/wp\/v2\/comments?post=37568"}],"wp:featuredmedia":[{"embeddable":true,"href":"https:\/\/prestige-e.com\/fr\/wp-json\/wp\/v2\/media\/37571"}],"wp:attachment":[{"href":"https:\/\/prestige-e.com\/fr\/wp-json\/wp\/v2\/media?parent=37568"}],"wp:term":[{"taxonomy":"product_brand","embeddable":true,"href":"https:\/\/prestige-e.com\/fr\/wp-json\/wp\/v2\/product_brand?post=37568"},{"taxonomy":"product_cat","embeddable":true,"href":"https:\/\/prestige-e.com\/fr\/wp-json\/wp\/v2\/product_cat?post=37568"},{"taxonomy":"product_tag","embeddable":true,"href":"https:\/\/prestige-e.com\/fr\/wp-json\/wp\/v2\/product_tag?post=37568"}],"curies":[{"name":"wp","href":"https:\/\/api.w.org\/{rel}","templated":true}]}}