{"id":37561,"date":"2021-05-12T10:23:36","date_gmt":"2021-05-12T08:23:36","guid":{"rendered":"https:\/\/prestige-e.com\/product\/guide-de-milan\/"},"modified":"2025-11-27T13:27:22","modified_gmt":"2025-11-27T12:27:22","slug":"guide-de-milan","status":"publish","type":"product","link":"https:\/\/prestige-e.com\/fr\/produit\/guide-de-milan\/","title":{"rendered":"Guide de Milan"},"content":{"rendered":"","protected":false},"excerpt":{"rendered":"<div class=\"lv-product-features\">\n<div class=\"lv-expandable-panel -minimal-height\">\n<div id=\"read-more\" class=\"lv-expandable-panel__content\" aria-hidden=\"false\">\n<div class=\"lv-product-features\">\n<div class=\"lv-expandable-panel -minimal-height\">\n<div id=\"read-more\" class=\"lv-expandable-panel__content\" aria-hidden=\"false\">\n<div class=\"lv-product-features\">\n<div class=\"lv-expandable-panel -minimal-height\">\n<div id=\"read-more\" class=\"lv-expandable-panel__content\" aria-hidden=\"false\">\n<p>Depuis 1998, les City Guides Louis Vuitton se sont impos\u00e9s comme les compagnons de voyage par excellence, donnant vie aux villes les plus fascinantes du monde pour les voyageurs d\u2019affaires comme pour les amateurs de loisirs. Pour capturer l\u2019esprit de chaque ville, Louis Vuitton fait appel \u00e0 des journalistes, \u00e9crivains et grandes figures du monde de l\u2019art et des lettres, dont les contributions \u2013 aux c\u00f4t\u00e9s de celles d\u2019artistes, d\u2019entrepreneurs et de talents cr\u00e9atifs venus de divers horizons \u2013 font de chaque City Guide une publication unique en son genre. Des h\u00f4tels cinq \u00e9toiles aux boutiques conceptuelles, des restaurants gastronomiques aux bistrots de quartier, des antiquaires aux cr\u00e9ateurs de mode, des mus\u00e9es aux monuments embl\u00e9matiques, chaque City Guide Louis Vuitton est une v\u00e9ritable mine d\u2019informations pr\u00e9cieuses, r\u00e9v\u00e9lant les multiples plaisirs qu\u2019une ville peut offrir. Chaque guide pr\u00e9sente \u00e9galement un invit\u00e9 sp\u00e9cial, qui entra\u00eene le lecteur dans une exploration personnelle de sa ville, partageant au fil des pages ses adresses et lieux pr\u00e9f\u00e9r\u00e9s. Le City Guide Milan comprend une contribution sp\u00e9ciale de Giovanni Gastel et des photographies exclusives de Alain Willaume, collective Tendance Floue.<\/p>\n<p>Invit\u00e9e sp\u00e9ciale : Giovanni Gastel<\/p>\n<p>Auteurs : Donatella Brun, Pierre L\u00e9onforte, Isabelle Valembras-Dahirel<\/p>\n<p>Photographies exclusives : Alain Willaume, collective Tendance Floue<\/p>\n<p><strong>Dimensions : 13,7 x 21,1 cm<\/strong><\/p>\n<\/div>\n<\/div>\n<\/div>\n<\/div>\n<\/div>\n<\/div>\n<\/div>\n<\/div>\n<\/div>\n<p><strong><br \/>\nSi vous \u00eates int\u00e9ress\u00e9 par d&rsquo;autres produits de Louis Vuitton, veuillez nous en informer.<\/strong><\/p>\n","protected":false},"featured_media":37564,"comment_status":"closed","ping_status":"closed","template":"","meta":{"inline_featured_image":false},"product_brand":[],"product_cat":[187,186],"product_tag":[],"class_list":{"0":"post-37561","1":"product","2":"type-product","3":"status-publish","4":"has-post-thumbnail","6":"product_cat-guide-de-ville","7":"product_cat-louis-vuitton","9":"first","10":"instock","11":"shipping-taxable","12":"purchasable","13":"product-type-simple"},"aioseo_notices":[],"_links":{"self":[{"href":"https:\/\/prestige-e.com\/fr\/wp-json\/wp\/v2\/product\/37561","targetHints":{"allow":["GET"]}}],"collection":[{"href":"https:\/\/prestige-e.com\/fr\/wp-json\/wp\/v2\/product"}],"about":[{"href":"https:\/\/prestige-e.com\/fr\/wp-json\/wp\/v2\/types\/product"}],"replies":[{"embeddable":true,"href":"https:\/\/prestige-e.com\/fr\/wp-json\/wp\/v2\/comments?post=37561"}],"wp:featuredmedia":[{"embeddable":true,"href":"https:\/\/prestige-e.com\/fr\/wp-json\/wp\/v2\/media\/37564"}],"wp:attachment":[{"href":"https:\/\/prestige-e.com\/fr\/wp-json\/wp\/v2\/media?parent=37561"}],"wp:term":[{"taxonomy":"product_brand","embeddable":true,"href":"https:\/\/prestige-e.com\/fr\/wp-json\/wp\/v2\/product_brand?post=37561"},{"taxonomy":"product_cat","embeddable":true,"href":"https:\/\/prestige-e.com\/fr\/wp-json\/wp\/v2\/product_cat?post=37561"},{"taxonomy":"product_tag","embeddable":true,"href":"https:\/\/prestige-e.com\/fr\/wp-json\/wp\/v2\/product_tag?post=37561"}],"curies":[{"name":"wp","href":"https:\/\/api.w.org\/{rel}","templated":true}]}}