{"id":37550,"date":"2021-05-12T08:56:50","date_gmt":"2021-05-12T06:56:50","guid":{"rendered":"https:\/\/prestige-e.com\/product\/fashion-eye-inde\/"},"modified":"2025-11-27T13:27:23","modified_gmt":"2025-11-27T12:27:23","slug":"fashion-eye-inde","status":"publish","type":"product","link":"https:\/\/prestige-e.com\/fr\/produit\/fashion-eye-inde\/","title":{"rendered":"Fashion Eye Inde"},"content":{"rendered":"","protected":false},"excerpt":{"rendered":"<div class=\"lv-product-features\">\n<div class=\"lv-expandable-panel -minimal-height\">\n<div id=\"read-more\" class=\"lv-expandable-panel__content\" aria-hidden=\"false\">\n<div>\n<div class=\"lv-product-features\">\n<div class=\"lv-expandable-panel -minimal-height\">\n<div id=\"read-more\" class=\"lv-expandable-panel__content\" aria-hidden=\"false\">\n<div>\n<div class=\"lv-product-features\">\n<div class=\"lv-expandable-panel -minimal-height\">\n<div id=\"read-more\" class=\"lv-expandable-panel__content\" aria-hidden=\"false\">\n<div>\n<p>La collection \u00ab\u00a0Louis Vuitton Fashion Eye\u00a0\u00bb \u00e9voque une ville, une r\u00e9gion ou un pays \u00e0 travers le regard d\u2019un photographe de mode. \u00ab\u00a0Fashion Eye\u00a0\u00bb \u00e9tablit un dialogue entre les talents \u00e9mergents, les photographes chevronn\u00e9s et les l\u00e9gendes de la photographie de mode. Ce volume offre une vision exotique de l\u2019Inde et de la mode des ann\u00e9es soixante \u00e0 travers les clich\u00e9s d\u2019Henry Clarke pour le Vogue am\u00e9ricain. Clarke a su combiner avec succ\u00e8s l\u2019\u00e9l\u00e9gance sculpturale de la photographie de mode du d\u00e9but du XXe\u00a0si\u00e8cle avec les visions exub\u00e9rantes adopt\u00e9es par la mode internationale dans les ann\u00e9es d\u2019apr\u00e8s-guerre.<\/p>\n<\/div>\n<\/div>\n<\/div>\n<\/div>\n<\/div>\n<\/div>\n<\/div>\n<\/div>\n<\/div>\n<\/div>\n<\/div>\n<\/div>\n<p>Photographies : Henry Clarke<\/p>\n<p><strong>Dimensions : 23,6 \u00d7 30,5 cm<\/strong><\/p>\n<p>&nbsp;<\/p>\n<p><strong>Si vous \u00eates int\u00e9ress\u00e9 par d&rsquo;autres produits Louis Vuitton, n&rsquo;h\u00e9sitez pas \u00e0 nous le faire savoir.<\/strong><\/p>\n<p><strong>Quantit\u00e9 minimale de commande requise pour ce produit\u00a0:<\/strong><\/p>\n","protected":false},"featured_media":37554,"comment_status":"closed","ping_status":"closed","template":"","meta":{"inline_featured_image":false},"product_brand":[],"product_cat":[191,186],"product_tag":[],"class_list":{"0":"post-37550","1":"product","2":"type-product","3":"status-publish","4":"has-post-thumbnail","6":"product_cat-fashion-eye","7":"product_cat-louis-vuitton","9":"first","10":"instock","11":"shipping-taxable","12":"purchasable","13":"product-type-simple"},"aioseo_notices":[],"_links":{"self":[{"href":"https:\/\/prestige-e.com\/fr\/wp-json\/wp\/v2\/product\/37550","targetHints":{"allow":["GET"]}}],"collection":[{"href":"https:\/\/prestige-e.com\/fr\/wp-json\/wp\/v2\/product"}],"about":[{"href":"https:\/\/prestige-e.com\/fr\/wp-json\/wp\/v2\/types\/product"}],"replies":[{"embeddable":true,"href":"https:\/\/prestige-e.com\/fr\/wp-json\/wp\/v2\/comments?post=37550"}],"wp:featuredmedia":[{"embeddable":true,"href":"https:\/\/prestige-e.com\/fr\/wp-json\/wp\/v2\/media\/37554"}],"wp:attachment":[{"href":"https:\/\/prestige-e.com\/fr\/wp-json\/wp\/v2\/media?parent=37550"}],"wp:term":[{"taxonomy":"product_brand","embeddable":true,"href":"https:\/\/prestige-e.com\/fr\/wp-json\/wp\/v2\/product_brand?post=37550"},{"taxonomy":"product_cat","embeddable":true,"href":"https:\/\/prestige-e.com\/fr\/wp-json\/wp\/v2\/product_cat?post=37550"},{"taxonomy":"product_tag","embeddable":true,"href":"https:\/\/prestige-e.com\/fr\/wp-json\/wp\/v2\/product_tag?post=37550"}],"curies":[{"name":"wp","href":"https:\/\/api.w.org\/{rel}","templated":true}]}}