{"id":37528,"date":"2021-05-12T07:37:08","date_gmt":"2021-05-12T05:37:08","guid":{"rendered":"https:\/\/prestige-e.com\/product\/foulard-signature-sand\/"},"modified":"2025-11-27T13:27:24","modified_gmt":"2025-11-27T12:27:24","slug":"foulard-signature-sand","status":"publish","type":"product","link":"https:\/\/prestige-e.com\/fr\/produit\/foulard-signature-sand\/","title":{"rendered":"Foulard Signature Sand"},"content":{"rendered":"","protected":false},"excerpt":{"rendered":"<p>Le C majestueusement enroul\u00e9 et courb\u00e9 de Chopard se r\u00e9p\u00e8te \u00e0 l&rsquo;infini sur ce carr\u00e9 de jacquard de soie couleur sable. Un look graphique subtilement mis en valeur par l&rsquo;\u00e9clat incomparable du tissu. Simplement \u00e9l\u00e9gant.  <\/p>\n<p><strong>Dimensions : 90 x 90 cm<\/strong><\/p>\n<p><strong><br \/>\nSi vous \u00eates int\u00e9ress\u00e9 par d&rsquo;autres produits de Chopard, veuillez nous en informer.<\/strong><\/p>\n","protected":false},"featured_media":37529,"comment_status":"closed","ping_status":"closed","template":"","meta":{"inline_featured_image":false},"product_brand":[],"product_cat":[176,198],"product_tag":[],"class_list":{"0":"post-37528","1":"product","2":"type-product","3":"status-publish","4":"has-post-thumbnail","6":"product_cat-chopard","7":"product_cat-echarpes-chopard","9":"first","10":"instock","11":"shipping-taxable","12":"purchasable","13":"product-type-simple"},"aioseo_notices":[],"_links":{"self":[{"href":"https:\/\/prestige-e.com\/fr\/wp-json\/wp\/v2\/product\/37528","targetHints":{"allow":["GET"]}}],"collection":[{"href":"https:\/\/prestige-e.com\/fr\/wp-json\/wp\/v2\/product"}],"about":[{"href":"https:\/\/prestige-e.com\/fr\/wp-json\/wp\/v2\/types\/product"}],"replies":[{"embeddable":true,"href":"https:\/\/prestige-e.com\/fr\/wp-json\/wp\/v2\/comments?post=37528"}],"wp:featuredmedia":[{"embeddable":true,"href":"https:\/\/prestige-e.com\/fr\/wp-json\/wp\/v2\/media\/37529"}],"wp:attachment":[{"href":"https:\/\/prestige-e.com\/fr\/wp-json\/wp\/v2\/media?parent=37528"}],"wp:term":[{"taxonomy":"product_brand","embeddable":true,"href":"https:\/\/prestige-e.com\/fr\/wp-json\/wp\/v2\/product_brand?post=37528"},{"taxonomy":"product_cat","embeddable":true,"href":"https:\/\/prestige-e.com\/fr\/wp-json\/wp\/v2\/product_cat?post=37528"},{"taxonomy":"product_tag","embeddable":true,"href":"https:\/\/prestige-e.com\/fr\/wp-json\/wp\/v2\/product_tag?post=37528"}],"curies":[{"name":"wp","href":"https:\/\/api.w.org\/{rel}","templated":true}]}}